{"id":1094,"date":"2020-09-05T22:48:26","date_gmt":"2020-09-05T20:48:26","guid":{"rendered":"http:\/\/gruene-ov-stuttgart.de\/bad-cannstatt\/?page_id=1094"},"modified":"2025-10-07T21:27:56","modified_gmt":"2025-10-07T19:27:56","slug":"wer-wir-sind","status":"publish","type":"page","link":"https:\/\/gruene-ov-stuttgart.de\/bad-cannstatt\/wer-wir-sind\/","title":{"rendered":"Wer wir sind"},"content":{"rendered":"\n<p>Wir sind gr\u00fcn, wir sind ein Spiegelbild der Gesellschaft und wir sind viele.  Hier stellen wir einige mit ihrer Arbeit vor, die Bad Cannstatt jeden Tag ein bisschen gr\u00fcner macht.<\/p>\n\n\n\n<h2 class=\"wp-block-heading\">Die Vorsitzenden<\/h2>\n\n\n\n<p>Auch eine basisdemokratische Partei funktioniert einfach besser, wenn f\u00fcr Verfahren, Abstimmungen und die Organisation jemand gew\u00e4hlt ist. In Bad Cannstatt moderieren, planen und steuern Meike Reisle, Julia Wagner und Benjamin Hechler die Arbeit des gr\u00fcnen Ortsverbandes gemeinsam.<\/p>\n\n\n\n<p><a href=\"https:\/\/gruene-ov-stuttgart.de\/bad-cannstatt\/2023\/11\/19\/gruene-in-bad-cannstatt-erweitern-vorstandsteam\/\" data-type=\"link\" data-id=\"https:\/\/gruene-ov-stuttgart.de\/bad-cannstatt\/2023\/11\/19\/gruene-in-bad-cannstatt-erweitern-vorstandsteam\/\">Zur Pressemitteilung zur Wahl 2023<\/a><\/p>\n\n\n<div class=\"wp-block-image\">\n<figure class=\"aligncenter size-large is-resized\"><img loading=\"lazy\" decoding=\"async\" width=\"1655\" height=\"1241\" src=\"https:\/\/gruene-ov-stuttgart.de\/bad-cannstatt\/wp-content\/uploads\/2023\/12\/Sprecher-Team-Gruene.-Bad-Cannstatt-edited.jpg\" alt=\"\" class=\"wp-image-1243\" style=\"width:460px;height:auto\" srcset=\"https:\/\/gruene-ov-stuttgart.de\/bad-cannstatt\/wp-content\/uploads\/2023\/12\/Sprecher-Team-Gruene.-Bad-Cannstatt-edited.jpg 1655w, https:\/\/gruene-ov-stuttgart.de\/bad-cannstatt\/wp-content\/uploads\/2023\/12\/Sprecher-Team-Gruene.-Bad-Cannstatt-edited-400x300.jpg 400w, https:\/\/gruene-ov-stuttgart.de\/bad-cannstatt\/wp-content\/uploads\/2023\/12\/Sprecher-Team-Gruene.-Bad-Cannstatt-edited-800x600.jpg 800w, https:\/\/gruene-ov-stuttgart.de\/bad-cannstatt\/wp-content\/uploads\/2023\/12\/Sprecher-Team-Gruene.-Bad-Cannstatt-edited-768x576.jpg 768w, https:\/\/gruene-ov-stuttgart.de\/bad-cannstatt\/wp-content\/uploads\/2023\/12\/Sprecher-Team-Gruene.-Bad-Cannstatt-edited-1536x1152.jpg 1536w, https:\/\/gruene-ov-stuttgart.de\/bad-cannstatt\/wp-content\/uploads\/2023\/12\/Sprecher-Team-Gruene.-Bad-Cannstatt-edited-150x112.jpg 150w\" sizes=\"(max-width: 1655px) 100vw, 1655px\" \/><\/figure><\/div>\n\n\n<p class=\"has-text-align-left\">Meike Reisle, Julia Wagner und Benjamin Hechler<\/p>\n\n\n\n<h2 class=\"wp-block-heading\">Die Fraktion im Bezirksbeirat <\/h2>\n\n\n\n<p>Im Bezirksbeirat des mit \u00fcber 70.000 Einwohner*innen gr\u00f6\u00dften Stadtbezirks in Stuttgart stellen die Gr\u00fcnen mit 5 Beir\u00e4t*innen und ebenso vielen Stellvertreter*innen die gr\u00f6\u00dfte Fraktion. Mit ihren Antr\u00e4gen bringen sie mehr Gr\u00fcn nach Bad Cannstatt, machen den Stadtteil fahrradfreundlicher und haben immer ein offenes Ohr f\u00fcr die Anliegen der B\u00fcrger*innen. Sie alle leben in Bad Cannstatt, einige arbeiten auch im Stadtbezirk. Die Fraktion wird nun von Sprecher Eberhard Wachter geleitet. Unterst\u00fctzung erhalten sie von den weiteren ordentlichen Mitgliedern Dr. Julia Wagner, Petra-Nicole Schmid und Thomas Baur. Ein ordentlicher Platz und die Sprecherinnen-Funktion sind wegen des Nachr\u00fcckens von Andrea M\u00fcnch in den Stadtrat aktuell unbesetzt. Als Stellvertreterinnen und Stellvertreter unterst\u00fctzen Beatrix Fran\u00dfen, Waltraud Stehr, Caroline Heller, Daniel Hesterberg und Serkan Akq\u00fcl die Arbeit der Fraktion.<\/p>\n\n\n\n<figure class=\"wp-block-image size-large is-resized\"><img loading=\"lazy\" decoding=\"async\" width=\"800\" height=\"600\" src=\"https:\/\/gruene-ov-stuttgart.de\/bad-cannstatt\/wp-content\/uploads\/2025\/01\/24-07-08-21-01-53-3507-1-800x600.jpg\" alt=\"\" class=\"wp-image-1408\" style=\"width:700px\" srcset=\"https:\/\/gruene-ov-stuttgart.de\/bad-cannstatt\/wp-content\/uploads\/2025\/01\/24-07-08-21-01-53-3507-1-800x600.jpg 800w, https:\/\/gruene-ov-stuttgart.de\/bad-cannstatt\/wp-content\/uploads\/2025\/01\/24-07-08-21-01-53-3507-1-400x300.jpg 400w, https:\/\/gruene-ov-stuttgart.de\/bad-cannstatt\/wp-content\/uploads\/2025\/01\/24-07-08-21-01-53-3507-1-768x576.jpg 768w, https:\/\/gruene-ov-stuttgart.de\/bad-cannstatt\/wp-content\/uploads\/2025\/01\/24-07-08-21-01-53-3507-1-1536x1152.jpg 1536w, https:\/\/gruene-ov-stuttgart.de\/bad-cannstatt\/wp-content\/uploads\/2025\/01\/24-07-08-21-01-53-3507-1-2048x1536.jpg 2048w, https:\/\/gruene-ov-stuttgart.de\/bad-cannstatt\/wp-content\/uploads\/2025\/01\/24-07-08-21-01-53-3507-1-150x113.jpg 150w\" sizes=\"(max-width: 800px) 100vw, 800px\" \/><\/figure>\n\n\n\n<p>Von links nach rechts: Waltraud Stehr, Daniel Hesterberg, Thomas Baur, Beatrix Fran\u00dfen, Dr. Julia Wagner, Andrea M\u00fcnch (in den Stadtrat nachger\u00fcckt und deshalb nicht mehr im Bezirksbeirat), Serkan Akg\u00fcl, Eberhard Wachter. Nicht auf dem Foto: Petra-Nicole Schmid<\/p>\n\n\n\n<p><a href=\"https:\/\/www.stuttgart.de\/vv\/gremium\/bezirksbeirat-bad-cannstatt.php\" target=\"_blank\" rel=\"noreferrer noopener\">Kontakt<\/a><\/p>\n ","protected":false},"excerpt":{"rendered":"<p>Wir sind gr\u00fcn, wir sind ein Spiegelbild der Gesellschaft und wir sind viele. Hier stellen wir einige mit ihrer Arbeit vor, die Bad Cannstatt jeden Tag ein bisschen gr\u00fcner macht&#8230;. <\/p>\n","protected":false},"author":19,"featured_media":0,"parent":0,"menu_order":0,"comment_status":"closed","ping_status":"closed","template":"","meta":{"footnotes":""},"jetpack_sharing_enabled":true,"_links":{"self":[{"href":"https:\/\/gruene-ov-stuttgart.de\/bad-cannstatt\/wp-json\/wp\/v2\/pages\/1094"}],"collection":[{"href":"https:\/\/gruene-ov-stuttgart.de\/bad-cannstatt\/wp-json\/wp\/v2\/pages"}],"about":[{"href":"https:\/\/gruene-ov-stuttgart.de\/bad-cannstatt\/wp-json\/wp\/v2\/types\/page"}],"author":[{"embeddable":true,"href":"https:\/\/gruene-ov-stuttgart.de\/bad-cannstatt\/wp-json\/wp\/v2\/users\/19"}],"replies":[{"embeddable":true,"href":"https:\/\/gruene-ov-stuttgart.de\/bad-cannstatt\/wp-json\/wp\/v2\/comments?post=1094"}],"version-history":[{"count":24,"href":"https:\/\/gruene-ov-stuttgart.de\/bad-cannstatt\/wp-json\/wp\/v2\/pages\/1094\/revisions"}],"predecessor-version":[{"id":1417,"href":"https:\/\/gruene-ov-stuttgart.de\/bad-cannstatt\/wp-json\/wp\/v2\/pages\/1094\/revisions\/1417"}],"wp:attachment":[{"href":"https:\/\/gruene-ov-stuttgart.de\/bad-cannstatt\/wp-json\/wp\/v2\/media?parent=1094"}],"curies":[{"name":"wp","href":"https:\/\/api.w.org\/{rel}","templated":true}]}}