{"id":226,"date":"2015-12-26T13:33:28","date_gmt":"2015-12-26T12:33:28","guid":{"rendered":"http:\/\/gruene-ov-stuttgart.de\/bad-cannstatt\/?page_id=226"},"modified":"2017-01-15T14:39:26","modified_gmt":"2017-01-15T13:39:26","slug":"links","status":"publish","type":"page","link":"https:\/\/gruene-ov-stuttgart.de\/bad-cannstatt\/links\/","title":{"rendered":"Links"},"content":{"rendered":"<p>Gr\u00fcne Mandatstr\u00e4gerinnen und Mandatstr\u00e4ger in der Stadt, im Land, im Bund und in Europa:<\/p>\n<p style=\"padding-left: 30px;\"><strong><a href=\"http:\/\/www.lust-auf-stadt.de\">Gr\u00fcne Gemeinderatsfraktion<\/a><\/strong><\/p>\n<p style=\"padding-left: 30px;\"><strong><a href=\"https:\/\/www.gruene-landtag-bw.de\/\">Gr\u00fcne Landtagsfraktion<\/a><\/strong><\/p>\n<p style=\"padding-left: 30px;\"><strong><a href=\"http:\/\/www.gruene-bundestag.de\">Gr\u00fcne Bundestagsfraktion<\/a><\/strong><\/p>\n<p style=\"padding-left: 30px;\"><strong><a href=\"http:\/\/www.gruene-europa.de\">Gr\u00fcne Fraktion im Europarat<\/a><\/strong><\/p>\n<p>B\u00fcndnis 90\/Die Gr\u00fcnen sind in Stuttgart wie folgt organisiert:<\/p>\n<p style=\"padding-left: 30px;\"><strong><a href=\"http:\/\/gruene-stuttgart.de\/startseite\/\">Gr\u00fcner Kreisverband Stuttgart<\/a><\/strong><\/p>\n<p style=\"padding-left: 30px;\"><strong><a href=\"http:\/\/gj-stuttgart.de\">Gr\u00fcne Jugend Stuttgart<\/a><\/strong><\/p>\n<p>Wir empfehlen die folgenden Links:<\/p>\n<p style=\"padding-left: 30px;\"><strong><a href=\"http:\/\/freundeskreisneckarpark.de\">Freundeskreis der Fl\u00fcchtlingsunterkunft Neckarpark<\/a><\/strong><\/p>\n<p style=\"padding-left: 30px;\"><strong><a href=\"http:\/\/www.initiative-schoenestrasse.de\">B\u00fcrgerinitiative Sch\u00f6nestra\u00dfe<\/a><\/strong><\/p>\n ","protected":false},"excerpt":{"rendered":"<p>Gr\u00fcne Mandatstr\u00e4gerinnen und Mandatstr\u00e4ger in der Stadt, im Land, im Bund und in Europa: Gr\u00fcne Gemeinderatsfraktion Gr\u00fcne Landtagsfraktion Gr\u00fcne Bundestagsfraktion Gr\u00fcne Fraktion im Europarat B\u00fcndnis 90\/Die Gr\u00fcnen sind in Stuttgart&#8230; <\/p>\n","protected":false},"author":19,"featured_media":0,"parent":0,"menu_order":0,"comment_status":"closed","ping_status":"closed","template":"","meta":{"footnotes":""},"jetpack_sharing_enabled":true,"_links":{"self":[{"href":"https:\/\/gruene-ov-stuttgart.de\/bad-cannstatt\/wp-json\/wp\/v2\/pages\/226"}],"collection":[{"href":"https:\/\/gruene-ov-stuttgart.de\/bad-cannstatt\/wp-json\/wp\/v2\/pages"}],"about":[{"href":"https:\/\/gruene-ov-stuttgart.de\/bad-cannstatt\/wp-json\/wp\/v2\/types\/page"}],"author":[{"embeddable":true,"href":"https:\/\/gruene-ov-stuttgart.de\/bad-cannstatt\/wp-json\/wp\/v2\/users\/19"}],"replies":[{"embeddable":true,"href":"https:\/\/gruene-ov-stuttgart.de\/bad-cannstatt\/wp-json\/wp\/v2\/comments?post=226"}],"version-history":[{"count":7,"href":"https:\/\/gruene-ov-stuttgart.de\/bad-cannstatt\/wp-json\/wp\/v2\/pages\/226\/revisions"}],"predecessor-version":[{"id":551,"href":"https:\/\/gruene-ov-stuttgart.de\/bad-cannstatt\/wp-json\/wp\/v2\/pages\/226\/revisions\/551"}],"wp:attachment":[{"href":"https:\/\/gruene-ov-stuttgart.de\/bad-cannstatt\/wp-json\/wp\/v2\/media?parent=226"}],"curies":[{"name":"wp","href":"https:\/\/api.w.org\/{rel}","templated":true}]}}