{"id":568,"date":"2018-06-29T18:30:25","date_gmt":"2018-06-29T16:30:25","guid":{"rendered":"http:\/\/gruene-ov-stuttgart.de\/bad-cannstatt\/?page_id=568"},"modified":"2018-06-29T18:45:33","modified_gmt":"2018-06-29T16:45:33","slug":"datenschutz","status":"publish","type":"page","link":"https:\/\/gruene-ov-stuttgart.de\/bad-cannstatt\/datenschutz\/","title":{"rendered":"Datenschutzerkl\u00e4rung"},"content":{"rendered":"<p style=\"margin: 0px 0px 1.2em; padding: 0px; border: 0px; outline: 0px; vertical-align: baseline; line-height: 1.5em;\"><span style=\"margin: 0px; padding: 0px; border: 0px; outline: 0px; font-style: inherit; font-family: inherit; vertical-align: baseline;\">Wir nehmen den Schutz Ihrer pers\u00f6nlichen Daten sehr ernst. Wir behandeln Ihre personenbezogenen Daten vertraulich und entsprechend der gesetzlichen Datenschutzvorschriften sowie dieser Datenschutzerkl\u00e4rung. Die Nutzung unserer Website ist in der Regel ohne Angabe personenbezogener Daten m\u00f6glich. Soweit auf unseren Seiten personenbezogene Daten (beispielsweise Name oder E-Mail-Adressen) erhoben werden, erfolgt dies, soweit m\u00f6glich, stets auf freiwilliger Basis. Diese Daten werden ohne Ihre ausdr\u00fcckliche Zustimmung nicht an Dritte weitergegeben. Wir weisen darauf hin, dass die Daten\u00fcbertragung im Internet (z.B. bei der Kommunikation per E-Mail) Sicherheitsl\u00fccken aufweisen kann. Ein l\u00fcckenloser Schutz der Daten vor dem Zugriff durch Dritte ist nicht m\u00f6glich.<\/span><\/p>\n<p style=\"margin: 0px 0px 1.2em; padding: 0px; border: 0px; outline: 0px; vertical-align: baseline; line-height: 1.5em;\"><strong><span style=\"font-family: 'PT Sans Bold', Trebuchet, 'Helvetica Neue', Helvetica, Arial, Verdana, sans-serif;\">Verantwortlicher<\/span><\/strong><span style=\"margin: 0px; padding: 0px; border: 0px; outline: 0px; font-style: inherit; font-family: inherit; vertical-align: baseline;\"><br \/>\n<\/span><\/p>\n<p>B\u00fcndnis 90\/Die Gr\u00fcnen\u00a0OV Bad Cannstatt<br \/>\nDietrich Haaf<br \/>\nHagelschie\u00df 9<br \/>\n70372 Stuttgart<\/p>\n<p style=\"margin: 0px 0px 1.2em; padding: 0px; border: 0px; outline: 0px; vertical-align: baseline; line-height: 1.5em;\"><strong><span style=\"font-family: 'PT Sans Bold', Trebuchet, 'Helvetica Neue', Helvetica, Arial, Verdana, sans-serif;\">Pers\u00f6nliche Daten<\/span><\/strong><span style=\"margin: 0px; padding: 0px; border: 0px; outline: 0px; font-style: inherit; font-family: inherit; vertical-align: baseline;\"><br \/>\n<\/span><span style=\"margin: 0px; padding: 0px; border: 0px; outline: 0px; font-style: inherit; font-family: inherit; vertical-align: baseline;\">Pers\u00f6nliche Daten, die Sie uns elektronisch \u00fcbermitteln, z.B. Ihren Namen, Postanschrift, E-Mail-Adresse oder andere pers\u00f6nlichen Angaben, werden von uns nur zum jeweils angegebenen Zweck verwendet, sicher verwahrt und nicht an Dritte weitergegeben.<\/span><\/p>\n<p style=\"margin: 0px 0px 1.2em; padding: 0px; border: 0px; outline: 0px; vertical-align: baseline; line-height: 1.5em;\"><strong><span style=\"font-family: 'PT Sans Bold', Trebuchet, 'Helvetica Neue', Helvetica, Arial, Verdana, sans-serif;\">Recht auf Auskunft, L\u00f6schung, Sperrung<\/span><\/strong><span style=\"margin: 0px; padding: 0px; border: 0px; outline: 0px; font-style: inherit; font-family: inherit; vertical-align: baseline;\"><br \/>\n<\/span><span style=\"margin: 0px; padding: 0px; border: 0px; outline: 0px; font-style: inherit; font-family: inherit; vertical-align: baseline;\">Wir erteilen Ihnen jederzeit unentgeltlich Auskunft \u00fcber Ihre gespeicherten personenbezogenen Daten, deren Herkunft und Empf\u00e4nger und den Zweck der Datenverarbeitung. Sie haben auch ein Recht auf Berichtigung, Sperrung oder L\u00f6schung dieser Daten. Hierzu sowie zu weiteren Fragen zum Thema personenbezogene Daten k\u00f6nnen Sie sich jederzeit unter der im Impressum angegebenen Adresse an uns wenden.<\/span><\/p>\n<p style=\"margin: 0px 0px 1.2em; padding: 0px; border: 0px; outline: 0px; vertical-align: baseline; line-height: 1.5em;\"><strong><span style=\"font-family: 'PT Sans Bold', Trebuchet, 'Helvetica Neue', Helvetica, Arial, Verdana, sans-serif;\">Links zu anderen Websites<\/span><\/strong><span style=\"margin: 0px; padding: 0px; border: 0px; outline: 0px; font-style: inherit; font-family: inherit; vertical-align: baseline;\"><br \/>\n<\/span><span style=\"margin: 0px; padding: 0px; border: 0px; outline: 0px; font-style: inherit; font-family: inherit; vertical-align: baseline;\">Sie finden auf unseren Seiten Links zu anderen Seiten im Internet. F\u00fcr alle diese Links und Banner gilt, dass wir keinerlei Einfluss auf die Gestaltung und die Inhalte der gelinkten Seiten haben. Deswegen \u00fcbernehmen wir auch keinerlei Verantwortung f\u00fcr Inhalt, Gestaltung und die Datenschutzbestimmungen dieser Seiten.<\/span><\/p>\n<p style=\"margin: 0px 0px 1.2em; padding: 0px; border: 0px; outline: 0px; vertical-align: baseline; line-height: 1.5em;\"><strong><span style=\"font-family: 'PT Sans Bold', Trebuchet, 'Helvetica Neue', Helvetica, Arial, Verdana, sans-serif;\">Verwendung von Cookies<\/span><\/strong><span style=\"margin: 0px; padding: 0px; border: 0px; outline: 0px; font-style: inherit; font-family: inherit; vertical-align: baseline;\"><br \/>\n<\/span><span style=\"margin: 0px; padding: 0px; border: 0px; outline: 0px; font-style: inherit; font-family: inherit; vertical-align: baseline;\">Es gibt eine Technik, genannt \u201eCookies\u201c, mit deren Hilfe Informationen aus einer Website an Ihre Bed\u00fcrfnisse angepasst werden k\u00f6nnen. Ein Cookie ist ein Datenelement, das eine Website an Ihren Browser schicken kann, um es dort auf Ihrem System zu speichern.<\/span><\/p>\n<p style=\"margin: 0px 0px 1.2em; padding: 0px; border: 0px; outline: 0px; vertical-align: baseline; line-height: 1.5em;\"><span style=\"margin: 0px; padding: 0px; border: 0px; outline: 0px; font-style: inherit; font-family: inherit; vertical-align: baseline;\">Gelegentlich nutzen auch wir tempor\u00e4re Cookies, damit wir Sie effektiver unterst\u00fctzen k\u00f6nnen, wenn Sie auf eine solche Website zur\u00fcckkommen. Sie haben jedoch die M\u00f6glichkeit, Ihren Browser so einzustellen, dass er Sie davon in Kenntnis setzt, wenn Sie ein Cookie erhalten. Dann k\u00f6nnen Sie selbst entscheiden, ob Sie das akzeptieren oder nicht.<\/span><\/p>\n<p style=\"margin: 0px 0px 1.2em; padding: 0px; border: 0px; outline: 0px; vertical-align: baseline; line-height: 1.5em;\"><span style=\"margin: 0px; padding: 0px; border: 0px; outline: 0px; font-style: inherit; font-family: inherit; vertical-align: baseline;\">Firefox (Windows):\u00a0<\/span><span style=\"margin: 0px; padding: 0px; border: 0px; outline: 0px; font-style: inherit; font-family: inherit; vertical-align: baseline;\">\u2192<\/span><span style=\"margin: 0px; padding: 0px; border: 0px; outline: 0px; font-style: inherit; font-family: inherit; vertical-align: baseline;\">Extras\u00a0<\/span><span style=\"margin: 0px; padding: 0px; border: 0px; outline: 0px; font-style: inherit; font-family: inherit; vertical-align: baseline;\">\u2192<\/span><span style=\"margin: 0px; padding: 0px; border: 0px; outline: 0px; font-style: inherit; font-family: inherit; vertical-align: baseline;\">Einstellungen\u00a0<\/span><span style=\"margin: 0px; padding: 0px; border: 0px; outline: 0px; font-style: inherit; font-family: inherit; vertical-align: baseline;\">\u2192<\/span><span style=\"margin: 0px; padding: 0px; border: 0px; outline: 0px; font-style: inherit; font-family: inherit; vertical-align: baseline;\">Datenschutz\u00a0<\/span><span style=\"margin: 0px; padding: 0px; border: 0px; outline: 0px; font-style: inherit; font-family: inherit; vertical-align: baseline;\">\u2192<\/span><span style=\"margin: 0px; padding: 0px; border: 0px; outline: 0px; font-style: inherit; font-family: inherit; vertical-align: baseline;\">Chronik nach benutzerdefinierten Einstellungen anlegen<\/span><span style=\"margin: 0px; padding: 0px; border: 0px; outline: 0px; font-style: inherit; font-family: inherit; vertical-align: baseline;\"><br \/>\n<\/span><span style=\"margin: 0px; padding: 0px; border: 0px; outline: 0px; font-style: inherit; font-family: inherit; vertical-align: baseline;\">Firefox (Linux):\u00a0<\/span><span style=\"margin: 0px; padding: 0px; border: 0px; outline: 0px; font-style: inherit; font-family: inherit; vertical-align: baseline;\">\u2192<\/span><span style=\"margin: 0px; padding: 0px; border: 0px; outline: 0px; font-style: inherit; font-family: inherit; vertical-align: baseline;\">Bearbeiten\u00a0<\/span><span style=\"margin: 0px; padding: 0px; border: 0px; outline: 0px; font-style: inherit; font-family: inherit; vertical-align: baseline;\">\u2192<\/span><span style=\"margin: 0px; padding: 0px; border: 0px; outline: 0px; font-style: inherit; font-family: inherit; vertical-align: baseline;\">Einstellungen\u00a0<\/span><span style=\"margin: 0px; padding: 0px; border: 0px; outline: 0px; font-style: inherit; font-family: inherit; vertical-align: baseline;\">\u2192<\/span><span style=\"margin: 0px; padding: 0px; border: 0px; outline: 0px; font-style: inherit; font-family: inherit; vertical-align: baseline;\">Datenschutz\u00a0<\/span><span style=\"margin: 0px; padding: 0px; border: 0px; outline: 0px; font-style: inherit; font-family: inherit; vertical-align: baseline;\">\u2192<\/span><span style=\"margin: 0px; padding: 0px; border: 0px; outline: 0px; font-style: inherit; font-family: inherit; vertical-align: baseline;\">Chronik nach benutzerdefinierten Einstellungen anlegen<\/span><span style=\"margin: 0px; padding: 0px; border: 0px; outline: 0px; font-style: inherit; font-family: inherit; vertical-align: baseline;\"><br \/>\n<\/span><span style=\"margin: 0px; padding: 0px; border: 0px; outline: 0px; font-style: inherit; font-family: inherit; vertical-align: baseline;\">Internet Explorer:\u00a0<\/span><span style=\"margin: 0px; padding: 0px; border: 0px; outline: 0px; font-style: inherit; font-family: inherit; vertical-align: baseline;\">\u2192<\/span><span style=\"margin: 0px; padding: 0px; border: 0px; outline: 0px; font-style: inherit; font-family: inherit; vertical-align: baseline;\">Extras\u00a0<\/span><span style=\"margin: 0px; padding: 0px; border: 0px; outline: 0px; font-style: inherit; font-family: inherit; vertical-align: baseline;\">\u2192<\/span><span style=\"margin: 0px; padding: 0px; border: 0px; outline: 0px; font-style: inherit; font-family: inherit; vertical-align: baseline;\">Internetoptionen\u00a0<\/span><span style=\"margin: 0px; padding: 0px; border: 0px; outline: 0px; font-style: inherit; font-family: inherit; vertical-align: baseline;\">\u2192<\/span><span style=\"margin: 0px; padding: 0px; border: 0px; outline: 0px; font-style: inherit; font-family: inherit; vertical-align: baseline;\">Datenschutz\u00a0<\/span><span style=\"margin: 0px; padding: 0px; border: 0px; outline: 0px; font-style: inherit; font-family: inherit; vertical-align: baseline;\">\u2192<\/span><span style=\"margin: 0px; padding: 0px; border: 0px; outline: 0px; font-style: inherit; font-family: inherit; vertical-align: baseline;\">Erweitert<\/span><\/p>\n<p style=\"margin: 0px 0px 1.2em; padding: 0px; border: 0px; outline: 0px; vertical-align: baseline; line-height: 1.5em;\"><strong><span style=\"font-family: 'PT Sans Bold', Trebuchet, 'Helvetica Neue', Helvetica, Arial, Verdana, sans-serif;\">Kommentarfunktion auf dieser Website<\/span><\/strong><span style=\"margin: 0px; padding: 0px; border: 0px; outline: 0px; font-style: inherit; font-family: inherit; vertical-align: baseline;\"><br \/>\n<\/span><span style=\"margin: 0px; padding: 0px; border: 0px; outline: 0px; font-style: inherit; font-family: inherit; vertical-align: baseline;\">F\u00fcr die Kommentarfunktion auf dieser Seite werden neben Ihrem Kommentar auch Angaben zum Zeitpunkt der Erstellung des Kommentars, Ihre E-Mail-Adresse und, wenn Sie nicht anonym posten, der von Ihnen gew\u00e4hlte Nutzername gespeichert.<\/span><\/p>\n<p style=\"margin: 0px 0px 1.2em; padding: 0px; border: 0px; outline: 0px; vertical-align: baseline; line-height: 1.5em;\"><strong><span style=\"font-family: 'PT Sans Bold', Trebuchet, 'Helvetica Neue', Helvetica, Arial, Verdana, sans-serif;\">Verwendung von Social-Media-Buttons f\u00fcr Facebook, Twitter, Google+<\/span><\/strong><span style=\"margin: 0px; padding: 0px; border: 0px; outline: 0px; font-style: inherit; font-family: inherit; vertical-align: baseline;\"><br \/>\n<\/span><span style=\"margin: 0px; padding: 0px; border: 0px; outline: 0px; font-style: inherit; font-family: inherit; vertical-align: baseline;\">Wir verwenden sogenannte Social-Media-Buttons f\u00fcr das Teilen von Inhalten auf Facebook, Twitter und Google+. Diese Buttons tauchen unterhalb von Artikeln auf und k\u00f6nnen zum Empfehlen einzelner Artikel in den sozialen Medien genutzt werden. Die Buttons werden auch zur Aktivierung der Darstellung von Facebook- und Twitter-Feeds verwendet und sind mit \u201eMit Facebook verbinden\u201c sowie \u201eMit Twitter verbinden\u201c gekennzeichnet. Sobald diese Buttons aktiviert werden, wird eine Verbindung zu den Servern von Facebook, Twitter oder Google+ hergestellt und Nutzer*innendaten werden an die externen Server \u00fcbermittelt.<\/span><\/p>\n<p style=\"margin: 0px 0px 1.2em; padding: 0px; border: 0px; outline: 0px; vertical-align: baseline; line-height: 1.5em;\"><strong><span style=\"font-family: 'PT Sans Bold', Trebuchet, 'Helvetica Neue', Helvetica, Arial, Verdana, sans-serif;\">\u00c4nderungen dieser Datenschutzerkl\u00e4rung<\/span><\/strong><span style=\"margin: 0px; padding: 0px; border: 0px; outline: 0px; font-style: inherit; font-family: inherit; vertical-align: baseline;\"><br \/>\n<\/span><span style=\"margin: 0px; padding: 0px; border: 0px; outline: 0px; font-style: inherit; font-family: inherit; vertical-align: baseline;\">Wir behalten uns das Recht vor, diese Datenschutzerkl\u00e4rung jederzeit mit Wirkung f\u00fcr die Zukunft zu \u00e4ndern. Eine jeweils aktuelle Version ist an dieser Stelle verf\u00fcgbar. Bitte suche die Website regelm\u00e4\u00dfig auf und informiere dich sich \u00fcber die geltende Datenschutzerkl\u00e4rung.<\/span><\/p>\n<p style=\"margin: 0px 0px 1.2em; padding: 0px; border: 0px; outline: 0px; vertical-align: baseline; line-height: 1.5em;\"><span style=\"margin: 0px; padding: 0px; border: 0px; outline: 0px; font-style: inherit; font-family: 'PT Sans Bold', Trebuchet, 'Helvetica Neue', Helvetica, Arial, Verdana, sans-serif; vertical-align: baseline;\">Stand: 29. Juni 2018<\/span><\/p>\n ","protected":false},"excerpt":{"rendered":"<p>Wir nehmen den Schutz Ihrer pers\u00f6nlichen Daten sehr ernst. Wir behandeln Ihre personenbezogenen Daten vertraulich und entsprechend der gesetzlichen Datenschutzvorschriften sowie dieser Datenschutzerkl\u00e4rung. Die Nutzung unserer Website ist in der&#8230; <\/p>\n","protected":false},"author":19,"featured_media":0,"parent":0,"menu_order":0,"comment_status":"closed","ping_status":"closed","template":"","meta":{"footnotes":""},"jetpack_sharing_enabled":true,"_links":{"self":[{"href":"https:\/\/gruene-ov-stuttgart.de\/bad-cannstatt\/wp-json\/wp\/v2\/pages\/568"}],"collection":[{"href":"https:\/\/gruene-ov-stuttgart.de\/bad-cannstatt\/wp-json\/wp\/v2\/pages"}],"about":[{"href":"https:\/\/gruene-ov-stuttgart.de\/bad-cannstatt\/wp-json\/wp\/v2\/types\/page"}],"author":[{"embeddable":true,"href":"https:\/\/gruene-ov-stuttgart.de\/bad-cannstatt\/wp-json\/wp\/v2\/users\/19"}],"replies":[{"embeddable":true,"href":"https:\/\/gruene-ov-stuttgart.de\/bad-cannstatt\/wp-json\/wp\/v2\/comments?post=568"}],"version-history":[{"count":2,"href":"https:\/\/gruene-ov-stuttgart.de\/bad-cannstatt\/wp-json\/wp\/v2\/pages\/568\/revisions"}],"predecessor-version":[{"id":573,"href":"https:\/\/gruene-ov-stuttgart.de\/bad-cannstatt\/wp-json\/wp\/v2\/pages\/568\/revisions\/573"}],"wp:attachment":[{"href":"https:\/\/gruene-ov-stuttgart.de\/bad-cannstatt\/wp-json\/wp\/v2\/media?parent=568"}],"curies":[{"name":"wp","href":"https:\/\/api.w.org\/{rel}","templated":true}]}}