{"id":625,"date":"2019-02-04T22:49:11","date_gmt":"2019-02-04T21:49:11","guid":{"rendered":"http:\/\/gruene-ov-stuttgart.de\/bad-cannstatt\/?page_id=625"},"modified":"2024-02-24T22:50:08","modified_gmt":"2024-02-24T21:50:08","slug":"gruen-wirkt","status":"publish","type":"page","link":"https:\/\/gruene-ov-stuttgart.de\/bad-cannstatt\/gruen-wirkt\/","title":{"rendered":"Gr\u00fcn wirkt!"},"content":{"rendered":"\n<h2 class=\"wp-block-heading\">Unsere Themen f\u00fcr Bad Cannstatt<\/h2>\n\n\n<div class=\"wp-block-image\">\n<figure class=\"alignleft is-resized\"><img loading=\"lazy\" decoding=\"async\" width=\"96\" height=\"96\" src=\"https:\/\/gruene-ov-stuttgart.de\/bad-cannstatt\/wp-content\/uploads\/2019\/03\/Gru\u0308n-hat-gewirkt_tb.png\" alt=\"\" class=\"wp-image-674\" style=\"width:99px;height:99px\"\/><\/figure><\/div>\n\n\n<p>Das gr\u00fcne Engagement f\u00fcr Bad Cannstatt hat schon viel gebracht. Dank vieler engagierter B\u00fcrger*innen, unseren Stadtr\u00e4ten*innen und Bezirksbeir\u00e4ten*innen ist Bad Cannstatt lebenswerter, attraktiver, \u00f6kologischer und sicherer geworden. Viele wichtige gr\u00fcne Vorhaben konnten realisiert werden &#8211; F\u00dcR Bad Cannstatt. Wir sind aber noch nicht am Ziel. Um weitere unserer Ideen umsetzen zu k\u00f6nnen, die Bad Cannstatt sch\u00f6ner, gr\u00fcner machen, braucht Stuttgart starke Gr\u00fcne. Klicken Sie auf die Sonnenblume und Sie sehen, was wir f\u00fcr Bad Cannstatt erreicht haben &#8211; oder noch erreichen wollen. Stimmen Sie bei der Kommunalwahl 2024 F\u00dcR B\u00fcndnis 90\/Die Gr\u00fcnen.<\/p>\n\n\n\r\n\t\t\t\r\n\r\n\t\t\t<div style=\"display:block; width:100%;\">\r\n\r\n\t\t\t\t\r\n\t\t\t\r\n\t\t\t\t<div id=\"wpgmaps_directions_notification_1\" style=\"display:none;\">Wegbeschreibungen abrufen...<\/div>\r\n\t\t\t\t<div id=\"wpgmaps_directions_reset_1\" style=\"display:none;\">\r\n\r\n\t\t\t\t\t<a href='javascript:void(0)' onclick='wpgmza_reset_directions(1);' id='wpgmaps_reset_directions' title='Routen'>Routen<\/a>\r\n\t\t\t\t\t<br \/>\r\n\t\t\t\t\t<a href='javascript: ;' id='wpgmaps_print_directions_1' target='_blank' title='Routen'>Routen<\/a>\r\n\t\t\t\t<\/div>\r\n\t\t\t\r\n\t\t\t\t<div id=\"directions_panel_1\"><\/div>\r\n\t\t\t\r\n\t\t\t<\/div>\r\n\r\n\t\t\t\r\n\t\t\t\r\n\t\t\t\r\n\r\n\t\t\t\r\n            <a name='map1'><\/a>\r\n\r\n\t\t\t<div class=\"wpgmza_map \" id=\"wpgmza_map_1\" style=\"display:block; overflow:auto; width:100%; height:800px; float:left;\" data-settings='{\"id\":\"1\",\"map_title\":\"Gr\\u00fcn wirkt\",\"map_width\":\"100\",\"map_height\":\"800\",\"map_start_lat\":\"48.814227\",\"map_start_lng\":\"9.227339\",\"map_start_location\":\"48.81422711100072,9.227338627490008\",\"map_start_zoom\":\"14\",\"default_marker\":\"0\",\"type\":\"1\",\"alignment\":\"1\",\"directions_enabled\":\"0\",\"styling_enabled\":\"0\",\"styling_json\":\"\",\"active\":\"0\",\"kml\":\"\",\"bicycle\":\"0\",\"traffic\":\"0\",\"dbox\":\"0\",\"dbox_width\":\"100\",\"listmarkers\":\"0\",\"listmarkers_advanced\":\"0\",\"filterbycat\":\"0\",\"ugm_enabled\":\"0\",\"ugm_category_enabled\":\"0\",\"fusion\":\"\",\"map_width_type\":\"\\\\%\",\"map_height_type\":\"px\",\"mass_marker_support\":\"1\",\"ugm_access\":\"0\",\"order_markers_by\":\"1\",\"order_markers_choice\":\"2\",\"show_user_location\":\"2\",\"default_to\":\"\",\"other_settings\":{\"store_locator_style\":\"legacy\",\"wpgmza_store_locator_radius_style\":\"legacy\",\"directions_box_style\":\"modern\",\"map_max_zoom\":\"1\",\"map_min_zoom\":\"21\",\"sl_stroke_color\":\"\",\"sl_stroke_opacity\":\"\",\"sl_fill_color\":\"\",\"sl_fill_opacity\":\"\",\"click_open_link\":2,\"transport_layer\":0,\"iw_primary_color\":\"2A3744\",\"iw_accent_color\":\"252F3A\",\"iw_text_color\":\"FFFFFF\",\"wpgmza_iw_type\":\"0\",\"list_markers_by\":\"0\",\"push_in_map\":\"\",\"push_in_map_placement\":\"9\",\"wpgmza_push_in_map_width\":\"\",\"wpgmza_push_in_map_height\":\"\",\"upload_default_ul_marker\":\"\",\"upload_default_sl_marker\":\"\",\"shortcodeAttributes\":{\"id\":\"1\"}}}' data-map-id='1' data-shortcode-attributes='{\"id\":\"1\"}' > <\/div>   \r\n\t\t\t\r\n\r\n\t\t\t\r\n\t\t\t\r\n\r\n        \n\n\n\n<figure class=\"wp-block-image\"><img loading=\"lazy\" decoding=\"async\" width=\"200\" height=\"100\" src=\"https:\/\/gruene-ov-stuttgart.de\/bad-cannstatt\/wp-content\/uploads\/2019\/03\/whiteout.jpg\" alt=\"\" class=\"wp-image-781\" srcset=\"https:\/\/gruene-ov-stuttgart.de\/bad-cannstatt\/wp-content\/uploads\/2019\/03\/whiteout.jpg 200w, https:\/\/gruene-ov-stuttgart.de\/bad-cannstatt\/wp-content\/uploads\/2019\/03\/whiteout-150x75.jpg 150w\" sizes=\"(max-width: 200px) 100vw, 200px\" \/><\/figure>\n\n\n\n<figure class=\"wp-block-embed is-type-rich is-provider-ov-bad-cannstatt\"><div class=\"wp-block-embed__wrapper\">\n<blockquote class=\"wp-embedded-content\" data-secret=\"utFWEekoQe\"><a href=\"https:\/\/gruene-ov-stuttgart.de\/bad-cannstatt\/2019\/04\/06\/eisenbahnbruecke-als-cannstatter-highline\/\">Eisenbahnbr\u00fccke als Cannstatter Highline<\/a><\/blockquote><iframe class=\"wp-embedded-content\" sandbox=\"allow-scripts\" security=\"restricted\" style=\"position: absolute; clip: rect(1px, 1px, 1px, 1px);\" title=\"&#8222;Eisenbahnbr\u00fccke als Cannstatter Highline&#8220; &#8212; OV Bad Cannstatt\" src=\"https:\/\/gruene-ov-stuttgart.de\/bad-cannstatt\/2019\/04\/06\/eisenbahnbruecke-als-cannstatter-highline\/embed\/#?secret=gwk7YlahkB#?secret=utFWEekoQe\" data-secret=\"utFWEekoQe\" width=\"600\" height=\"338\" frameborder=\"0\" marginwidth=\"0\" marginheight=\"0\" scrolling=\"no\"><\/iframe>\n<\/div><\/figure>\n\n\n\n<figure class=\"wp-block-embed is-type-rich is-provider-ov-bad-cannstatt\"><div class=\"wp-block-embed__wrapper\">\n<blockquote class=\"wp-embedded-content\" data-secret=\"Nt12eVyEzB\"><a href=\"https:\/\/gruene-ov-stuttgart.de\/bad-cannstatt\/2019\/03\/31\/saubere-luft-fuer-bad-cannstatt\/\">Saubere Luft f\u00fcr Bad Cannstatt<\/a><\/blockquote><iframe class=\"wp-embedded-content\" sandbox=\"allow-scripts\" security=\"restricted\" style=\"position: absolute; clip: rect(1px, 1px, 1px, 1px);\" title=\"&#8222;Saubere Luft f\u00fcr Bad Cannstatt&#8220; &#8212; OV Bad Cannstatt\" src=\"https:\/\/gruene-ov-stuttgart.de\/bad-cannstatt\/2019\/03\/31\/saubere-luft-fuer-bad-cannstatt\/embed\/#?secret=bX7ImuZumV#?secret=Nt12eVyEzB\" data-secret=\"Nt12eVyEzB\" width=\"600\" height=\"338\" frameborder=\"0\" marginwidth=\"0\" marginheight=\"0\" scrolling=\"no\"><\/iframe>\n<\/div><\/figure>\n\n\n\n<figure class=\"wp-block-embed is-type-rich is-provider-ov-bad-cannstatt\"><div class=\"wp-block-embed__wrapper\">\n<blockquote class=\"wp-embedded-content\" data-secret=\"H8eBFPZn4w\"><a href=\"https:\/\/gruene-ov-stuttgart.de\/bad-cannstatt\/2019\/04\/01\/wohnen-in-bad-cannstatt\/\">Wohnen in Bad Cannstatt<\/a><\/blockquote><iframe class=\"wp-embedded-content\" sandbox=\"allow-scripts\" security=\"restricted\" style=\"position: absolute; clip: rect(1px, 1px, 1px, 1px);\" title=\"&#8222;Wohnen in Bad Cannstatt&#8220; &#8212; OV Bad Cannstatt\" src=\"https:\/\/gruene-ov-stuttgart.de\/bad-cannstatt\/2019\/04\/01\/wohnen-in-bad-cannstatt\/embed\/#?secret=qpYqjEJV78#?secret=H8eBFPZn4w\" data-secret=\"H8eBFPZn4w\" width=\"600\" height=\"338\" frameborder=\"0\" marginwidth=\"0\" marginheight=\"0\" scrolling=\"no\"><\/iframe>\n<\/div><\/figure>\n\n\n\n<figure class=\"wp-block-embed is-type-rich is-provider-ov-bad-cannstatt\"><div class=\"wp-block-embed__wrapper\">\n<blockquote class=\"wp-embedded-content\" data-secret=\"GMebChiU0t\"><a href=\"https:\/\/gruene-ov-stuttgart.de\/bad-cannstatt\/2019\/03\/08\/hofener-strasse-zu-schoen-fuer-autos\/\">Hofener Stra\u00dfe \u2013 Zu sch\u00f6n f\u00fcr Autos<\/a><\/blockquote><iframe class=\"wp-embedded-content\" sandbox=\"allow-scripts\" security=\"restricted\" style=\"position: absolute; clip: rect(1px, 1px, 1px, 1px);\" title=\"&#8222;Hofener Stra\u00dfe \u2013 Zu sch\u00f6n f\u00fcr Autos&#8220; &#8212; OV Bad Cannstatt\" src=\"https:\/\/gruene-ov-stuttgart.de\/bad-cannstatt\/2019\/03\/08\/hofener-strasse-zu-schoen-fuer-autos\/embed\/#?secret=U0LPl3hPo8#?secret=GMebChiU0t\" data-secret=\"GMebChiU0t\" width=\"600\" height=\"338\" frameborder=\"0\" marginwidth=\"0\" marginheight=\"0\" scrolling=\"no\"><\/iframe>\n<\/div><\/figure>\n\n\n\n<figure class=\"wp-block-embed is-type-rich is-provider-ov-bad-cannstatt\"><div class=\"wp-block-embed__wrapper\">\n<blockquote class=\"wp-embedded-content\" data-secret=\"R0B0EF4Iyl\"><a href=\"https:\/\/gruene-ov-stuttgart.de\/bad-cannstatt\/2019\/03\/04\/verbinden-was-zusammen-gehoert\/\">Verbinden was zusammen geh\u00f6rt!<\/a><\/blockquote><iframe class=\"wp-embedded-content\" sandbox=\"allow-scripts\" security=\"restricted\" style=\"position: absolute; clip: rect(1px, 1px, 1px, 1px);\" title=\"&#8222;Verbinden was zusammen geh\u00f6rt!&#8220; &#8212; OV Bad Cannstatt\" src=\"https:\/\/gruene-ov-stuttgart.de\/bad-cannstatt\/2019\/03\/04\/verbinden-was-zusammen-gehoert\/embed\/#?secret=0myUk3wUJA#?secret=R0B0EF4Iyl\" data-secret=\"R0B0EF4Iyl\" width=\"600\" height=\"338\" frameborder=\"0\" marginwidth=\"0\" marginheight=\"0\" scrolling=\"no\"><\/iframe>\n<\/div><\/figure>\n\n\n\n<figure class=\"wp-block-embed is-type-rich is-provider-ov-bad-cannstatt\"><div class=\"wp-block-embed__wrapper\">\n<blockquote class=\"wp-embedded-content\" data-secret=\"5AAzTtGJzb\"><a href=\"https:\/\/gruene-ov-stuttgart.de\/bad-cannstatt\/2019\/03\/03\/es-gibt-viel-zu-tun-im-bahnhofsviertel\/\">Es gibt viel zu tun im Bahnhofsviertel<\/a><\/blockquote><iframe class=\"wp-embedded-content\" sandbox=\"allow-scripts\" security=\"restricted\" style=\"position: absolute; clip: rect(1px, 1px, 1px, 1px);\" title=\"&#8222;Es gibt viel zu tun im Bahnhofsviertel&#8220; &#8212; OV Bad Cannstatt\" src=\"https:\/\/gruene-ov-stuttgart.de\/bad-cannstatt\/2019\/03\/03\/es-gibt-viel-zu-tun-im-bahnhofsviertel\/embed\/#?secret=SowP5zr0iV#?secret=5AAzTtGJzb\" data-secret=\"5AAzTtGJzb\" width=\"600\" height=\"338\" frameborder=\"0\" marginwidth=\"0\" marginheight=\"0\" scrolling=\"no\"><\/iframe>\n<\/div><\/figure>\n\n\n\n<figure class=\"wp-block-embed is-type-rich is-provider-ov-bad-cannstatt\"><div class=\"wp-block-embed__wrapper\">\n<blockquote class=\"wp-embedded-content\" data-secret=\"AxlLv7j1Yx\"><a href=\"https:\/\/gruene-ov-stuttgart.de\/bad-cannstatt\/2019\/03\/02\/neue-ideen-fuer-die-altstadt\/\">Neue Ideen f\u00fcr die Altstadt<\/a><\/blockquote><iframe class=\"wp-embedded-content\" sandbox=\"allow-scripts\" security=\"restricted\" style=\"position: absolute; clip: rect(1px, 1px, 1px, 1px);\" title=\"&#8222;Neue Ideen f\u00fcr die Altstadt&#8220; &#8212; OV Bad Cannstatt\" src=\"https:\/\/gruene-ov-stuttgart.de\/bad-cannstatt\/2019\/03\/02\/neue-ideen-fuer-die-altstadt\/embed\/#?secret=rjfZZXQJh1#?secret=AxlLv7j1Yx\" data-secret=\"AxlLv7j1Yx\" width=\"600\" height=\"338\" frameborder=\"0\" marginwidth=\"0\" marginheight=\"0\" scrolling=\"no\"><\/iframe>\n<\/div><\/figure>\n\n\n\n<figure class=\"wp-block-embed is-type-rich is-provider-ov-bad-cannstatt\"><div class=\"wp-block-embed__wrapper\">\n<blockquote class=\"wp-embedded-content\" data-secret=\"ijOxOj7Mof\"><a href=\"https:\/\/gruene-ov-stuttgart.de\/bad-cannstatt\/2019\/03\/05\/autos-um-bad-cannstatt-herum\/\">Autos um Bad Cannstatt herum<\/a><\/blockquote><iframe class=\"wp-embedded-content\" sandbox=\"allow-scripts\" security=\"restricted\" style=\"position: absolute; clip: rect(1px, 1px, 1px, 1px);\" title=\"&#8222;Autos um Bad Cannstatt herum&#8220; &#8212; OV Bad Cannstatt\" src=\"https:\/\/gruene-ov-stuttgart.de\/bad-cannstatt\/2019\/03\/05\/autos-um-bad-cannstatt-herum\/embed\/#?secret=4lk0KUVZZD#?secret=ijOxOj7Mof\" data-secret=\"ijOxOj7Mof\" width=\"600\" height=\"338\" frameborder=\"0\" marginwidth=\"0\" marginheight=\"0\" scrolling=\"no\"><\/iframe>\n<\/div><\/figure>\n\n\n\n<figure class=\"wp-block-embed is-type-rich is-provider-ov-bad-cannstatt\"><div class=\"wp-block-embed__wrapper\">\n<blockquote class=\"wp-embedded-content\" data-secret=\"w36KkXFQNI\"><a href=\"https:\/\/gruene-ov-stuttgart.de\/bad-cannstatt\/2019\/03\/11\/mit-poller-wirds-toller\/\">Mit Poller wird\u2018s toller!<\/a><\/blockquote><iframe class=\"wp-embedded-content\" sandbox=\"allow-scripts\" security=\"restricted\" style=\"position: absolute; clip: rect(1px, 1px, 1px, 1px);\" title=\"&#8222;Mit Poller wird\u2018s toller!&#8220; &#8212; OV Bad Cannstatt\" src=\"https:\/\/gruene-ov-stuttgart.de\/bad-cannstatt\/2019\/03\/11\/mit-poller-wirds-toller\/embed\/#?secret=adZVxZnTK2#?secret=w36KkXFQNI\" data-secret=\"w36KkXFQNI\" width=\"600\" height=\"338\" frameborder=\"0\" marginwidth=\"0\" marginheight=\"0\" scrolling=\"no\"><\/iframe>\n<\/div><\/figure>\n\n\n\n<figure class=\"wp-block-embed is-type-rich is-provider-ov-bad-cannstatt\"><div class=\"wp-block-embed__wrapper\">\n<blockquote class=\"wp-embedded-content\" data-secret=\"gKfxkKjYZp\"><a href=\"https:\/\/gruene-ov-stuttgart.de\/bad-cannstatt\/2019\/03\/11\/der-wilhelmsplatz-der-unvollendete\/\">Der Wilhelmsplatz &#8211; Der Unvollendete<\/a><\/blockquote><iframe class=\"wp-embedded-content\" sandbox=\"allow-scripts\" security=\"restricted\" style=\"position: absolute; clip: rect(1px, 1px, 1px, 1px);\" title=\"&#8222;Der Wilhelmsplatz &#8211; Der Unvollendete&#8220; &#8212; OV Bad Cannstatt\" src=\"https:\/\/gruene-ov-stuttgart.de\/bad-cannstatt\/2019\/03\/11\/der-wilhelmsplatz-der-unvollendete\/embed\/#?secret=F0AdiBR8h9#?secret=gKfxkKjYZp\" data-secret=\"gKfxkKjYZp\" width=\"600\" height=\"338\" frameborder=\"0\" marginwidth=\"0\" marginheight=\"0\" scrolling=\"no\"><\/iframe>\n<\/div><\/figure>\n\n\n\n<figure class=\"wp-block-embed is-type-rich is-provider-ov-bad-cannstatt\"><div class=\"wp-block-embed__wrapper\">\n<blockquote class=\"wp-embedded-content\" data-secret=\"kZXDpkQhZW\"><a href=\"https:\/\/gruene-ov-stuttgart.de\/bad-cannstatt\/2019\/03\/11\/cannstatt-aufs-rad\/\">Cannstatt aufs Rad!<\/a><\/blockquote><iframe class=\"wp-embedded-content\" sandbox=\"allow-scripts\" security=\"restricted\" style=\"position: absolute; clip: rect(1px, 1px, 1px, 1px);\" title=\"&#8222;Cannstatt aufs Rad!&#8220; &#8212; OV Bad Cannstatt\" src=\"https:\/\/gruene-ov-stuttgart.de\/bad-cannstatt\/2019\/03\/11\/cannstatt-aufs-rad\/embed\/#?secret=0xYRkLpstq#?secret=kZXDpkQhZW\" data-secret=\"kZXDpkQhZW\" width=\"600\" height=\"338\" frameborder=\"0\" marginwidth=\"0\" marginheight=\"0\" scrolling=\"no\"><\/iframe>\n<\/div><\/figure>\n\n\n\n<figure class=\"wp-block-embed is-type-rich is-provider-ov-bad-cannstatt\"><div class=\"wp-block-embed__wrapper\">\n<blockquote class=\"wp-embedded-content\" data-secret=\"hYglsZgHP5\"><a href=\"https:\/\/gruene-ov-stuttgart.de\/bad-cannstatt\/2019\/03\/15\/attraktive-wohnstrassen-und-parken\/\">Attraktive Wohnstra\u00dfen und Parken<\/a><\/blockquote><iframe class=\"wp-embedded-content\" sandbox=\"allow-scripts\" security=\"restricted\" style=\"position: absolute; clip: rect(1px, 1px, 1px, 1px);\" title=\"&#8222;Attraktive Wohnstra\u00dfen und Parken&#8220; &#8212; OV Bad Cannstatt\" src=\"https:\/\/gruene-ov-stuttgart.de\/bad-cannstatt\/2019\/03\/15\/attraktive-wohnstrassen-und-parken\/embed\/#?secret=ggPANi1eYu#?secret=hYglsZgHP5\" data-secret=\"hYglsZgHP5\" width=\"600\" height=\"338\" frameborder=\"0\" marginwidth=\"0\" marginheight=\"0\" scrolling=\"no\"><\/iframe>\n<\/div><\/figure>\n ","protected":false},"excerpt":{"rendered":"<p>Unsere Themen f\u00fcr Bad Cannstatt Das gr\u00fcne Engagement f\u00fcr Bad Cannstatt hat schon viel gebracht. Dank vieler engagierter B\u00fcrger*innen, unseren Stadtr\u00e4ten*innen und Bezirksbeir\u00e4ten*innen ist Bad Cannstatt lebenswerter, attraktiver, \u00f6kologischer und&#8230; <\/p>\n","protected":false},"author":17,"featured_media":0,"parent":0,"menu_order":0,"comment_status":"closed","ping_status":"closed","template":"","meta":{"footnotes":""},"jetpack_sharing_enabled":true,"_links":{"self":[{"href":"https:\/\/gruene-ov-stuttgart.de\/bad-cannstatt\/wp-json\/wp\/v2\/pages\/625"}],"collection":[{"href":"https:\/\/gruene-ov-stuttgart.de\/bad-cannstatt\/wp-json\/wp\/v2\/pages"}],"about":[{"href":"https:\/\/gruene-ov-stuttgart.de\/bad-cannstatt\/wp-json\/wp\/v2\/types\/page"}],"author":[{"embeddable":true,"href":"https:\/\/gruene-ov-stuttgart.de\/bad-cannstatt\/wp-json\/wp\/v2\/users\/17"}],"replies":[{"embeddable":true,"href":"https:\/\/gruene-ov-stuttgart.de\/bad-cannstatt\/wp-json\/wp\/v2\/comments?post=625"}],"version-history":[{"count":26,"href":"https:\/\/gruene-ov-stuttgart.de\/bad-cannstatt\/wp-json\/wp\/v2\/pages\/625\/revisions"}],"predecessor-version":[{"id":1315,"href":"https:\/\/gruene-ov-stuttgart.de\/bad-cannstatt\/wp-json\/wp\/v2\/pages\/625\/revisions\/1315"}],"wp:attachment":[{"href":"https:\/\/gruene-ov-stuttgart.de\/bad-cannstatt\/wp-json\/wp\/v2\/media?parent=625"}],"curies":[{"name":"wp","href":"https:\/\/api.w.org\/{rel}","templated":true}]}}