{"id":1017,"date":"2021-11-10T20:53:23","date_gmt":"2021-11-10T19:53:23","guid":{"rendered":"https:\/\/gruene-ov-stuttgart.de\/birkach-plieningen\/?page_id=1017"},"modified":"2025-12-10T14:31:41","modified_gmt":"2025-12-10T13:31:41","slug":"start","status":"publish","type":"page","link":"https:\/\/gruene-ov-stuttgart.de\/birkach-plieningen\/","title":{"rendered":"Startseite"},"content":{"rendered":"\n<h1 class=\"wp-block-heading has-text-align-center has-tanne-color has-text-color has-link-color wp-elements-3a9a4e4e39511e2412a9d384f5552971\">Herzlich Willkommen beim Gr\u00fcnen Ortsverband Birkach-Plieningen<\/h1>\n\n\n\n<p class=\"has-text-align-center\">Sch\u00f6n, dass du zu uns gefunden hast! Wir setzten uns f\u00fcr Gr\u00fcne Themen in Birkach und Plieningen ein.<br>Wenn du mehr \u00fcber uns und unsere Inhalte wissen m\u00f6chtest, schau gerne rein um nichts mehr zu verpassen!<br><\/p>\n\n\n\n<figure class=\"wp-block-image aligncenter size-large is-resized\"><img loading=\"lazy\" decoding=\"async\" width=\"800\" height=\"800\" src=\"https:\/\/gruene-ov-stuttgart.de\/birkach-plieningen\/wp-content\/uploads\/2025\/11\/IMG_0239-800x800.jpg\" alt=\"\" class=\"wp-image-1711\" style=\"width:500px;height:auto\" srcset=\"https:\/\/gruene-ov-stuttgart.de\/birkach-plieningen\/wp-content\/uploads\/2025\/11\/IMG_0239-800x800.jpg 800w, https:\/\/gruene-ov-stuttgart.de\/birkach-plieningen\/wp-content\/uploads\/2025\/11\/IMG_0239-400x400.jpg 400w, https:\/\/gruene-ov-stuttgart.de\/birkach-plieningen\/wp-content\/uploads\/2025\/11\/IMG_0239-150x150.jpg 150w, https:\/\/gruene-ov-stuttgart.de\/birkach-plieningen\/wp-content\/uploads\/2025\/11\/IMG_0239-768x768.jpg 768w, https:\/\/gruene-ov-stuttgart.de\/birkach-plieningen\/wp-content\/uploads\/2025\/11\/IMG_0239.jpg 1080w\" sizes=\"auto, (max-width: 800px) 100vw, 800px\" \/><\/figure>\n\n\n\n<p><\/p>\n\n\n\n<figure class=\"wp-block-image aligncenter size-full is-resized wp-duotone-unset-1\"><a href=\"https:\/\/oezdemir.de\/team2026\/\"><img loading=\"lazy\" decoding=\"async\" width=\"585\" height=\"585\" src=\"https:\/\/gruene-ov-stuttgart.de\/birkach-plieningen\/wp-content\/uploads\/2025\/11\/GrueneBW_Website_Team2Oe26_Button-585x585-2.png\" alt=\"\" class=\"wp-image-1710\" style=\"width:200px\" srcset=\"https:\/\/gruene-ov-stuttgart.de\/birkach-plieningen\/wp-content\/uploads\/2025\/11\/GrueneBW_Website_Team2Oe26_Button-585x585-2.png 585w, https:\/\/gruene-ov-stuttgart.de\/birkach-plieningen\/wp-content\/uploads\/2025\/11\/GrueneBW_Website_Team2Oe26_Button-585x585-2-400x400.png 400w, https:\/\/gruene-ov-stuttgart.de\/birkach-plieningen\/wp-content\/uploads\/2025\/11\/GrueneBW_Website_Team2Oe26_Button-585x585-2-150x150.png 150w\" sizes=\"auto, (max-width: 585px) 100vw, 585px\" \/><\/a><\/figure>\n\n\n\n<h2 class=\"wp-block-heading has-text-align-center h1 has-klee-700-color has-text-color\">Gr\u00fcne Themen und Menschen<\/h2>\n\n\n\n<div class=\"wp-block-group same-height has-white-background-color has-background is-layout-flow wp-block-group-is-layout-flow\">\n<div class=\"wp-block-columns is-layout-flex wp-container-core-columns-is-layout-9d6595d7 wp-block-columns-is-layout-flex\">\n<div class=\"wp-block-column is-layout-flow wp-block-column-is-layout-flow\">\n<figure class=\"wp-block-image size-large is-style-default\"><img decoding=\"async\" src=\"https:\/\/gruene-ov-stuttgart.de\/birkach-plieningen\/wp-content\/uploads\/2024\/04\/city-354566_1920-800x533.jpg\" alt=\"\" class=\"wp-image-1426\"\/><\/figure>\n\n\n\n<h4 class=\"wp-block-heading h2 mt-4 has-klee-700-color has-text-color\">Starke Gr\u00fcne in der Stadt<\/h4>\n\n\n\n<p>Die Menschen in Stuttgart haben sich auch bei der Kommunalwahl 2024 f\u00fcr starke Gr\u00fcne im Gemeinderat entschieden. Die gr\u00fcne Fraktion hat 14 Sitze. Die Fraktionsvorsitzenden Petra R\u00fchle und Bj\u00f6rn Peterhoff und die neu gew\u00e4hlten R\u00e4tinnen und R\u00e4te werden sich in den n\u00e4chsten f\u00fcnf Jahren mit aller Kraft f\u00fcr gr\u00fcne Ziele und Politik einsetzen.<\/p>\n\n\n\n<div class=\"wp-block-buttons is-layout-flex wp-block-buttons-is-layout-flex\">\n<div class=\"wp-block-button\"><a class=\"wp-block-button__link no-border-radius wp-element-button\" href=\"https:\/\/lust-auf-stadt.de\/die-oeko-soziale-mehrheit-hat-gehalten\/\" target=\"_blank\" rel=\"noreferrer noopener\">Mehr erfahren<\/a><\/div>\n<\/div>\n\n\n\n<p><\/p>\n\n\n\n<figure class=\"wp-block-image size-large\"><img decoding=\"async\" src=\"https:\/\/gruene-ov-stuttgart.de\/birkach-plieningen\/wp-content\/uploads\/2024\/04\/wasen-1020603_1920-800x334.jpg\" alt=\"Wasen Stuttgart\" class=\"wp-image-1430\"\/><\/figure>\n\n\n\n<h4 class=\"wp-block-heading h2 mt-4 has-klee-700-color has-text-color\">Starke Gr\u00fcne in der Region<\/h4>\n\n\n\n<p>Die Region Stuttgart mit ihren 179 Kommunen und 2,8 Millionen Menschen ist eine der dichtest besiedelten und wirtschaftsst\u00e4rksten Regionen Europas. Die 80 direkt gew\u00e4hlten Regional*r\u00e4tinnen aus der Landeshauptstadt Stuttgart und den umliegenden Landkreisen stellen seit 30 Jahren politisch die Weichen f\u00fcr Mobilit\u00e4t, Planung und Wirtschaft im <a href=\"https:\/\/gruene-stuttgart.de\/wahlen\/regionalwahl\/www.region-stuttgart.org\">Verband Region Stuttgart<\/a>.<\/p>\n\n\n\n<div class=\"wp-block-buttons is-layout-flex wp-block-buttons-is-layout-flex\">\n<div class=\"wp-block-button\"><a class=\"wp-block-button__link no-border-radius wp-element-button\" href=\"https:\/\/gruene-stuttgart.de\/wahlen\/regionalwahl\/\" target=\"_blank\" rel=\"noreferrer noopener\">Mehr erfahren<\/a><\/div>\n<\/div>\n\n\n\n<p><\/p>\n\n\n\n<p><\/p>\n\n\n\n<h2 class=\"wp-block-heading has-klee-700-color has-text-color has-link-color wp-elements-81190249447e0ab9a5e2fe50c57eeada\">Starke Gr\u00fcne im Land<\/h2>\n\n\n\n<p>Seit 2011 ist die <a href=\"https:\/\/www.baden-wuerttemberg.de\/de\/startseite\/\" data-type=\"link\" data-id=\"https:\/\/www.baden-wuerttemberg.de\/de\/startseite\/\">Landesregierung in Baden-W\u00fcrttemberg<\/a> gr\u00fcn gef\u00fchrt, zuerst in einer Koalition mit der SPD und seit 2016 in einer Koalition mit der CDU. Ministerpr\u00e4sident Winfried Kretschmann und die gr\u00fcnen Ministerinnen und Minister setzen nicht nur gr\u00fcne Akzente, sondern gr\u00fcne Politik erfolgreich um. <\/p>\n\n\n\n<div class=\"wp-block-buttons is-layout-flex wp-block-buttons-is-layout-flex\">\n<div class=\"wp-block-button\"><a class=\"wp-block-button__link wp-element-button\" href=\"https:\/\/www.baden-wuerttemberg.de\">Mehr Erfahren<\/a><\/div>\n<\/div>\n<\/div>\n<\/div>\n<\/div>\n\n\n <div class=\"wp-block-group alignfull sunflower-has-background-dim has-text-color has-white-color has-background is-vertical is-content-justification-center is-content-justification-center is-layout-flex wp-block-group-is-layout-flex next-events \">\n                    <div class=\"wp-block-group__inner-container\">\n                        <h2 class=\"wp-block-heading has-text-align-center h1\">N\u00e4chste Termine<\/h2>\n                        <div class=\"wp-block-button text-center mb-5\"><a class=\"wp-block-button__link no-border-radius\" href=\"https:\/\/gruene-ov-stuttgart.de\/birkach-plieningen\/termine\/\" rel=\"\">Alle Termine<\/a><\/div>\n                    <div class=\"row\"><div class=\"col-12 text-center h4 text-white\">Derzeit sind keine Veranstaltungen geplant.<\/div><\/div><\/div><\/div>\n\n\n<div class=\"wp-block-group has-text-color has-background is-layout-flow wp-block-group-is-layout-flow\" style=\"color:#ffffff;background-color:#163c29\">\n<h2 class=\"wp-block-heading has-text-align-center h1\">Mach mit! Werde aktiv!<\/h2>\n\n\n\n<p class=\"has-text-align-center\">B\u00fcndnis 90\/DIE GR\u00dcNEN sind eine lebendige Partei. <br>Wir wollen wachsen, in jeder Hinsicht. <br>Nur starke Gr\u00fcne sind ein Garant f\u00fcr \u00f6kologische Modernisierung und neue soziale Gerechtigkeit.<\/p>\n\n\n\n<div class=\"wp-block-buttons is-horizontal is-content-justification-center is-layout-flex wp-container-core-buttons-is-layout-499968f5 wp-block-buttons-is-layout-flex\">\n<div class=\"wp-block-button\"><a class=\"wp-block-button__link no-border-radius wp-element-button\" href=\"https:\/\/gruene-stuttgart.de\/termine\/\" target=\"_blank\" rel=\"noreferrer noopener\">Termine<\/a><\/div>\n\n\n\n<div class=\"wp-block-button\"><a class=\"wp-block-button__link no-border-radius wp-element-button\" href=\"https:\/\/gruene-stuttgart.de\/spenden\/\" target=\"_blank\" rel=\"noreferrer noopener\">Spenden<\/a><\/div>\n\n\n\n<div class=\"wp-block-button\"><a class=\"wp-block-button__link no-border-radius wp-element-button\" href=\"https:\/\/www.gruene.de\/mitglied-werden\" target=\"_blank\" rel=\"noreferrer noopener\">Mitglied werden<\/a><\/div>\n<\/div>\n<\/div>\n\n\n\n\n\n<p><\/p>\n","protected":false},"excerpt":{"rendered":"<p>Herzlich Willkommen beim Gr\u00fcnen Ortsverband Birkach-Plieningen Sch\u00f6n, dass du zu uns gefunden hast! Wir setzten uns f\u00fcr Gr\u00fcne Themen in Birkach und Plieningen ein.Wenn du mehr \u00fcber uns und unsere [&hellip;]<\/p>\n","protected":false},"author":7,"featured_media":0,"parent":0,"menu_order":0,"comment_status":"closed","ping_status":"closed","template":"","meta":{"footnotes":""},"class_list":["post-1017","page","type-page","status-publish","hentry"],"_links":{"self":[{"href":"https:\/\/gruene-ov-stuttgart.de\/birkach-plieningen\/wp-json\/wp\/v2\/pages\/1017","targetHints":{"allow":["GET"]}}],"collection":[{"href":"https:\/\/gruene-ov-stuttgart.de\/birkach-plieningen\/wp-json\/wp\/v2\/pages"}],"about":[{"href":"https:\/\/gruene-ov-stuttgart.de\/birkach-plieningen\/wp-json\/wp\/v2\/types\/page"}],"author":[{"embeddable":true,"href":"https:\/\/gruene-ov-stuttgart.de\/birkach-plieningen\/wp-json\/wp\/v2\/users\/7"}],"replies":[{"embeddable":true,"href":"https:\/\/gruene-ov-stuttgart.de\/birkach-plieningen\/wp-json\/wp\/v2\/comments?post=1017"}],"version-history":[{"count":172,"href":"https:\/\/gruene-ov-stuttgart.de\/birkach-plieningen\/wp-json\/wp\/v2\/pages\/1017\/revisions"}],"predecessor-version":[{"id":1720,"href":"https:\/\/gruene-ov-stuttgart.de\/birkach-plieningen\/wp-json\/wp\/v2\/pages\/1017\/revisions\/1720"}],"wp:attachment":[{"href":"https:\/\/gruene-ov-stuttgart.de\/birkach-plieningen\/wp-json\/wp\/v2\/media?parent=1017"}],"curies":[{"name":"wp","href":"https:\/\/api.w.org\/{rel}","templated":true}]}}