{"id":5,"date":"2016-11-30T16:44:11","date_gmt":"2016-11-30T15:44:11","guid":{"rendered":"http:\/\/gruene-ov-stuttgart.de\/muenster\/?page_id=5"},"modified":"2024-03-07T10:24:50","modified_gmt":"2024-03-07T09:24:50","slug":"wir-ueber-uns-die-gruenen-in-stuttgart-muenster","status":"publish","type":"page","link":"https:\/\/gruene-ov-stuttgart.de\/muenster\/","title":{"rendered":"B\u00fcndnis 90 \/ Die GR\u00dcNEN in Stuttgart-M\u00fcnster"},"content":{"rendered":"\n<div id=\"followup_context_col2\">\n<div class=\"followup_context_col2_content\">\n<section class=\"single-column-content\">\n<div id=\"element_wir_ueber_uns\" class=\"detailBlock clearfix \">\n<div class=\"article_i clearfix\">\n<h2 class=\"article_i_txt full intro\">Was die GR\u00dcNEN f\u00fcr Stuttgart-M\u00fcnster tun<\/h2>\n<p class=\"article_i_txt full intro\">Der <strong>Gr\u00fcne Ortsverband in Stuttgart-M\u00fcnster<\/strong> legt den Grundstein f\u00fcr die politische Arbeit der Gr\u00fcnen im Stadtbezirk.<\/p>\n<div class=\"article_i_txt full\">Ganz besonders wichtig ist dabei, dass die Sprecher des Ortsverbands, Alexandra Hanel und Wolfgang D\u00f6king, gleichzeitig auch die <strong>Bezirksbeir\u00e4te<\/strong> der Gr\u00fcnen f\u00fcr Stuttgart-M\u00fcnster sind. Die Bezirksbeir\u00e4te spielen eine wichtige Rolle in der Kommunalpolitik. Sie beraten \u00fcber alle Entscheidungen, die der Gemeinderat f\u00fcr einen bestimmten Bezirk treffen soll und sprechen <strong>Empfehlungen f\u00fcr alle Entscheidungen des Gemeinderates<\/strong> aus, die den Stadtbezirk M\u00fcnster betreffen. Dar\u00fcber hinaus gestalten wir als Ortsverband das Leben im Stadtbezirk in vielf\u00e4ltiger Weise mit, und nehmen daran teil.<\/div>\n<div class=\"article_i_txt full\">Der Ortsverband wurde am 13.12.2018 satzungsgem\u00e4\u00df gegr\u00fcndet. Er ist hervorgegangen aus dem informellen, regelm\u00e4\u00dfigen GR\u00dcNEN Stammtisch der Parteimitglieder im Stadtbezirk.<\/div>\n<div class=\"article_i_txt full\">\n<\/div><\/div><\/div><\/section><\/div><\/div>\n\n\n\n<div class=\"article_i_txt full\">&nbsp;<\/div>\n\n\n\n<h2 class=\"wp-block-heading\">Die Ziele der GR\u00dcNEN in Stuttgart-M\u00fcnster<\/h2>\n\n\n\n<div class=\"article_i_txt full\">Wir m\u00f6chten den Stadtbezirk am Neckar noch sch\u00f6ner, lebenswerter und vernetzter machen. Nat\u00fcrlich k\u00f6nnen wir Unterst\u00fctzung immer gut gebrauchen. Wer den Stadtbezirk mit gestalten m\u00f6chte, sollte sich bei uns melden: Wir treffen uns einmal im Monat zu unserem gr\u00fcnen Stammtisch mit unserem Betreuungsstadtrat Bj\u00f6rn Peterhoff. Bei Interesse ruft an oder schreibt uns.<\/div>\n\n\n\n<div class=\"article_i_txt full\">&nbsp;<\/div>\n\n\n\n<div class=\"article_i_txt full\">\n<\/div>\n\n\n<div class=\"wp-block-image wp-image-21 size-large\">\n<figure class=\"aligncenter\"><img loading=\"lazy\" decoding=\"async\" width=\"800\" height=\"534\" src=\"https:\/\/gruene-ov-stuttgart.de\/muenster\/wp-content\/uploads\/2016\/11\/stadt-stuttgart-bezirk-muenster-800x534.jpg\" alt=\"Blick auf Stadtbezirk M\u00fcnster und den Neckar\" class=\"wp-image-21\" srcset=\"https:\/\/gruene-ov-stuttgart.de\/muenster\/wp-content\/uploads\/2016\/11\/stadt-stuttgart-bezirk-muenster-800x534.jpg 800w, https:\/\/gruene-ov-stuttgart.de\/muenster\/wp-content\/uploads\/2016\/11\/stadt-stuttgart-bezirk-muenster-400x267.jpg 400w, https:\/\/gruene-ov-stuttgart.de\/muenster\/wp-content\/uploads\/2016\/11\/stadt-stuttgart-bezirk-muenster-768x512.jpg 768w, https:\/\/gruene-ov-stuttgart.de\/muenster\/wp-content\/uploads\/2016\/11\/stadt-stuttgart-bezirk-muenster-150x100.jpg 150w, https:\/\/gruene-ov-stuttgart.de\/muenster\/wp-content\/uploads\/2016\/11\/stadt-stuttgart-bezirk-muenster.jpg 1600w\" sizes=\"auto, (max-width: 800px) 100vw, 800px\" \/><figcaption class=\"wp-element-caption\">Blick auf Stadtbezirk M\u00fcnster und den Neckar<\/figcaption><\/figure>\n<\/div>","protected":false},"excerpt":{"rendered":"<p>Was die GR\u00dcNEN f\u00fcr Stuttgart-M\u00fcnster tun Der Gr\u00fcne Ortsverband in Stuttgart-M\u00fcnster legt den Grundstein f\u00fcr die politische Arbeit der Gr\u00fcnen im Stadtbezirk. Ganz besonders wichtig ist dabei, dass die Sprecher&#8230; <\/p>\n","protected":false},"author":2,"featured_media":0,"parent":0,"menu_order":0,"comment_status":"closed","ping_status":"closed","template":"","meta":{"footnotes":""},"class_list":["post-5","page","type-page","status-publish","hentry"],"_links":{"self":[{"href":"https:\/\/gruene-ov-stuttgart.de\/muenster\/wp-json\/wp\/v2\/pages\/5","targetHints":{"allow":["GET"]}}],"collection":[{"href":"https:\/\/gruene-ov-stuttgart.de\/muenster\/wp-json\/wp\/v2\/pages"}],"about":[{"href":"https:\/\/gruene-ov-stuttgart.de\/muenster\/wp-json\/wp\/v2\/types\/page"}],"author":[{"embeddable":true,"href":"https:\/\/gruene-ov-stuttgart.de\/muenster\/wp-json\/wp\/v2\/users\/2"}],"replies":[{"embeddable":true,"href":"https:\/\/gruene-ov-stuttgart.de\/muenster\/wp-json\/wp\/v2\/comments?post=5"}],"version-history":[{"count":14,"href":"https:\/\/gruene-ov-stuttgart.de\/muenster\/wp-json\/wp\/v2\/pages\/5\/revisions"}],"predecessor-version":[{"id":40,"href":"https:\/\/gruene-ov-stuttgart.de\/muenster\/wp-json\/wp\/v2\/pages\/5\/revisions\/40"}],"wp:attachment":[{"href":"https:\/\/gruene-ov-stuttgart.de\/muenster\/wp-json\/wp\/v2\/media?parent=5"}],"curies":[{"name":"wp","href":"https:\/\/api.w.org\/{rel}","templated":true}]}}