{"id":10,"date":"2016-03-06T21:06:25","date_gmt":"2016-03-06T20:06:25","guid":{"rendered":"http:\/\/gruene-ov-stuttgart.de\/sued\/?page_id=10"},"modified":"2024-02-18T13:58:44","modified_gmt":"2024-02-18T12:58:44","slug":"der-ortsverband-stuttgart-sued","status":"publish","type":"page","link":"https:\/\/gruene-ov-stuttgart.de\/sued\/buendnis-90-die-gruenen-in-stuttgart-sued\/der-ortsverband-stuttgart-sued\/","title":{"rendered":"Der Ortsverband Stuttgart-S\u00fcd"},"content":{"rendered":"\n<p>Im Ortsverband sind alle gr\u00fcnen Mitglieder versammelt, die im Stuttgarter S\u00fcden wohnen.<br>Wir treffen uns regelm\u00e4\u00dfig, um uns \u00fcber gr\u00fcne Politik in Stuttgart-S\u00fcd auszutauschen. Alle Interessierten sind herzlich willkommen!<\/p>\n\n\n\n<p>Das Sprecherteam besteht derzeit aus drei Personen:<\/p>\n\n\n\n<ul><li>Solveig Borchers<\/li><li>Robert H\u00fclsmann<\/li><li>Jonas Umgelter<\/li><\/ul>\n\n\n\n<p>Das Sprecherteam ist am Einfachsten <a href=\"mailto:ov-sued@gruene-stuttgart.de\" data-type=\"mailto\" data-id=\"mailto:ov-sued@gruene-stuttgart.de\">per Mail zu erreichen<\/a><\/p>\n\n\n\n<p>Sobald der n\u00e4chste Termin der OV-Sitzung feststeht, findest du den Termin unter <a href=\"https:\/\/gruene-ov-stuttgart.de\/sued\/termine\/\">&gt;&gt; Termine <\/a>.<\/p>\n","protected":false},"excerpt":{"rendered":"<p>Im Ortsverband sind alle Mitglieder versammelt, die im Stuttgarter S\u00fcden wohnen.<br \/>\nHier findet ihr die SprecherInnen.<\/p>\n","protected":false},"author":2,"featured_media":0,"parent":7,"menu_order":1,"comment_status":"closed","ping_status":"closed","template":"","meta":{"footnotes":""},"_links":{"self":[{"href":"https:\/\/gruene-ov-stuttgart.de\/sued\/wp-json\/wp\/v2\/pages\/10"}],"collection":[{"href":"https:\/\/gruene-ov-stuttgart.de\/sued\/wp-json\/wp\/v2\/pages"}],"about":[{"href":"https:\/\/gruene-ov-stuttgart.de\/sued\/wp-json\/wp\/v2\/types\/page"}],"author":[{"embeddable":true,"href":"https:\/\/gruene-ov-stuttgart.de\/sued\/wp-json\/wp\/v2\/users\/2"}],"replies":[{"embeddable":true,"href":"https:\/\/gruene-ov-stuttgart.de\/sued\/wp-json\/wp\/v2\/comments?post=10"}],"version-history":[{"count":14,"href":"https:\/\/gruene-ov-stuttgart.de\/sued\/wp-json\/wp\/v2\/pages\/10\/revisions"}],"predecessor-version":[{"id":920,"href":"https:\/\/gruene-ov-stuttgart.de\/sued\/wp-json\/wp\/v2\/pages\/10\/revisions\/920"}],"up":[{"embeddable":true,"href":"https:\/\/gruene-ov-stuttgart.de\/sued\/wp-json\/wp\/v2\/pages\/7"}],"wp:attachment":[{"href":"https:\/\/gruene-ov-stuttgart.de\/sued\/wp-json\/wp\/v2\/media?parent=10"}],"curies":[{"name":"wp","href":"https:\/\/api.w.org\/{rel}","templated":true}]}}