{"id":14,"date":"2016-03-06T21:07:56","date_gmt":"2016-03-06T20:07:56","guid":{"rendered":"http:\/\/gruene-ov-stuttgart.de\/sued\/?page_id=14"},"modified":"2024-03-04T22:43:45","modified_gmt":"2024-03-04T21:43:45","slug":"themen","status":"publish","type":"page","link":"https:\/\/gruene-ov-stuttgart.de\/sued\/gruen-wirkt\/themen\/","title":{"rendered":"Themen im \u00dcberblick"},"content":{"rendered":"\n<p class=\"intro\">Im Bezirksbeirat bearbeiten wir verschiedenste Themen aus dem Stadtbezirk.&nbsp;Unter den folgenden Links findet Ihr alle unsere Antr\u00e4ge der letzten Monate und Jahren nach Schwerpunktthemen sortiert. Viele weitere Themen kommen auch au\u00dferhalb der eigenen Antr\u00e4ge auf die Tagesordnung. <\/p>\n\n\n\n<p class=\"intro\">Der Bezirksbeirat besch\u00e4ftigt sich mit allen Projekten und Entwicklungen, die aus der Verwaltung kommen und den \u00f6ffentlichen Raum im Stadtbezirk betreffen. In der Regel ber\u00e4t der Bezirksbeirat dazu die Vorlagen aus der Verwaltung, stimmt beratend \u00fcber deren Umsetzung ab oder gibt so ein Stimmungsbild an die Verwaltung und den Gemeinderat zur\u00fcck. Auf dieser Basis werden die Pl\u00e4ne dann im Gemeinderat beschlossen \u2013 oder eben auch auf unseren Rat hin verbessert, ver\u00e4ndert oder zur Optimierung nochmals an die Verwaltung zur\u00fcck gegeben.<\/p>\n\n\n\n<p>In Antr\u00e4gen werden wir \u2013 oder auch andere Fraktionen \u2013 selbst aktiv. Mit Vorschl\u00e4gen, Projektideen und Pr\u00fcfauftr\u00e4gen k\u00f6nnen wir Projekte ansto\u00dfen.  Zu diesen nimmt die Verwaltung dann Stellung, k\u00fcndigt eine Umsetzung an, erkl\u00e4rt, wie und z.B, mit welchen finanziellen Mitteln sich etwas machen l\u00e4sst \u2013 oder muss zumindest begr\u00fcnden, warum sie einen Wunsch nicht erf\u00fcllen kann. <\/p>\n\n\n\n<ul><li><a href=\"https:\/\/gruene-ov-stuttgart.de\/sued\/thema\/stadtentwicklung\/\">&gt;&gt;<\/a><strong><a href=\"https:\/\/gruene-ov-stuttgart.de\/sued\/thema\/stadtentwicklung\/\"> Stadtplanung, \u00d6ffentlicher Raum, Pl\u00e4tze<\/a><br><\/strong>Neben eigenen Antr\u00e4gen geht es hier \u00fcberwiegend um Gr\u00fcnanlagen, die Reparatur oder Neuanlage von Spielpl\u00e4tzen. Auch Namensgebungen von Stra\u00dfen und Pl\u00e4tzen stehen bisweilen an. Auch die Ordnung oder Verunreinigungen im \u00f6ffentlichen Raum tauchen bisweilen auf der Tagesordnung des Bezirksbeirats auf&nbsp;<br><\/li><li><a href=\"https:\/\/gruene-ov-stuttgart.de\/sued\/thema\/stadtbegruenung\/\">&gt;&gt; <\/a><strong><a href=\"https:\/\/gruene-ov-stuttgart.de\/sued\/thema\/stadtbegruenung\/\">Gr\u00fcn in der Stadt, \u00d6kologie<\/a> <\/strong>und <a href=\"https:\/\/gruene-ov-stuttgart.de\/sued\/thema\/luftreinhaltung\/\">&gt;&gt; <strong>Luftreinhaltung<\/strong><\/a> und <a href=\"\/sued\/thema\/laermminderung\/\">&gt;&gt; <strong>L\u00e4rmreduzierung<\/strong><\/a><br>Diese Themen sind uns Gr\u00fcnen wichtig. Wir setzen uns f\u00fcr eine klimaresiliente Stadtentwicklung mit immer mehr entsiegelten Fl\u00e4chen ein. Wir wollen der zunehmenden Erderw\u00e4rmung k\u00fchle und schattige Orte in der Stadt entgegensetzen. Daf\u00fcr haben wir schon viele Antr\u00e4ge gestellt, einige Ma\u00dfnahmen wurden bereits umgesetzt. <br>&nbsp;<\/li><li><a href=\"https:\/\/gruene-ov-stuttgart.de\/sued\/thema\/verkehr\/\">&gt;&gt; <strong>Verkehr<\/strong><\/a><br>Das h\u00e4ufigste Thema im Bezirksbeirat ist die Entwicklung des lokalen Verkehrs. Wir sind den Zielbeschl\u00fcssen des Stuttgarter Verkehrsentwicklungsplanes 2030 und weiterer Grundsatzentscheidungen wie dem zur Fahrradfreundlichen Stadt verpflichtet. Wir kennen die Fu\u00dfverkehrsstrategie &#8211; die Ende 2023 etwa auch f\u00fcr Kaltental fortgeschrieben wurde \u2013 ebenso wie die Stuttgarter Carsharing-Strategie aus dem Jahr 2020. All diese Strategien sollen den Verkehr wie auch Verkehrsfl\u00e4chen in der Stadt gerechter und gleichberechtigter zwischen den verschiedenen Fortbewegungsmitteln verteilen. <br><br>Diese guten Ans\u00e4tze versuchen wir immer wieder mit Ideen und Antr\u00e4gen f\u00fcr den Stuttgarter S\u00fcden voran zu treiben &#8211; f\u00fcr Rad- und Fu\u00dfverkehr ebenso wie f\u00fcr den \u00d6PNV, f\u00fcr die Weiterentwicklung des Parkraums und eine beruhigte F\u00fchrung des flie\u00dfenden Verkehrs. &nbsp;&nbsp;<br> <ul><li><a href=\"https:\/\/gruene-ov-stuttgart.de\/sued\/thema\/verkehr\/fahrrad\/\">&gt;&gt; Ausbau der Radinfrastruktur<\/a><\/li><li><a href=\"https:\/\/gruene-ov-stuttgart.de\/sued\/thema\/verkehr\/fussgaenger\/\">&gt;&gt; Verbesserung der Situation f\u00fcr Fu\u00dfg\u00e4nger<\/a><\/li><li><a href=\"https:\/\/gruene-ov-stuttgart.de\/sued\/thema\/verkehr\/oepnv-oeffentlicher-nahverkehr\/\">&gt;&gt; Verbesserung des \u00d6ffentlichen Nahverkehrs<\/a><\/li><li><a href=\"https:\/\/gruene-ov-stuttgart.de\/sued\/thema\/parkraummanagement\/\">&gt;&gt; L\u00f6sung von Parkplatzproblemen<\/a><\/li><li><a href=\"https:\/\/gruene-ov-stuttgart.de\/sued\/thema\/verkehr\/geschwindigkeitsreduzierung\/\">&gt;&gt; Geschwindigkeitsreduzierung<\/a> <br><\/li><\/ul><\/li><li><a href=\"https:\/\/gruene-ov-stuttgart.de\/sued\/thema\/schulen\/\"><strong>Bildung<\/strong><\/a> und <a href=\"https:\/\/gruene-ov-stuttgart.de\/sued\/thema\/soziales\/\">&gt;&gt; <strong>Soziales<\/strong><\/a><br>Unsere Schulen liegen uns ebenso am Herzen wie die vielen Vereine und b\u00fcrgerschaftlichen Initiativen im Stadtbezirk. F\u00fcr Fragen und Anliegen aus der aktiven B\u00fcrgerschaft haben wir stets ein offenes Ohr &#8211; oder gleich mehrere. Sprechen Sie, sprecht uns an! Wir beraten bei Zuschuss-Fragen, kennen \u00c4mter und k\u00f6nnen oft auch mit einer kleine Vernetzung zu anderen Inis weiter helfen.<br><\/li><li><a href=\"https:\/\/gruene-ov-stuttgart.de\/sued\/thema\/kultur\/\">&gt;&gt;<\/a><strong><a href=\"https:\/\/gruene-ov-stuttgart.de\/sued\/thema\/kultur\/\" data-type=\"URL\" data-id=\"https:\/\/gruene-ov-stuttgart.de\/sued\/thema\/kultur\/\">Kultur<\/a><\/strong><br>Hier besch\u00e4ftigen wir uns h\u00e4ufig mit Aktivit\u00e4ten von Kultur-Inititativen, Schulen oder Vereinen, die Zusch\u00fcsse aus dem Bezirksbudget beantragen, um m\u00f6gliche Defizite auszugleichen oder besondere Aspekte ihrer Aktionen f\u00fcr den Bezirk zu verst\u00e4rken. So genehmigte der Bezirksbeirat Stuttgart-S\u00fcd etwa im letzten Jahr Zusch\u00fcsse f\u00fcr das Festival f\u00fcr jidische Musik, das Comic-Juju-Festival oder Aktivit\u00e4ten des Dialogtheaters.<br><\/li><li><a href=\"https:\/\/gruene-ov-stuttgart.de\/sued\/thema\/wirtschaft\/\" data-type=\"URL\" data-id=\"https:\/\/gruene-ov-stuttgart.de\/sued\/thema\/wirtschaft\/\">&gt;&gt; <strong>Wirtschaft<\/strong><\/a><br>Wir werden auch mit wirtschaftlichen Entwicklungen im Stadtbezirk konfrontiert und helfen wo immer m\u00f6glich weiter. So hat die Kommunikation unserer Kaltentaler Mitglieder zusammen mit Kolleg:innen aus anderen Fraktionen dazu beigetragen, dass der Fischmarkt in Kaltental kurzfristig einen Nachfolger gefunden hat<\/li><\/ul>\n","protected":false},"excerpt":{"rendered":"<p>m Bezirksbeirat bearbeiten wir verschiedenste Themen aus dem Stadtbezirk.\u00a0Hier findet Ihr alle unsere Antr\u00e4ge der letzten Monate und Jahren nach Schwerpunktthemen sortiert.<\/p>\n","protected":false},"author":2,"featured_media":0,"parent":869,"menu_order":3,"comment_status":"closed","ping_status":"closed","template":"","meta":{"footnotes":""},"_links":{"self":[{"href":"https:\/\/gruene-ov-stuttgart.de\/sued\/wp-json\/wp\/v2\/pages\/14"}],"collection":[{"href":"https:\/\/gruene-ov-stuttgart.de\/sued\/wp-json\/wp\/v2\/pages"}],"about":[{"href":"https:\/\/gruene-ov-stuttgart.de\/sued\/wp-json\/wp\/v2\/types\/page"}],"author":[{"embeddable":true,"href":"https:\/\/gruene-ov-stuttgart.de\/sued\/wp-json\/wp\/v2\/users\/2"}],"replies":[{"embeddable":true,"href":"https:\/\/gruene-ov-stuttgart.de\/sued\/wp-json\/wp\/v2\/comments?post=14"}],"version-history":[{"count":15,"href":"https:\/\/gruene-ov-stuttgart.de\/sued\/wp-json\/wp\/v2\/pages\/14\/revisions"}],"predecessor-version":[{"id":964,"href":"https:\/\/gruene-ov-stuttgart.de\/sued\/wp-json\/wp\/v2\/pages\/14\/revisions\/964"}],"up":[{"embeddable":true,"href":"https:\/\/gruene-ov-stuttgart.de\/sued\/wp-json\/wp\/v2\/pages\/869"}],"wp:attachment":[{"href":"https:\/\/gruene-ov-stuttgart.de\/sued\/wp-json\/wp\/v2\/media?parent=14"}],"curies":[{"name":"wp","href":"https:\/\/api.w.org\/{rel}","templated":true}]}}