{"id":17,"date":"2016-03-06T21:09:45","date_gmt":"2016-03-06T20:09:45","guid":{"rendered":"http:\/\/gruene-ov-stuttgart.de\/sued\/?page_id=17"},"modified":"2026-01-08T23:49:45","modified_gmt":"2026-01-08T22:49:45","slug":"impressum","status":"publish","type":"page","link":"https:\/\/gruene-ov-stuttgart.de\/sued\/impressum\/","title":{"rendered":"Impressum"},"content":{"rendered":"\n<p>Angaben gem\u00e4\u00df \u00a75 Telemediengesetz (TMG)<\/p>\n\n\n\n<p>Dieses Internetangebot wird unterhalten von<br> <b>B\u00dcNDNIS 90\/DIE GR\u00dcNEN Kreisverband Stuttgart<\/b><br> Vertretungsberechtigte:Amelie Montigel<br> K\u00f6nigstra\u00dfe 78<br> 70173 Stuttgart<br> Tel. 0711-6159501<br> Fax 0711-6159503<br> E-Mail: <a class=\"linkMail\" title=\"info@gruene-stuttgart.de\">info(at)gruene-stuttgart.de<\/a><\/p>\n\n\n\n<p>Verantwortlich f\u00fcr den Inhalt nach \u00a7\u00a755 Abs. 2 RstV<br> <b>B\u00dcNDNIS 90\/DIE GR\u00dcNEN Kreisverband Stuttgart<\/b>, <strong>OV Stuttgart-S\u00fcd<\/strong><br> Vertretungsberechtigte: Amelie Montigel (V.i.S.d.P)<br> Onlineredaktion Ortsverband Stuttgart-S\u00fcd: Anette Vogt, Reinhard Otter<br> K\u00f6nigstra\u00dfe 78<br> 70173 Stuttgart<br> Tel. 0711-6159501<br> Fax 0711-6159503<br> E-Mail: <a title=\"info@gruene-stuttgart.de\">info(at)gruene-stuttgart.de<\/a><\/p>\n\n\n\n<p><b>Realisierung durch<\/b><\/p>\n\n\n\n<p>newthinking communications GmbH<br>\nSch\u00f6nhauser Allee 6-7<br>\n10119 Berlin<a href=\"http:\/\/www.gruenes-cms.de\/\" target=\"blank\" rel=\"noopener noreferrer\"><br>\nwww.gruenes-cms.de<\/a><a href=\"http:\/\/www.newthinking.de\/\" target=\"blank\" rel=\"noopener noreferrer\"><br>\nwww.newthinking.de<\/a><\/p>\n\n\n\n<p>\n<\/p>\n\n\n\n<p><b>Haftungsausschluss \/ Disclaimer&nbsp;<\/b><\/p>\n\n\n\n<p><b>Haftung f\u00fcr Inhalte <\/b><br>\nDie Inhalte unserer Seiten wurden mit gr\u00f6\u00dfter Sorgfalt erstellt. F\u00fcr die Richtigkeit, Vollst\u00e4ndigkeit und Aktualit\u00e4t der Inhalte k\u00f6nnen wir jedoch keine Gew\u00e4hr \u00fcbernehmen. Als Dienstanbieter sind wir gem\u00e4\u00df \u00a7 7 Abs.1 TMG f\u00fcr eigene Inhalte auf diesen Seiten nach den allgemeinen Gesetzen verantwortlich.<br>\nNach \u00a7\u00a7 8 bis 10 TMG sind wir als Dienstanbieter jedoch nicht verpflichtet, \u00fcbermittelte oder gespeicherte fremde Informationen zu \u00fcberwachen oder nach Umst\u00e4nden zu forschen, die auf eine rechtswidrige T\u00e4tigkeit hinweisen. Verpflichtungen zur Entfernung oder Sperrung der Nutzung von Informationen nach den allgemeinen Gesetzen bleiben hiervon unber\u00fchrt. Eine diesbez\u00fcgliche Haftung ist jedoch erst ab dem Zeitpunkt der Kenntnis einer konkreten Rechtsverletzung m\u00f6glich. Bei Bekanntwerden von entsprechenden Rechtsverletzungen werden wir diese Inhalte umgehend entfernen.<\/p>\n\n\n\n<p><b>Haftung f\u00fcr Links <\/b><br>\nUnser Angebot enth\u00e4lt Links zu externen Webseiten Dritter, auf deren Inhalte wir keinen Einfluss haben. Deshalb k\u00f6nnen wir f\u00fcr diese fremden Inhalte auch keine Gew\u00e4hr \u00fcbernehmen. F\u00fcr die Inhalte der verlinkten Seiten ist stets der jeweilige Anbieter oder Betreiber der Seiten verantwortlich. Die verlinkten Seiten wurden zum Zeitpunkt der Verlinkung auf m\u00f6gliche Rechtsverst\u00f6\u00dfe \u00fcberpr\u00fcft. Rechtswidrige Inhalte waren zum Zeitpunkt der Verlinkung nicht erkennbar. Eine permanente inhaltliche Kontrolle der verlinkten Seiten ist jedoch ohne konkrete Anhaltspunkte einer Rechtsverletzung nicht zumutbar. Bei bekannt werden von Rechtsverletzungen werden wir derartige Links umgehend entfernen.<\/p>\n\n\n\n<p><b>Fotos \/ Bilder \/ Schriften<\/b><br> Alle Inhalte dieser Internetseiten werden unter Creative Commons-Lizenz ver\u00f6ffentlicht (Nennung des Urhebers, keine kommerzielle Nutzung). Von dieser Regelung ausdr\u00fccklich ausgenommen sind: Fotos und Grafiken, sofern diese nicht anders gekennzeichnet sind. Folgende Open Source Schriftarten Arvo Gr\u00fcn, Arvo Regular und PT Sans werden auf dieser Internetseite verwendet.<\/p>\n\n\n\n<p><b>Urheberrecht<\/b><br>\nDie durch die Seitenbetreiber erstellten Inhalte und Werke auf diesen Seiten unterliegen dem deutschen Urheberrecht.<br>\nDie Vervielf\u00e4ltigung, Bearbeitung, Verbreitung und jede Art der Verwertung au\u00dferhalb der Grenzen des Urheberrechtes bed\u00fcrfen der schriftlichen Zustimmung des jeweiligen Autors bzw. Erstellers. Downloads und Kopien dieser Seite sind nur f\u00fcr den privaten und nicht kommerziellen Gebrauch gestattet.<br>\nSoweit die Inhalte auf dieser Seite nicht vom Betreiber erstellt wurden, werden die Urheberrechte Dritter beachtet. Insbesondere werden Inhalte Dritter als solche gekennzeichnet. Sollten Sie trotzdem auf eine Urheberrechtsverletzung aufmerksam werden, bitten wir um einen entsprechenden Hinweis. Bei Bekanntwerden von Rechtsverletzungen werden wir derartige Inhalte umgehend entfernen.<\/p>\n\n\n\n<p><b>Datenschutz<br>\n<\/b>Wir wissen, dass Sie dem Thema Datenschutz gro\u00dfe Bedeutung beimessen. Deshalb ist uns der Schutz Ihrer pers\u00f6nlichen Daten ein wichtiges Anliegen und behandeln alle Ihre personenbezogenen Daten vertraulich und enstprechend der gesetzlichen Datenschutzvorschriften sowie unserer <a href=\"https:\/\/gruene-stuttgart.de\/meta-navigation\/top\/datenschutz\/\">Datenschutzerkl\u00e4rung<\/a>.<\/p>\n\n\n\n<p>Die Nutzung unserer Website ist in der Regel ohne personenbezogene Daten m\u00f6glich. Soweit auf unseren Seiten personenbezogene Daten (beispielsweise Namen, Anschrift oder email) erhoben werden, erfolgt dies, soweit m\u00f6glich, stets auf freiwilliger Basis. Diese Daten werden ohne Ihre ausdr\u00fcckliche Zustimmung nicht an Dritte weitergegeben.<br>\nWir weisen darauf hin, dass die Daten\u00fcbertragung im Internet (z.B. Kommunikation per E-Mail) Sicherheitsl\u00fccken aufweisen kann. Ein l\u00fcckenloser Schutz der Daten vor dem Zugriff durch Dritte ist nicht m\u00f6glich.<br>\nPers\u00f6nliche Daten, die Sie uns elektronisch \u00fcbermitteln, z.B. Ihren Namen, Postanschrift, E-Mail-Adresse oder andere pers\u00f6nlichen Angaben, werden von uns nur zum jeweils angegebenen Zweck verwendet, sicher verwahrt und nicht an Dritte weitergegeben. Wir werden Ihnen nur Informationen zuschicken, sofern Sie sich f\u00fcr entsprechende Dienste angemeldet haben.<\/p>\n\n\n\n<p><b><br>\nRecht auf Widerruf<br>\n<\/b>Sie haben jederzeit das Recht auf Widerruf; schicken Sie bitte eine Mail an <a>gcms(at)newthinking.de<\/a><br>\nIhre Daten werden dann umgehend l\u00f6schen.<\/p>\n\n\n\n<p><b>Verwendung von Cookies<br>\n<\/b>Es gibt eine Technik, genannt &#8222;Cookies&#8220;, mit deren Hilfe Informationen aus einer Website an Ihre Bed\u00fcrfnisse angepasst werden k\u00f6nnen. Ein Cookie ist ein Datenelement, das eine Website an Ihren Browser schicken kann, um es dort auf Ihrem System zu speichern.<\/p>\n\n\n\n<p>Gelegentlich nutzen auch wir tempor\u00e4re Cookies, damit wir Sie effektiver unterst\u00fctzen k\u00f6nnen, wenn Sie auf eine solche Website zur\u00fcckkommen oder um Formulare, vor Missbrauch und SPAM zu sch\u00fctzen. Sie haben jedoch die M\u00f6glichkeit, Ihren Browser so einzustellen, dass er Sie davon in Kenntnis setzt, wenn Sie ein Cookie erhalten. Dann k\u00f6nnen Sie selbst entscheiden, ob Sie das akzeptieren wollen oder nicht.<\/p>\n\n\n\n<p><i>Firefox (Windows):<\/i> -&gt;Extras -&gt;Einstellungen -&gt;Datenschutz -&gt;Chronik nach benutzerdefinierten Einstellungen anlegen<br>\nFirefox (Linux): Bearbeiten -&gt;Einstellungen -&gt;Datenschutz -&gt;Chronik nach benutzerdefinierten Einstellungen anlegen<i><\/i><\/p>\n\n\n\n<p><i>Internet Explorer:<\/i> -&gt;Extras -&gt;Internetoptionen -&gt;Datenschutz -&gt;Erweitert<\/p>\n\n\n\n<p>\n<\/p>\n\n\n\n<p>Quellenverweis Impressum: <a href=\"http:\/\/www.impressum-generator.de\/\" target=\"_blank\" rel=\"noopener noreferrer\">impressum-generator.de<\/a><br>\nStuttgart, 18.05.2018<\/p>\n","protected":false},"excerpt":{"rendered":"<p>Angaben gem\u00e4\u00df \u00a75 Telemediengesetz (TMG) Dieses Internetangebot wird unterhalten von B\u00dcNDNIS 90\/DIE GR\u00dcNEN Kreisverband Stuttgart Vertretungsberechtigte:Amelie Montigel K\u00f6nigstra\u00dfe 78 70173 Stuttgart Tel. 0711-6159501 Fax 0711-6159503 E-Mail: info(at)gruene-stuttgart.de Verantwortlich f\u00fcr den&#8230; <\/p>\n","protected":false},"author":2,"featured_media":0,"parent":0,"menu_order":9,"comment_status":"closed","ping_status":"closed","template":"","meta":{"footnotes":""},"_links":{"self":[{"href":"https:\/\/gruene-ov-stuttgart.de\/sued\/wp-json\/wp\/v2\/pages\/17"}],"collection":[{"href":"https:\/\/gruene-ov-stuttgart.de\/sued\/wp-json\/wp\/v2\/pages"}],"about":[{"href":"https:\/\/gruene-ov-stuttgart.de\/sued\/wp-json\/wp\/v2\/types\/page"}],"author":[{"embeddable":true,"href":"https:\/\/gruene-ov-stuttgart.de\/sued\/wp-json\/wp\/v2\/users\/2"}],"replies":[{"embeddable":true,"href":"https:\/\/gruene-ov-stuttgart.de\/sued\/wp-json\/wp\/v2\/comments?post=17"}],"version-history":[{"count":7,"href":"https:\/\/gruene-ov-stuttgart.de\/sued\/wp-json\/wp\/v2\/pages\/17\/revisions"}],"predecessor-version":[{"id":1221,"href":"https:\/\/gruene-ov-stuttgart.de\/sued\/wp-json\/wp\/v2\/pages\/17\/revisions\/1221"}],"wp:attachment":[{"href":"https:\/\/gruene-ov-stuttgart.de\/sued\/wp-json\/wp\/v2\/media?parent=17"}],"curies":[{"name":"wp","href":"https:\/\/api.w.org\/{rel}","templated":true}]}}