{"id":883,"date":"2024-02-17T17:31:20","date_gmt":"2024-02-17T16:31:20","guid":{"rendered":"https:\/\/gruene-ov-stuttgart.de\/sued\/?page_id=883"},"modified":"2025-01-01T14:33:36","modified_gmt":"2025-01-01T13:33:36","slug":"im-bezirk-bezirksbeirat","status":"publish","type":"page","link":"https:\/\/gruene-ov-stuttgart.de\/sued\/gruen-wirkt\/im-bezirk-bezirksbeirat\/","title":{"rendered":"Im Bezirk und Bezirksbeirat"},"content":{"rendered":"\n<p>Die Arbeit im Bezirksbeirat ist sehr vielf\u00e4ltig. Neben den allgemeinen Beratungen zu Themen aus der verwaltung oder der Stadtgesellschaft k\u00f6nnen wir als Fraktion auch eigenen Antr\u00e4ge einbringen und so Themen auf die Agenda setzen, die uns wichtig sind. <\/p>\n\n\n\n<figure class=\"wp-block-image size-large is-resized\"><img loading=\"lazy\" decoding=\"async\" width=\"800\" height=\"612\" src=\"https:\/\/gruene-ov-stuttgart.de\/sued\/wp-content\/uploads\/2025\/01\/Fraktion_24ff-Kopie-800x612.jpg\" alt=\"Die Gr\u00fcne Bezirksbeiratsfraktion in Stuttgart-S\u00fcd seit September 2024\" class=\"wp-image-1148\" srcset=\"https:\/\/gruene-ov-stuttgart.de\/sued\/wp-content\/uploads\/2025\/01\/Fraktion_24ff-Kopie-800x612.jpg 800w, https:\/\/gruene-ov-stuttgart.de\/sued\/wp-content\/uploads\/2025\/01\/Fraktion_24ff-Kopie-400x306.jpg 400w, https:\/\/gruene-ov-stuttgart.de\/sued\/wp-content\/uploads\/2025\/01\/Fraktion_24ff-Kopie-768x588.jpg 768w, https:\/\/gruene-ov-stuttgart.de\/sued\/wp-content\/uploads\/2025\/01\/Fraktion_24ff-Kopie-150x115.jpg 150w, https:\/\/gruene-ov-stuttgart.de\/sued\/wp-content\/uploads\/2025\/01\/Fraktion_24ff-Kopie.jpg 1200w\" sizes=\"(max-width: 800px) 100vw, 800px\" \/><figcaption class=\"wp-element-caption\">Die Gr\u00fcne Bezirksbeiratsfraktion in Stuttgart-S\u00fcd seit September 2024: Vorn v.l.n.r.: Franziska G\u00f6tz, Thorsten Weg, Judith H\u00e4ring, Florian Putsche (Betreuungsstadtrat). Hinten v.l.n.r.: Reinhard Otter, Anette Vogt, Andrea Pfletschinger, Robert H\u00fclsmann. Auf dem Foto fehlt Philipp Buchholz.<\/figcaption><\/figure>\n\n\n\n<p>Hallo, wir sind die Gr\u00fcne Fraktion im Bezirksbeirat Stuttgart-S\u00fcd. Sie und\/oder Ihre Nachbarn haben DIE GR\u00dcNEN bei der letzten Gemeinderatswahl als st\u00e4rkste Gruppierung im Stuttgarter S\u00fcden gew\u00e4hlt. Den damit verbundenen Auftrag nehmen wir sehr ernst.&nbsp;<\/p>\n\n\n\n<p>Die Gr\u00fcne Bezirksbeiratsfraktion besteht derzeit aus je vier ordentlichen und stellvertretenden Bezirksbeir\u00e4tinnen und -beir\u00e4ten. Als st\u00e4rkste Fraktion im Stadtbezirk stellen wir auch den stellvertretenden Bezirksvorsteher.\u00a0Aus unserem Ortsverband haben wir auch einen sachkundigen Einwohner f\u00fcr das Sanierungsgebiet Kaltental vorgeschlagen, der den Bezirksbeirat bei allen Themen rund um die Entwicklung des s\u00fcd\u00f6stlichsten Stadtteils ber\u00e4t. Die einzelnen Gr\u00fcnen Mitglieder <a href=\"https:\/\/gruene-ov-stuttgart.de\/sued\/buendnis-90-die-gruenen-in-stuttgart-sued\/die-bezirksbeiratsfraktion\/\" data-type=\"page\" data-id=\"12\">stellen sich hier pers\u00f6nlich vor<\/a>. <\/p>\n\n\n\n<p>Unsere Arbeit im Bezirksbeirat konzentriert sich auf Stuttgart-S\u00fcd. Wo immer sich hier etwas tut, wird der Bezirksbeirat geh\u00f6rt. Die Sitzungen des Bezirksbeirats sind \u00f6ffentlich &#8211; wann sie stattfinden, steht auf unserer <a href=\"https:\/\/gruene-ov-stuttgart.de\/sued\/termine\/\">Termine-Seite<\/a>. Das Gremium gibt zu allen \u00f6ffentlichen Projekten im Stadtbezirk sein beratendes Votum ab. Es kann dabei \u00c4nderungen oder Erg\u00e4nzungen vorschlagen. <\/p>\n\n\n\n<p>\u00dcber unseren Betreuungsstadtrat tragen wir auch au\u00dferhalb des Bezirksbeirats Themen aus Stuttgart-S\u00fcd in den Gemeinderat. Mit eigenen Antr\u00e4gen im Bezirksbeirat k\u00f6nnen wir Verbesserungen vor Ort ansto\u00dfen, zum Beispiel zur Aufwertung des \u00f6ffent\u00adlichen Raumes, f\u00fcr sichere Fu\u00dfwege oder soziale Themen. \u00dcber das Bezirksbudget kann der Bezirksbeirat hiesige Vereine und Initiativen bei Projekten f\u00fcr den Stadtbezirk finanziell unterst\u00fctzen. Kommen Sie mit Ideen und Fragen <a href=\"https:\/\/gruene-ov-stuttgart.de\/sued\/buendnis-90-die-gruenen-in-stuttgart-sued\/die-bezirksbeiratsfraktion\/\" data-type=\"page\" data-id=\"12\">gern auf uns zu<\/a>!<\/p>\n\n\n\n<h2 class=\"wp-block-heading\">Unsere Top 5-Themen in K\u00fcrze<\/h2>\n\n\n\n<ol>\n<li><strong>Lebenswertes Stadtklima<\/strong> \u2013 mit mehr Gr\u00fcn, Schatten-B\u00e4umen und Wasser passen wir den Stadtbezirk an den Klimawandel an.&nbsp;<\/li>\n\n\n\n<li><strong>B\u00e4ume, Beete, B\u00e4nke <\/strong>\u2013 der \u00f6ffentliche Raum geh\u00f6rt allen. Wir erschlie\u00dfen erholsame Pl\u00e4tze f\u00fcr Klein und Gro\u00df.<\/li>\n\n\n\n<li><strong>Sozialer Zusammenhalt <\/strong>\u2013gemeinsam gestalten, vernetzen und beteiligen. Wir unterst\u00fctzen soziale Projekte, Aktionen und Initiativen. &nbsp;<\/li>\n\n\n\n<li><strong>Klimafreundlich unterwegs <\/strong>\u2013 saubere Mobilit\u00e4t muss f\u00fcr alle verf\u00fcgbar sein. Daf\u00fcr st\u00e4rken wir \u00d6PNV, Rad- und Fu\u00dfverkehr.<\/li>\n\n\n\n<li><strong>Kultur f\u00f6rdern <\/strong>\u2013 Feste, kulturelle Events und Treffpunkte von S\u00fcd-Bewohner:innen erm\u00f6glichen. Wir lieben und unterst\u00fctzen die vielf\u00e4ltigen Angebote im Stadtbezirk.<\/li>\n<\/ol>\n\n\n\n<blockquote class=\"wp-block-quote has-text-align-center\">\n<p><strong>\u00bb Mit offenen Augen und Ohren aktiv im Bezirk \u2013 so dienen wir unserer Stadtgesellschaft vor Ort \u00ab\u00a0<\/strong><\/p>\n<cite>Reinhard Otter, Bezirksbeirat und stellv. Bezirksvorsteher<\/cite><\/blockquote>\n\n\n\n<p>Weitere Themen findet ihr auf unserer <a href=\"https:\/\/gruene-ov-stuttgart.de\/sued\/themen\/\" data-type=\"URL\" data-id=\"https:\/\/gruene-ov-stuttgart.de\/sued\/themen\/\">Themenseite<\/a> <\/p>\n","protected":false},"excerpt":{"rendered":"<p>So funktioniert die Arbeit im Bezirksbeirat: Von allgemeinen Beratungen zu Themen aus der Verwaltung \u00fcber Berichte aus der Stadtgesellschaft bis zu eigenen Antr\u00e4gen unserer Fraktion.<\/p>\n","protected":false},"author":11,"featured_media":901,"parent":869,"menu_order":4,"comment_status":"closed","ping_status":"closed","template":"","meta":{"footnotes":""},"_links":{"self":[{"href":"https:\/\/gruene-ov-stuttgart.de\/sued\/wp-json\/wp\/v2\/pages\/883"}],"collection":[{"href":"https:\/\/gruene-ov-stuttgart.de\/sued\/wp-json\/wp\/v2\/pages"}],"about":[{"href":"https:\/\/gruene-ov-stuttgart.de\/sued\/wp-json\/wp\/v2\/types\/page"}],"author":[{"embeddable":true,"href":"https:\/\/gruene-ov-stuttgart.de\/sued\/wp-json\/wp\/v2\/users\/11"}],"replies":[{"embeddable":true,"href":"https:\/\/gruene-ov-stuttgart.de\/sued\/wp-json\/wp\/v2\/comments?post=883"}],"version-history":[{"count":11,"href":"https:\/\/gruene-ov-stuttgart.de\/sued\/wp-json\/wp\/v2\/pages\/883\/revisions"}],"predecessor-version":[{"id":1151,"href":"https:\/\/gruene-ov-stuttgart.de\/sued\/wp-json\/wp\/v2\/pages\/883\/revisions\/1151"}],"up":[{"embeddable":true,"href":"https:\/\/gruene-ov-stuttgart.de\/sued\/wp-json\/wp\/v2\/pages\/869"}],"wp:featuredmedia":[{"embeddable":true,"href":"https:\/\/gruene-ov-stuttgart.de\/sued\/wp-json\/wp\/v2\/media\/901"}],"wp:attachment":[{"href":"https:\/\/gruene-ov-stuttgart.de\/sued\/wp-json\/wp\/v2\/media?parent=883"}],"curies":[{"name":"wp","href":"https:\/\/api.w.org\/{rel}","templated":true}]}}