{"id":892,"date":"2024-02-18T13:23:12","date_gmt":"2024-02-18T12:23:12","guid":{"rendered":"https:\/\/gruene-ov-stuttgart.de\/sued\/?page_id=892"},"modified":"2024-03-04T22:46:21","modified_gmt":"2024-03-04T21:46:21","slug":"erfolge-und-ziele","status":"publish","type":"page","link":"https:\/\/gruene-ov-stuttgart.de\/sued\/gruen-wirkt\/erfolge-und-ziele\/","title":{"rendered":"Erfolge und Ziele"},"content":{"rendered":"\n<p>F\u00fcr diese Themen brennen wir. Daf\u00fcr haben wir uns ganz besonders eingesetzt und bleiben auch k\u00fcnftig dran. <\/p>\n\n\n\n<h2 class=\"wp-block-heading\">B\u00e4ume, Beete, B\u00e4nke <\/h2>\n\n\n\n<p>Das ist unser Slogan f\u00fcr einen gr\u00fcneren, sozialen, barrierefreien und generationengerechten S\u00fcden. Wir brauchen B\u00e4ume zur Abk\u00fchlung, f\u00fcr V\u00f6gel und Insekten. \u00d6ffentliche Gr\u00fcnfl\u00e4chen sollen vielf\u00e4ltiger und gemeinschaftlich genutzt werden, Wegebeziehungen barrierefrei. F\u00fcr schw\u00e4chere Menschen sind ausreichend Sitzgelegenheiten wichtig. All das wollen wir vorantreiben \u2013 im Kleinen wie im Gro\u00dfen.<\/p>\n\n\n\n<p>Hier gehts zu unserem <a href=\"https:\/\/gruene-ov-stuttgart.de\/sued\/stadtbegruenung\/baeume-beete-baenke\/\" data-type=\"post\" data-id=\"520\">Leitantrag zum Thema<\/a>.<\/p>\n\n\n\n<h2 class=\"wp-block-heading\">Neuer Stadtraum B14 \u2013 jetzt gestalten&nbsp;<\/h2>\n\n\n\n<p>Die B14 ist die asphaltierte Wunde im Herzen unserer Stadt. Im S\u00fcden durchschneidet die Hauptst\u00e4tter Stra\u00dfe unseren Stadtbezirk in zwei Teile. L\u00e4rm und Abgase plagen die Anwohnerinnen und Anwohner. Zur Querung muss man lange an Ampeln warten, die Gehwege sind schmal, an Fahrradfahren auf der B14 ist kaum zu denken. Wir wollen die Hauptst\u00e4tter Stra\u00dfe lebenswerter machen und den Verkehr reduzieren. <\/p>\n\n\n\n<p>Wir setzen uns f\u00fcr die zeitnahe Umsetzung des Siegerentwurfs des st\u00e4dtebaulichen Wettbewerbs \u201eNeuer Stadtraum B14\u201c im Abschnitt vom Marienplatz bis zum \u00d6sterreichischen Platz ein. Eine Reduzierung der Fahrspuren ist hierf\u00fcr der erste Schritt. Das muss nat\u00fcrlich im Einklang mit den anderen betroffenen Stadtbezirken erfolgen. Hier stimmen wir uns eng <a rel=\"noreferrer noopener\" href=\"https:\/\/lust-auf-stadt.de\/themen\/stadtentwicklung\/\" target=\"_blank\">mit der Gr\u00fcnen<\/a><a href=\"https:\/\/lust-auf-stadt.de\/themen\/stadtentwicklung\/\" target=\"_blank\" rel=\"noreferrer noopener\"> <\/a><a rel=\"noreferrer noopener\" href=\"https:\/\/lust-auf-stadt.de\/themen\/stadtentwicklung\/\" target=\"_blank\">Gemeinderatsfraktion ab<\/a> und beraten Sie zu unseren Bed\u00fcrfnissen und Ideen aus dem S\u00fcden.<\/p>\n\n\n\n<h2 class=\"wp-block-heading\">Quartiere f\u00fcr Menschen&nbsp;&#8211; und f\u00fcr besseres Klima<\/h2>\n\n\n\n<p>Lebensqualit\u00e4t im Stadtteil beginnt mit Nahversorgung der kurzen Wege, gelebter Nachbarschaft, \u00f6ffentlichem Raum f\u00fcr Begegnung, Platz f\u00fcr Kinder und Familien \u2013 Raum f\u00fcr Alle. \u00d6ffentliche Feste und kulturelle Ereignisse begeistern und f\u00fchren zusammen. <\/p>\n\n\n\n<p>Und nicht zuletzt sind Sicher\u00adheit und Sauberkeit ein Wohlf\u00fchlfaktor. Daf\u00fcr m\u00fcssen Fu\u00df- und Radwege attraktiv und sicher sein. Auch L\u00e4rmschutz und eine Reduzi\u00ad\u00ade\u00adrung des Autoverkehrs in Wohngebieten sollten vorangebracht werden.<\/p>\n\n\n\n<p>Innenstadt-Quartiere m\u00fcssen heute der Klimaerw\u00e4rmung gerecht werden und k\u00fchle Oasen und Orte mit Trinkwasserversorgung bieten. Die Stadt muss mehr Fl\u00e4chen entsiegeln, als wir alle zusammen zubauen. Begr\u00fcnung, Entsiegeln und blaue Infrastruktur z\u00e4hlen zu den wichtigsten Ma\u00dfnahmen einer klimaresilienteren &#8222;Schwammstadt&#8220;, die wir in Zukunft dringend brauchen.<\/p>\n\n\n\n<p>All diese Themen haben wir 2023 gemeinsam mit den Kolleg:innen der SPD zu einem Grundsatzantrag zusammengefasst, um Den S\u00fcden zu einem <a href=\"https:\/\/gruene-ov-stuttgart.de\/sued\/stadtentwicklung\/stuttgart-sued-zum-modellbezirk-fuer-die-anpassung-an-den-klimawandel-machen\/\" data-type=\"post\" data-id=\"853\">Modellbezirk f\u00fcr die Anpassung an den Klimawandel zu machen<\/a>.<\/p>\n\n\n\n<figure class=\"wp-block-image size-large\"><img loading=\"lazy\" decoding=\"async\" width=\"800\" height=\"351\" src=\"https:\/\/gruene-ov-stuttgart.de\/sued\/wp-content\/uploads\/2024\/02\/Liststrasse_2fach-800x351.jpg\" alt=\"\" class=\"wp-image-894\" srcset=\"https:\/\/gruene-ov-stuttgart.de\/sued\/wp-content\/uploads\/2024\/02\/Liststrasse_2fach-800x351.jpg 800w, https:\/\/gruene-ov-stuttgart.de\/sued\/wp-content\/uploads\/2024\/02\/Liststrasse_2fach-400x175.jpg 400w, https:\/\/gruene-ov-stuttgart.de\/sued\/wp-content\/uploads\/2024\/02\/Liststrasse_2fach-768x337.jpg 768w, https:\/\/gruene-ov-stuttgart.de\/sued\/wp-content\/uploads\/2024\/02\/Liststrasse_2fach-150x66.jpg 150w, https:\/\/gruene-ov-stuttgart.de\/sued\/wp-content\/uploads\/2024\/02\/Liststrasse_2fach.jpg 1500w\" sizes=\"(max-width: 800px) 100vw, 800px\" \/><figcaption>Die Wanderbaumallee hat schon in einigen Stra\u00dfenz\u00fcgen eindrucksvoll gezeigt, wie man mit geringem Aufwand eine Stra\u00dfe um Einiges wohnlicher und nachbarschaftsfreundlicher gestalten kann. (Fotos: R. Otter)<\/figcaption><\/figure>\n\n\n\n<h2 class=\"wp-block-heading\">Klein List<\/h2>\n\n\n\n<p>Das Lehenviertel z\u00e4hlt zu den sch\u00f6nsten Gr\u00fcnder\u00adzeit\u00advierteln unserer Stadt. Es bildet ein lebendiges Zentrum mit erfolgreichem Einzelhandel und Gastronomie. Das Stra\u00dfenbild bietet allerdings kaum Gr\u00fcn, und daf\u00fcr schier endlose Parpklatz-Reihen. Das wollen Anwohnerinnen und Gewerbetreibende seit Jahren \u00e4ndern. Der zugeh\u00f6rige Entwurf \u201eKlein List\u201c des ans\u00e4ssigen Architekten Heinz Lermann existiert seit 2015. Mittlerweile hat die Stadtverwaltung die Planung einer aktualisierten Version der Idee begonnen. <a href=\"https:\/\/gruene-ov-stuttgart.de\/sued\/stadtentwicklung\/engagiert-fuer-klein-list\/\" data-type=\"post\" data-id=\"655\">Dies unterst\u00fctzen wir<\/a>, etwa indem wir die n\u00f6tigen Finanzmittel anfordern und in der Nachbarschaft f\u00fcr das Projekt werben.<\/p>\n\n\n\n<figure class=\"wp-block-image size-large\"><img loading=\"lazy\" decoding=\"async\" width=\"800\" height=\"563\" src=\"https:\/\/gruene-ov-stuttgart.de\/sued\/wp-content\/uploads\/2024\/02\/Skizze_Klein_List_2-800x563.jpg\" alt=\"\" class=\"wp-image-895\" srcset=\"https:\/\/gruene-ov-stuttgart.de\/sued\/wp-content\/uploads\/2024\/02\/Skizze_Klein_List_2-800x563.jpg 800w, https:\/\/gruene-ov-stuttgart.de\/sued\/wp-content\/uploads\/2024\/02\/Skizze_Klein_List_2-400x281.jpg 400w, https:\/\/gruene-ov-stuttgart.de\/sued\/wp-content\/uploads\/2024\/02\/Skizze_Klein_List_2-768x540.jpg 768w, https:\/\/gruene-ov-stuttgart.de\/sued\/wp-content\/uploads\/2024\/02\/Skizze_Klein_List_2-150x106.jpg 150w, https:\/\/gruene-ov-stuttgart.de\/sued\/wp-content\/uploads\/2024\/02\/Skizze_Klein_List_2.jpg 1500w\" sizes=\"(max-width: 800px) 100vw, 800px\" \/><figcaption>Der Entwurf f\u00fcr das Mikro-Zentrum &#8222;Klein List&#8220; ist bereits 2015 entstanden. Mittlerweile unterst\u00fctzt der Bezirksbeirat das Projekt und hat es einstimmig in seine <a href=\"https:\/\/gruene-ov-stuttgart.de\/sued\/bezirksbeirat\/klein-list-umsetzen\/\" data-type=\"post\" data-id=\"856\">Antr\u00e4ge zum Doppelhaushalt 2024\/25 aufgenommen<\/a>. Im Rahmen des Programms &#8222;Superblocks in Innenstadt-Wohngebieten&#8220; wurden Haushaltsmittel auch f\u00fcr den S\u00fcden bewilligt, so dass jetzt, im Fr\u00fchjahr 2024 endlich eine konkrete Umsetzung f\u00fcr die Begr\u00fcnung und Verkehrsberuhigung im Lehenviertel los gehen kann. (Illustration: Heinz Lermann) <\/figcaption><\/figure>\n\n\n\n<h2 class=\"wp-block-heading\">Kultur f\u00f6rdern<\/h2>\n\n\n\n<p>Wir f\u00f6rdern und unterst\u00fctzen Kultur &#8211; die sich bei uns im S\u00fcden eher in kleinen Theatern, bei Institutionen und auf den zahlreichen Stra\u00dfen- und Stadtfesten abspielt. Gerade das ist die St\u00e4rke in unserem Bezirk: Kultur &#8211; von Musik \u00fcber Kunst bis Theater &#8211; lebt nicht nur von gro\u00dfen, gef\u00f6rderten Institutionen oder bekannten Namen, sondern wird der Nachbarschaft von vielen ehrenamtlich engagierten B\u00fcrger:innen nahegebracht \u2013 auch mit unserer Unterst\u00fctzung f\u00fcr zahlreiche Zuschuss- und Sondernutzungsantr\u00e4ge f\u00fcr kulturelle Aktionen im \u00f6ffentlichen Raum.<\/p>\n\n\n\n<figure class=\"wp-block-image size-large\"><img loading=\"lazy\" decoding=\"async\" width=\"800\" height=\"600\" src=\"https:\/\/gruene-ov-stuttgart.de\/sued\/wp-content\/uploads\/2023\/04\/IMG_1101D-800x600.jpg\" alt=\"Friedrich Westmeyer Gedenken am Marienplatz\" class=\"wp-image-808\" srcset=\"https:\/\/gruene-ov-stuttgart.de\/sued\/wp-content\/uploads\/2023\/04\/IMG_1101D-800x600.jpg 800w, https:\/\/gruene-ov-stuttgart.de\/sued\/wp-content\/uploads\/2023\/04\/IMG_1101D-400x300.jpg 400w, https:\/\/gruene-ov-stuttgart.de\/sued\/wp-content\/uploads\/2023\/04\/IMG_1101D-768x576.jpg 768w, https:\/\/gruene-ov-stuttgart.de\/sued\/wp-content\/uploads\/2023\/04\/IMG_1101D-1536x1152.jpg 1536w, https:\/\/gruene-ov-stuttgart.de\/sued\/wp-content\/uploads\/2023\/04\/IMG_1101D-2048x1536.jpg 2048w, https:\/\/gruene-ov-stuttgart.de\/sued\/wp-content\/uploads\/2023\/04\/IMG_1101D-150x113.jpg 150w\" sizes=\"(max-width: 800px) 100vw, 800px\" \/><figcaption>Kultur im \u00f6ffentlichen Raum: das Volkstheater und die Geschichtswerkstatt Stuttgart-S\u00fcd gedachten im Januar 2023 mit einer \u00f6ffentlichen Performance an den 150. Geburtstag des Sozialdemokraten Friedrich Westmeyer, der einst eine bedeutende Rede auf dem Marienplatz hielt. <\/figcaption><\/figure>\n\n\n\n<p>Besonders wichtig f\u00fcr den sozialen und kulturellen Zusammenhalt im Stadtbezirk ist uns die seit einigen Jahren existierende Stelle f\u00fcr die Sozialraum-Koordination KUGEL (KUlturen Gemeinsam Leben), deren Bestehen wir in den letzten Jahren <a href=\"https:\/\/gruene-ov-stuttgart.de\/sued\/bezirksbeirat\/projekt-kugel-weiterfuehren\/\">immer wieder durch engagiertes Nachhaken und Beantragen weiter finanzieren lassen konnten<\/a>. Mittlerweile ist die Stadtverwaltung so weit, dass sie solche Stellen f\u00fcr weitere Stadtbezirke einrichtet und daf\u00fcr ein stadtweites Konzept entwickelt. KUGEL soll dabei mit Pate stehen.<\/p>\n\n\n\n<h2 class=\"wp-block-heading\"><strong>Zusammenhalt in Kaltental&nbsp;<\/strong><\/h2>\n\n\n\n<p>Der s\u00fcdlichste Stadtteil hat einige Herausforderungen zu meistern. Sei es die Lage mit den beiden H\u00fcgeln, sei es die Trennung durch die B\u00f6blinger Stra\u00dfe mit U-Bahn, Hauptradroute und vielen Autos. Mit dem Einsatz engagierter B\u00fcrger:innen und Unterst\u00fctzung des Sanierungsgebiets kommen wir voran &#8211; auch, indem sich die Kaltentalerinnen und Kaltentaler an der vom Bezirksbeirat gef\u00f6rderten Mitfahrbank gegenseitig \u201ehoch nehmen\u201c.<\/p>\n\n\n\n<figure class=\"wp-block-image size-large\"><img loading=\"lazy\" decoding=\"async\" width=\"800\" height=\"600\" src=\"https:\/\/gruene-ov-stuttgart.de\/sued\/wp-content\/uploads\/2024\/02\/IMG_8237-800x600.jpg\" alt=\"\" class=\"wp-image-896\" srcset=\"https:\/\/gruene-ov-stuttgart.de\/sued\/wp-content\/uploads\/2024\/02\/IMG_8237-800x600.jpg 800w, https:\/\/gruene-ov-stuttgart.de\/sued\/wp-content\/uploads\/2024\/02\/IMG_8237-400x300.jpg 400w, https:\/\/gruene-ov-stuttgart.de\/sued\/wp-content\/uploads\/2024\/02\/IMG_8237-768x576.jpg 768w, https:\/\/gruene-ov-stuttgart.de\/sued\/wp-content\/uploads\/2024\/02\/IMG_8237-150x113.jpg 150w, https:\/\/gruene-ov-stuttgart.de\/sued\/wp-content\/uploads\/2024\/02\/IMG_8237.jpg 1500w\" sizes=\"(max-width: 800px) 100vw, 800px\" \/><figcaption>Bezirksbeir\u00e4tin Christa Niemeier mit ihren Kollegen Hartmut Bremer und Reinhard Otter (v.l.n.r.) bei der Er\u00f6ffnung der ersten Mitfahrbank in Kaltental im Sommer 2022.<\/figcaption><\/figure>\n\n\n\n<h2 class=\"wp-block-heading\">Neue Wege f\u00fcr den Radverkehr <\/h2>\n\n\n\n<p>Mit der T\u00fcbinger Stra\u00dfe ist der S\u00fcden Vorreiter in Sachen Fahrradstra\u00dfe. Kaltental hat nun endlich eine sichere Radspur, und die Fahrradstra\u00dfe in der M\u00f6hringer- und Burgstallstra\u00dfe schlie\u00dft eine L\u00fccke in der Hauptradroute 1 &#8211; auch dank Gr\u00fcner \u00dcberzeugungsarbeit. <\/p>\n\n\n\n<p>Daneben setzen wir uns f\u00fcr gute Radwege nach Stuttgart-West ein: An der Hohenstaufenstra\u00dfe entsteht im Herbst 2023 eine Radspur bergauf. An der Schickhardtstra\u00dfe, im Schwabtunnel und an der Alten Weinsteige suchen wir weiter L\u00f6sungen f\u00fcr bessere Rad-Infrastruktur.<\/p>\n\n\n\n<p>Hier gehts zu unseren <a href=\"https:\/\/gruene-ov-stuttgart.de\/sued\/thema\/verkehr\/fahrrad\/\">Antr\u00e4gen und Ideen f\u00fcr eine bessere Fahrrad-Infrastruktur<\/a><\/p>\n\n\n\n<figure class=\"wp-block-image size-large\"><img loading=\"lazy\" decoding=\"async\" width=\"800\" height=\"497\" src=\"https:\/\/gruene-ov-stuttgart.de\/sued\/wp-content\/uploads\/2024\/02\/image-4-800x497.jpg\" alt=\"\" class=\"wp-image-893\" srcset=\"https:\/\/gruene-ov-stuttgart.de\/sued\/wp-content\/uploads\/2024\/02\/image-4-800x497.jpg 800w, https:\/\/gruene-ov-stuttgart.de\/sued\/wp-content\/uploads\/2024\/02\/image-4-400x248.jpg 400w, https:\/\/gruene-ov-stuttgart.de\/sued\/wp-content\/uploads\/2024\/02\/image-4-768x477.jpg 768w, https:\/\/gruene-ov-stuttgart.de\/sued\/wp-content\/uploads\/2024\/02\/image-4-150x93.jpg 150w, https:\/\/gruene-ov-stuttgart.de\/sued\/wp-content\/uploads\/2024\/02\/image-4.jpg 1500w\" sizes=\"(max-width: 800px) 100vw, 800px\" \/><figcaption>So bekommt der Radverkehr an wichtigen Stellen Vorrang: Idee. f\u00fcr die Bevorrechtigung der Hauptradroute 1 am \u00dcbergang \u00fcber die B\u00f6heimstra\u00dfe. Umgesetzt wird 2024 eine Bedarfs-Ampelschaltung mit Rad-Vorrang. (Grafik: Zweirat Stuttgart)<\/figcaption><\/figure>\n\n\n\n<h2 class=\"wp-block-heading\">Das Schoettleareal als neue Quartiersmitte<\/h2>\n\n\n\n<p>Ende 2023 zieht das Statistische Landesamt aus seinem Geb\u00e4ude am Erwin-Schoettle-Platz aus. Die Geb\u00e4ude der Uni Stuttgart neben\u00adan werden ab 2035 frei. Das Gel\u00e4nde bietet damit die einmalige Chance sich zu \u00f6ffnen, neue Begegnungsorte f\u00fcr das Quartier zu schaffen \u2013 etwa eine Stadtteilkantine, Sharingstationen, Co-Working-Spaces, lokales Handwerk, Nahversorgung mit kleinen regio\u00adnalen Anbietern, Kita und vieles mehr. Zudem muss hier dauerhaft bezahl\u00adbarer Wohnraum entstehen. Die Aussenfl\u00e4chen sollen entsiegelt und begr\u00fcnt werden mit Wegen und sch\u00f6nen Pl\u00e4tzen, die zum Verweilen einladen. Zusammen mit der Initiative Schoettle\u00adareal setzen wir uns <a href=\"https:\/\/gruene-ov-stuttgart.de\/sued\/bezirksbeirat\/bericht-zum-schoettle-areal\/\" data-type=\"post\" data-id=\"793\">f\u00fcr diese Quartiers-Utopie ein<\/a>.<\/p>\n\n\n\n<figure class=\"wp-block-image size-large\"><img decoding=\"async\" src=\"https:\/\/gruene-ov-stuttgart.de\/sued\/wp-content\/uploads\/2024\/02\/Luftaufnahme-2_schoettle_areal-1536x1024-1-800x533.jpeg\" alt=\"\" class=\"wp-image-897\"\/><figcaption>Luftaufnahme des bisherigen statistischen Landesamts.<\/figcaption><\/figure>\n\n\n\n<p>Im Doppelhaushalt 2024\/25 wurden Mittel f\u00fcr die Entwicklung und Pioniernutzung des Schoettle-Areals eingeplant. Das statistische Landesamt ist weit gehend ausgezogen, bald kann es also los gehen \u2013 auch dank unserer beharrlichen Nachfragen und der Unterst\u00fctzung der Initiative im Bezirk und in der ganzen Stadt.<\/p>\n\n\n\n<p>Jetzt geht es darum, das Projekt in die richtigen Bahnen zu lenken, damit neben einer Entlastung durch neue R\u00e4ume f\u00fcr die verwaltung auch die Nachbarschaft etwas von dieses neuen Areals mitten im Stuttgarter S\u00fcden hat. Wir bleiben dran! <\/p>\n\n\n\n<h2 class=\"wp-block-heading\">SSB: Gr\u00fcne Solar-Haltestellen und mehr<\/h2>\n\n\n\n<p>Auch einzelne, vermeintlich kleine  Ma\u00dfnahmen k\u00f6nnen eine starke Strahlkraft entwickeln. Beispiel gef\u00e4llig? Klimafreundliche Energie aus Photovioltaik spart Ressourcen und hat gerade an \u00f6ffentlichen Einrichtungen Vorbildcharakter. <\/p>\n\n\n\n<p>Deshalb haben wir beantragt, dass die SSB die <a href=\"https:\/\/gruene-ov-stuttgart.de\/sued\/bezirksbeirat\/photovoltaik-daecher-fuer-unterstaende-an-ssb-haltestellen\/\" data-type=\"post\" data-id=\"816\">Warteunterst\u00e4nde an den verl\u00e4ngerten Bahnsteigen der U1 bei deren Umgestaltung begr\u00fcnt und mit Photovoltaik ausstattet<\/a>. Auf den D\u00e4chern k\u00f6nnen halb durchscheinende PV-Module zugleich Schatten spenden und Strom erzeugen, der zum Beispiel vor Ort f\u00fcr Fahrkarten\u00adautomaten, Beleuchtung, Ladestationen oder zum Einspeisen ins lokale Stromnetz genutzt werden kann. Schattenspendene Pflanzen an Seiten- und R\u00fcckw\u00e4nden tragen durch ihre Verdunstung zur K\u00fchlung der Umgebung bei.<\/p>\n\n\n\n<figure class=\"wp-block-image size-large\"><img loading=\"lazy\" decoding=\"async\" width=\"800\" height=\"596\" src=\"https:\/\/gruene-ov-stuttgart.de\/sued\/wp-content\/uploads\/2023\/04\/Bildschirmfoto-2023-04-24-um-23.47.38-800x596.png\" alt=\"SSB Haltestelle mit Begr\u00fcnung am Roteb\u00fchlplatz\" class=\"wp-image-817\" srcset=\"https:\/\/gruene-ov-stuttgart.de\/sued\/wp-content\/uploads\/2023\/04\/Bildschirmfoto-2023-04-24-um-23.47.38-800x596.png 800w, https:\/\/gruene-ov-stuttgart.de\/sued\/wp-content\/uploads\/2023\/04\/Bildschirmfoto-2023-04-24-um-23.47.38-400x298.png 400w, https:\/\/gruene-ov-stuttgart.de\/sued\/wp-content\/uploads\/2023\/04\/Bildschirmfoto-2023-04-24-um-23.47.38-768x572.png 768w, https:\/\/gruene-ov-stuttgart.de\/sued\/wp-content\/uploads\/2023\/04\/Bildschirmfoto-2023-04-24-um-23.47.38-150x112.png 150w, https:\/\/gruene-ov-stuttgart.de\/sued\/wp-content\/uploads\/2023\/04\/Bildschirmfoto-2023-04-24-um-23.47.38.png 1498w\" sizes=\"(max-width: 800px) 100vw, 800px\" \/><figcaption>SSB Haltestelle mit Begr\u00fcnung am Roteb\u00fchlplatz. (Foto A. Pfletschinger)<\/figcaption><\/figure>\n\n\n\n<p>Doch das ist nat\u00fcrlich nicht alles, was uns im Zusammenhang mit der SSB, dem \u00d6PNV und unserer Mobilit\u00e4t umtreibt. In vielen Initiativen, Stellungnahmen und Antr\u00e4gen bringen wir die Verkehrsentwicklung mit einem Schwerpunkt auf den \u00d6PNV voran. Ein paar Beispiele:<\/p>\n\n\n\n<ul><li>Die <a href=\"https:\/\/gruene-ov-stuttgart.de\/sued\/bezirksbeirat\/konzept-boblinger-strasse-ausweiten\/\" data-type=\"post\" data-id=\"861\">Gestaltung der B\u00f6blinger Stra\u00dfe aufwerten<\/a>, wenn die Bahnsteige auf 80 m verl\u00e4ngert und die Kapazit\u00e4t der U-Bahn verdoppelt wird.<\/li><li>Die Einrichtung eines Busverkehrs in Kaltental (jetzt im st\u00e4dtischen Haushalt finanziert)<\/li><li>Verl\u00e4ngerung <a href=\"https:\/\/gruene-ov-stuttgart.de\/sued\/bezirksbeirat\/was-plant-die-ssb-im-stadtbezirk\/\" data-type=\"post\" data-id=\"600\">der Buslinie 42 vom Schoettleplatz nach Degerloch<\/a><\/li><li>Erweiterung des Rad- und <a href=\"https:\/\/gruene-ov-stuttgart.de\/sued\/verkehr\/oepnv-oeffentlicher-nahverkehr\/stella-sharing-auf-kaltental-ausweiten\/\" data-type=\"post\" data-id=\"414\">Rollerverleihs nach Kaltental<\/a><\/li><\/ul>\n\n\n\n<h2 class=\"wp-block-heading\">F\u00fcr eine sozial und technisch machbare Energiewende im S\u00fcden<\/h2>\n\n\n\n<p>Dass sich im Geb\u00e4udebestand usnerer Stadt etwas tun muss in Bezug auf Heiztechniken und Sanierungsstand, ist kein Geheimnis mehr. Die Frage lautet vielmehr f\u00fcr Eigent\u00fcmer, Miete und Vermieter: Was tun?<\/p>\n\n\n\n<p>Mit der kommunalen W\u00e4rmeplanung und der neuen Geb\u00e4udeenergiegesetz (GEG) haben Stadt und Bund Vorgaben gesetzt, nun geht es an die Umsetzung &#8211; und vor allem um viel und verst\u00e4ndliche Information. Dies haben wir in einem <a href=\"https:\/\/gruene-ov-stuttgart.de\/sued\/bezirksbeirat\/waermewende-im-sueden\/\" data-type=\"post\" data-id=\"840\">von uns Gr\u00fcnen initiierten interfraktionellen Antrag  schon im Herbst 2023 von der Verwaltung eingefordert<\/a>. Nun findet am Fr. 01.03.24 (<em>18 Uhr Hospitalhof Stuttgart Mitte<\/em>) die erste Informationsveranstaltung zum Thema W\u00e4rmewende, Heizungstausch und kommunale W\u00e4rmeplanung in Stuttgart-S\u00fcd und -Mitte statt \u2013 auf Initiative und mit Beteiligung des Bezirksbeirats Stuttgart S\u00fcd.<\/p>\n\n\n\n<figure class=\"wp-block-image size-large is-resized\"><img loading=\"lazy\" decoding=\"async\" src=\"https:\/\/gruene-ov-stuttgart.de\/sued\/wp-content\/uploads\/2024\/02\/IMG_5802_kl-800x458.jpg\" alt=\"W\u00e4rmeplanung\" class=\"wp-image-899\" width=\"839\" height=\"480\" srcset=\"https:\/\/gruene-ov-stuttgart.de\/sued\/wp-content\/uploads\/2024\/02\/IMG_5802_kl-800x458.jpg 800w, https:\/\/gruene-ov-stuttgart.de\/sued\/wp-content\/uploads\/2024\/02\/IMG_5802_kl-400x229.jpg 400w, https:\/\/gruene-ov-stuttgart.de\/sued\/wp-content\/uploads\/2024\/02\/IMG_5802_kl-768x439.jpg 768w, https:\/\/gruene-ov-stuttgart.de\/sued\/wp-content\/uploads\/2024\/02\/IMG_5802_kl-1536x879.jpg 1536w, https:\/\/gruene-ov-stuttgart.de\/sued\/wp-content\/uploads\/2024\/02\/IMG_5802_kl-150x86.jpg 150w, https:\/\/gruene-ov-stuttgart.de\/sued\/wp-content\/uploads\/2024\/02\/IMG_5802_kl.jpg 1699w\" sizes=\"(max-width: 839px) 100vw, 839px\" \/><figcaption>Heute: dampfende und rauchende Kamine. Wie bekommen wir unsere Wohnungen k\u00fcnftig im Winter klimaneutral warm? (Foto: R. Otter) <\/figcaption><\/figure>\n\n\n\n<h2 class=\"wp-block-heading\">F\u00fcr Handwerk, Wirtschaft und Home Office \u2013 Digitalisierung brauchen alle<\/h2>\n\n\n\n<p>Die Gigabit Region Stuttgart baut seit Jahren das ultraschnelle Glasfaser-Internet aus &#8211; auch in Stuttgart-S\u00fcd. Allerdings erfolgt der Ausbau nicht \u00fcberall nach den Regeln &#8222;Zuerst dort, wo es am Meisten fehlt&#8220;. <a href=\"https:\/\/gruene-ov-stuttgart.de\/sued\/bezirksbeirat\/glasfaser-ausbau-in-stuttgart-sued\/\" data-type=\"post\" data-id=\"752\">Wir setzen uns f\u00fcr einen schnellen Ausbau gerade dort ein<\/a>, wo die Anschl\u00fcsse bisher noch vergleichsweise langsam sind. Denn ein flott und sicher funktionierendes Internet ist heute einer der wichtigsten Wirtschaftswachstum- und Standortfaktoren.<\/p>\n\n\n\n<figure class=\"wp-block-image size-large\"><img loading=\"lazy\" decoding=\"async\" width=\"800\" height=\"450\" src=\"https:\/\/gruene-ov-stuttgart.de\/sued\/wp-content\/uploads\/2021\/11\/211026_BIV_Stuttgart_Sued-09.03.2021-003-12-800x450.jpg\" alt=\"Glasfaser Ausbau in Stuttgart S\u00fcd\" class=\"wp-image-753\" srcset=\"https:\/\/gruene-ov-stuttgart.de\/sued\/wp-content\/uploads\/2021\/11\/211026_BIV_Stuttgart_Sued-09.03.2021-003-12-800x450.jpg 800w, https:\/\/gruene-ov-stuttgart.de\/sued\/wp-content\/uploads\/2021\/11\/211026_BIV_Stuttgart_Sued-09.03.2021-003-12-400x225.jpg 400w, https:\/\/gruene-ov-stuttgart.de\/sued\/wp-content\/uploads\/2021\/11\/211026_BIV_Stuttgart_Sued-09.03.2021-003-12-768x432.jpg 768w, https:\/\/gruene-ov-stuttgart.de\/sued\/wp-content\/uploads\/2021\/11\/211026_BIV_Stuttgart_Sued-09.03.2021-003-12-1536x864.jpg 1536w, https:\/\/gruene-ov-stuttgart.de\/sued\/wp-content\/uploads\/2021\/11\/211026_BIV_Stuttgart_Sued-09.03.2021-003-12-150x84.jpg 150w, https:\/\/gruene-ov-stuttgart.de\/sued\/wp-content\/uploads\/2021\/11\/211026_BIV_Stuttgart_Sued-09.03.2021-003-12.jpg 2000w\" sizes=\"(max-width: 800px) 100vw, 800px\" \/><figcaption>Mit stichpunktartigen Recherchen konnten wir aufzeigen, wo \u00fcberall bereits schnelles Internet verf\u00fcgbar ist und wo nicht. Ergebnis: Die roten Punkte (DSL &lt; 100 Mbit\/s) mit sehr langsamere Internet liegen allesamt au\u00dferhalb der aktuellen Ausbaugebiete.<\/figcaption><\/figure>\n","protected":false},"excerpt":{"rendered":"<p>Einige Themen, die uns ganz besonders am Herzen liegen, f\u00fcr die wir uns eingesetzt haben. Hier lest ihr auch, welche Ma\u00dfnahmen und Projekte wir unterst\u00fctzen. <\/p>\n","protected":false},"author":11,"featured_media":901,"parent":869,"menu_order":0,"comment_status":"closed","ping_status":"closed","template":"","meta":{"footnotes":""},"_links":{"self":[{"href":"https:\/\/gruene-ov-stuttgart.de\/sued\/wp-json\/wp\/v2\/pages\/892"}],"collection":[{"href":"https:\/\/gruene-ov-stuttgart.de\/sued\/wp-json\/wp\/v2\/pages"}],"about":[{"href":"https:\/\/gruene-ov-stuttgart.de\/sued\/wp-json\/wp\/v2\/types\/page"}],"author":[{"embeddable":true,"href":"https:\/\/gruene-ov-stuttgart.de\/sued\/wp-json\/wp\/v2\/users\/11"}],"replies":[{"embeddable":true,"href":"https:\/\/gruene-ov-stuttgart.de\/sued\/wp-json\/wp\/v2\/comments?post=892"}],"version-history":[{"count":5,"href":"https:\/\/gruene-ov-stuttgart.de\/sued\/wp-json\/wp\/v2\/pages\/892\/revisions"}],"predecessor-version":[{"id":967,"href":"https:\/\/gruene-ov-stuttgart.de\/sued\/wp-json\/wp\/v2\/pages\/892\/revisions\/967"}],"up":[{"embeddable":true,"href":"https:\/\/gruene-ov-stuttgart.de\/sued\/wp-json\/wp\/v2\/pages\/869"}],"wp:featuredmedia":[{"embeddable":true,"href":"https:\/\/gruene-ov-stuttgart.de\/sued\/wp-json\/wp\/v2\/media\/901"}],"wp:attachment":[{"href":"https:\/\/gruene-ov-stuttgart.de\/sued\/wp-json\/wp\/v2\/media?parent=892"}],"curies":[{"name":"wp","href":"https:\/\/api.w.org\/{rel}","templated":true}]}}