{"id":1353,"date":"2024-02-02T11:24:13","date_gmt":"2024-02-02T10:24:13","guid":{"rendered":"https:\/\/gruene-ov-stuttgart.de\/west\/?page_id=1353"},"modified":"2024-06-23T10:58:47","modified_gmt":"2024-06-23T08:58:47","slug":"bezirksbeirat","status":"publish","type":"page","link":"https:\/\/gruene-ov-stuttgart.de\/west\/das-sind-wir\/bezirksbeirat\/","title":{"rendered":"Bezirksbeirat"},"content":{"rendered":"\n<p>Die Bezirksbeir\u00e4te in Stuttgart haben eine wichtige Funktion in der kommunalen Politik. Jeder der 23 Bezirke in Stuttgart hat einen Bezirksbeirat. In diesen Gremien werden Entscheidungen des Gemeinderats beraten, die den jeweiligen Bezirk betreffen. Da die Mitglieder des Beirats im jeweiligen Stadtbezirk wohnen m\u00fcssen und ortskundig sind, k\u00f6nnen die R\u00e4tinnen und R\u00e4te fundierte Empfehlungen an den Gemeinderat und die Stadtverwaltung aussprechen, die dann in die Entscheidungen einflie\u00dfen.<\/p>\n\n\n\n<p>Die Gr\u00f6\u00dfe des Bezirksbeirats richtet sich nach der Zahl der B\u00fcrgerinnen und B\u00fcrger im Bezirk. Die Verteilung der Sitze im Bezirksbeirat ergibt sich nach dem Ergebnis der Kommunalwahl im Stadtbezirk. In Stuttgart-West sind dies 21 Mitglieder. Bei der letzten Kommunalwahl im Juni 2024 lag das Ergebnis der Gr\u00fcnen im Bezirk West bei 29.8 %. Mit diesem Spitzenergebnis stellt die <a href=\"https:\/\/gruene-ov-stuttgart.de\/west\/fraktion\/\">Gr\u00fcne Fraktion<\/a> im <a href=\"https:\/\/www.stuttgart.de\/organigramm\/gremium\/bezirksbeirat-west.php\">Bezirksbeirat West<\/a> mit sechs Sitzen erneut die gr\u00f6\u00dfte Fraktion seit 2004 und h\u00e4lt das beste Gr\u00fcne Ergebnis in der Gesamtstadt.<\/p>\n\n\n\n<p>Die R\u00e4tinnen und R\u00e4te sind Ihre Ansprechpartner f\u00fcr Anliegen und Belange im Stadtteil West. Kontaktieren Sie uns gerne via E-Mail oder nutzen Sie unser <a href=\"https:\/\/gruene-ov-stuttgart.de\/west\/kontakt\/\">Kontaktformular<\/a>.<\/p>\n","protected":false},"excerpt":{"rendered":"<p>Die Bezirksbeir\u00e4te in Stuttgart haben eine wichtige Funktion in der kommunalen Politik. Jeder der 23 Bezirke in Stuttgart hat einen Bezirksbeirat. In diesen Gremien werden Entscheidungen des Gemeinderats beraten, die [&hellip;]<\/p>\n","protected":false},"author":14,"featured_media":0,"parent":1278,"menu_order":0,"comment_status":"closed","ping_status":"closed","template":"","meta":{"footnotes":"","beyondwords_generate_audio":"","beyondwords_integration_method":"","beyondwords_project_id":"","beyondwords_content_id":"","beyondwords_preview_token":"","beyondwords_player_content":"","beyondwords_player_style":"","beyondwords_language_code":"","beyondwords_language_id":"","beyondwords_title_voice_id":"","beyondwords_body_voice_id":"","beyondwords_summary_voice_id":"","beyondwords_error_message":"","beyondwords_disabled":"","beyondwords_delete_content":"","beyondwords_podcast_id":"","beyondwords_hash":"","publish_post_to_speechkit":"","speechkit_hash":"","speechkit_generate_audio":"","speechkit_project_id":"","speechkit_podcast_id":"","speechkit_error_message":"","speechkit_disabled":"","speechkit_access_key":"","speechkit_error":"","speechkit_info":"","speechkit_response":"","speechkit_retries":"","speechkit_status":"","speechkit_updated_at":"","_speechkit_link":"","_speechkit_text":""},"class_list":["post-1353","page","type-page","status-publish","hentry"],"yoast_head":"<!-- This site is optimized with the Yoast SEO plugin v27.5 - https:\/\/yoast.com\/product\/yoast-seo-wordpress\/ -->\n<title>Bezirksbeirat - Gr\u00fcne Stuttgart West<\/title>\n<meta name=\"robots\" content=\"index, follow, max-snippet:-1, max-image-preview:large, max-video-preview:-1\" \/>\n<link rel=\"canonical\" href=\"https:\/\/gruene-ov-stuttgart.de\/west\/das-sind-wir\/bezirksbeirat\/\" \/>\n<meta property=\"og:locale\" content=\"de_DE\" \/>\n<meta property=\"og:type\" content=\"article\" \/>\n<meta property=\"og:title\" content=\"Bezirksbeirat - Gr\u00fcne Stuttgart West\" \/>\n<meta property=\"og:description\" content=\"Die Bezirksbeir\u00e4te in Stuttgart haben eine wichtige Funktion in der kommunalen Politik. Jeder der 23 Bezirke in Stuttgart hat einen Bezirksbeirat. In diesen Gremien werden Entscheidungen des Gemeinderats beraten, die [&hellip;]\" \/>\n<meta property=\"og:url\" content=\"https:\/\/gruene-ov-stuttgart.de\/west\/das-sind-wir\/bezirksbeirat\/\" \/>\n<meta property=\"og:site_name\" content=\"Gr\u00fcne Stuttgart West\" \/>\n<meta property=\"article:modified_time\" content=\"2024-06-23T08:58:47+00:00\" \/>\n<meta name=\"twitter:card\" content=\"summary_large_image\" \/>\n<script type=\"application\/ld+json\" class=\"yoast-schema-graph\">{\"@context\":\"https:\\\/\\\/schema.org\",\"@graph\":[{\"@type\":\"WebPage\",\"@id\":\"https:\\\/\\\/gruene-ov-stuttgart.de\\\/west\\\/das-sind-wir\\\/bezirksbeirat\\\/\",\"url\":\"https:\\\/\\\/gruene-ov-stuttgart.de\\\/west\\\/das-sind-wir\\\/bezirksbeirat\\\/\",\"name\":\"Bezirksbeirat - Gr\u00fcne Stuttgart West\",\"isPartOf\":{\"@id\":\"https:\\\/\\\/gruene-ov-stuttgart.de\\\/west\\\/#website\"},\"datePublished\":\"2024-02-02T10:24:13+00:00\",\"dateModified\":\"2024-06-23T08:58:47+00:00\",\"breadcrumb\":{\"@id\":\"https:\\\/\\\/gruene-ov-stuttgart.de\\\/west\\\/das-sind-wir\\\/bezirksbeirat\\\/#breadcrumb\"},\"inLanguage\":\"de\",\"potentialAction\":[{\"@type\":\"ReadAction\",\"target\":[\"https:\\\/\\\/gruene-ov-stuttgart.de\\\/west\\\/das-sind-wir\\\/bezirksbeirat\\\/\"]}]},{\"@type\":\"BreadcrumbList\",\"@id\":\"https:\\\/\\\/gruene-ov-stuttgart.de\\\/west\\\/das-sind-wir\\\/bezirksbeirat\\\/#breadcrumb\",\"itemListElement\":[{\"@type\":\"ListItem\",\"position\":1,\"name\":\"Startseite\",\"item\":\"https:\\\/\\\/gruene-ov-stuttgart.de\\\/west\\\/\"},{\"@type\":\"ListItem\",\"position\":2,\"name\":\"Das sind wir\",\"item\":\"https:\\\/\\\/gruene-ov-stuttgart.de\\\/west\\\/das-sind-wir\\\/\"},{\"@type\":\"ListItem\",\"position\":3,\"name\":\"Bezirksbeirat\"}]},{\"@type\":\"WebSite\",\"@id\":\"https:\\\/\\\/gruene-ov-stuttgart.de\\\/west\\\/#website\",\"url\":\"https:\\\/\\\/gruene-ov-stuttgart.de\\\/west\\\/\",\"name\":\"Gr\u00fcne Stuttgart West\",\"description\":\"B\u00fcndnis 90\\\/DIE GR\u00dcNEN im Stuttgarter Westen\",\"potentialAction\":[{\"@type\":\"SearchAction\",\"target\":{\"@type\":\"EntryPoint\",\"urlTemplate\":\"https:\\\/\\\/gruene-ov-stuttgart.de\\\/west\\\/?s={search_term_string}\"},\"query-input\":{\"@type\":\"PropertyValueSpecification\",\"valueRequired\":true,\"valueName\":\"search_term_string\"}}],\"inLanguage\":\"de\"}]}<\/script>\n<!-- \/ Yoast SEO plugin. -->","yoast_head_json":{"title":"Bezirksbeirat - Gr\u00fcne Stuttgart West","robots":{"index":"index","follow":"follow","max-snippet":"max-snippet:-1","max-image-preview":"max-image-preview:large","max-video-preview":"max-video-preview:-1"},"canonical":"https:\/\/gruene-ov-stuttgart.de\/west\/das-sind-wir\/bezirksbeirat\/","og_locale":"de_DE","og_type":"article","og_title":"Bezirksbeirat - Gr\u00fcne Stuttgart West","og_description":"Die Bezirksbeir\u00e4te in Stuttgart haben eine wichtige Funktion in der kommunalen Politik. Jeder der 23 Bezirke in Stuttgart hat einen Bezirksbeirat. In diesen Gremien werden Entscheidungen des Gemeinderats beraten, die [&hellip;]","og_url":"https:\/\/gruene-ov-stuttgart.de\/west\/das-sind-wir\/bezirksbeirat\/","og_site_name":"Gr\u00fcne Stuttgart West","article_modified_time":"2024-06-23T08:58:47+00:00","twitter_card":"summary_large_image","schema":{"@context":"https:\/\/schema.org","@graph":[{"@type":"WebPage","@id":"https:\/\/gruene-ov-stuttgart.de\/west\/das-sind-wir\/bezirksbeirat\/","url":"https:\/\/gruene-ov-stuttgart.de\/west\/das-sind-wir\/bezirksbeirat\/","name":"Bezirksbeirat - Gr\u00fcne Stuttgart West","isPartOf":{"@id":"https:\/\/gruene-ov-stuttgart.de\/west\/#website"},"datePublished":"2024-02-02T10:24:13+00:00","dateModified":"2024-06-23T08:58:47+00:00","breadcrumb":{"@id":"https:\/\/gruene-ov-stuttgart.de\/west\/das-sind-wir\/bezirksbeirat\/#breadcrumb"},"inLanguage":"de","potentialAction":[{"@type":"ReadAction","target":["https:\/\/gruene-ov-stuttgart.de\/west\/das-sind-wir\/bezirksbeirat\/"]}]},{"@type":"BreadcrumbList","@id":"https:\/\/gruene-ov-stuttgart.de\/west\/das-sind-wir\/bezirksbeirat\/#breadcrumb","itemListElement":[{"@type":"ListItem","position":1,"name":"Startseite","item":"https:\/\/gruene-ov-stuttgart.de\/west\/"},{"@type":"ListItem","position":2,"name":"Das sind wir","item":"https:\/\/gruene-ov-stuttgart.de\/west\/das-sind-wir\/"},{"@type":"ListItem","position":3,"name":"Bezirksbeirat"}]},{"@type":"WebSite","@id":"https:\/\/gruene-ov-stuttgart.de\/west\/#website","url":"https:\/\/gruene-ov-stuttgart.de\/west\/","name":"Gr\u00fcne Stuttgart West","description":"B\u00fcndnis 90\/DIE GR\u00dcNEN im Stuttgarter Westen","potentialAction":[{"@type":"SearchAction","target":{"@type":"EntryPoint","urlTemplate":"https:\/\/gruene-ov-stuttgart.de\/west\/?s={search_term_string}"},"query-input":{"@type":"PropertyValueSpecification","valueRequired":true,"valueName":"search_term_string"}}],"inLanguage":"de"}]}},"_links":{"self":[{"href":"https:\/\/gruene-ov-stuttgart.de\/west\/wp-json\/wp\/v2\/pages\/1353","targetHints":{"allow":["GET"]}}],"collection":[{"href":"https:\/\/gruene-ov-stuttgart.de\/west\/wp-json\/wp\/v2\/pages"}],"about":[{"href":"https:\/\/gruene-ov-stuttgart.de\/west\/wp-json\/wp\/v2\/types\/page"}],"author":[{"embeddable":true,"href":"https:\/\/gruene-ov-stuttgart.de\/west\/wp-json\/wp\/v2\/users\/14"}],"replies":[{"embeddable":true,"href":"https:\/\/gruene-ov-stuttgart.de\/west\/wp-json\/wp\/v2\/comments?post=1353"}],"version-history":[{"count":2,"href":"https:\/\/gruene-ov-stuttgart.de\/west\/wp-json\/wp\/v2\/pages\/1353\/revisions"}],"predecessor-version":[{"id":1889,"href":"https:\/\/gruene-ov-stuttgart.de\/west\/wp-json\/wp\/v2\/pages\/1353\/revisions\/1889"}],"up":[{"embeddable":true,"href":"https:\/\/gruene-ov-stuttgart.de\/west\/wp-json\/wp\/v2\/pages\/1278"}],"wp:attachment":[{"href":"https:\/\/gruene-ov-stuttgart.de\/west\/wp-json\/wp\/v2\/media?parent=1353"}],"curies":[{"name":"wp","href":"https:\/\/api.w.org\/{rel}","templated":true}]}}