{"id":1376,"date":"2024-02-02T11:39:11","date_gmt":"2024-02-02T10:39:11","guid":{"rendered":"https:\/\/gruene-ov-stuttgart.de\/west\/?page_id=1376"},"modified":"2024-04-15T10:04:56","modified_gmt":"2024-04-15T08:04:56","slug":"digitalisierung","status":"publish","type":"page","link":"https:\/\/gruene-ov-stuttgart.de\/west\/themen\/digitalisierung\/","title":{"rendered":"Digitalisierung"},"content":{"rendered":"\n<p>Was ist das \u00fcberhaupt &#8211; ein digitaler Stadtbezirk? Smarte Infrastruktur, die die Lebensqualit\u00e4t verbessert; intelligente Stra\u00dfenbeleuchtung, vernetzte Verkehrskonzepte und effiziente Energieversorgung sind Schl\u00fcsselbereiche, die die Stadtverwaltung steuert. Der Stuttgarter Westen als eng besiedelter, hoch urbaner Raum eignet sich f\u00fcr viele zukunftsweisende Projekte als Testgebiet. K\u00fcnftig m\u00f6chten wir verst\u00e4rkt <strong>Smart-City-Anwendungen<\/strong> auf ihren Mehrwert testen. Eine Hitzeampel an unseren Hitzeinseln? Intelligente Parkplatzsuche und Verkehrssteuerung? Bessere Ladeinfrastruktur f\u00fcr E-Autos, oder vielleicht auch f\u00fcr E-Bikes und Lastenr\u00e4der? Ein Klima-Dashboard, auf dem sich die PV-Produktion des Westens ablesen l\u00e4sst? Wir glauben, dass transparente Daten eine Stadtgesellschaft verbessern und zahlreiche innovative Anwendungsfelder bespielen k\u00f6nnen.<\/p>\n\n\n\n<p>Du hast selbst eine Idee, wie sich Daten der Stadt nutzen lassen, um die Lebensqualit\u00e4t zu steigern? Die Gr\u00fcne Fraktion im Stuttgarter Rathaus hat die Auslobung eines <strong>Stuttgarter Datenpreis<\/strong>es beantragt und erfolgreich durchgesetzt. Dieser Preis soll die Nutzung des neuen Open-Data-Portals der Stadt f\u00f6rdern und s\u00e4mtliche Datennutzer*innen der Stadt zusammenf\u00fchren \u2013 ein erster Baustein f\u00fcr eine lebendige Datencommunity f\u00fcr Stuttgart! <a href=\"https:\/\/lust-auf-stadt.de\/stuttgarter-datenpreis-fuer-das-open-data-portal\/\">Mehr zum Stuttgarter Datenpreis hier.<\/a><\/p>\n\n\n\n<p>Gerade der Stuttgarter Westen ist leidgepr\u00fcft, was die <strong>Dienstleistungen f\u00fcr B\u00fcrgerInnen<\/strong> angeht. Lange Schlie\u00dfungen des B\u00fcrgerb\u00fcros West haben uns gezeigt, dass die Ressourcen der Mitarbeitenden der Stadt endlich sind. Daher unterst\u00fctzen wir die Bem\u00fchungen der Verwaltung, G\u00e4nge zum Amt durch Online-Verfahren zu ersetzen, wo es m\u00f6glich ist. Nat\u00fcrlich muss immer die M\u00f6glichkeit bestehen, sich auch pers\u00f6nlich beraten zu lassen: Hier erleichtern die Online-Terminvergabe, die B\u00fcrgerb\u00fcro-Ampel und das Ticketsystem das Warten vor Ort an der Schwab-\/Bebelstra\u00dfe. Und das Smartphone? L\u00e4dt ganz nebenher auf der Solarbank \u00d6kostrom.<\/p>\n\n\n\n<p>Haben Sie Fragen oder Anregungen zum Thema? Schreiben Sie uns gern \u00fcber unser <a href=\"https:\/\/gruene-ov-stuttgart.de\/west\/kontakt\/\">Kontaktformular<\/a>.<\/p>\n","protected":false},"excerpt":{"rendered":"<p>Was ist das \u00fcberhaupt &#8211; ein digitaler Stadtbezirk? Smarte Infrastruktur, die die Lebensqualit\u00e4t verbessert; intelligente Stra\u00dfenbeleuchtung, vernetzte Verkehrskonzepte und effiziente Energieversorgung sind Schl\u00fcsselbereiche, die die Stadtverwaltung steuert. Der Stuttgarter Westen [&hellip;]<\/p>\n","protected":false},"author":14,"featured_media":0,"parent":1362,"menu_order":0,"comment_status":"closed","ping_status":"closed","template":"","meta":{"footnotes":"","beyondwords_generate_audio":"","beyondwords_integration_method":"","beyondwords_project_id":"","beyondwords_content_id":"","beyondwords_preview_token":"","beyondwords_player_content":"","beyondwords_player_style":"","beyondwords_language_code":"","beyondwords_language_id":"","beyondwords_title_voice_id":"","beyondwords_body_voice_id":"","beyondwords_summary_voice_id":"","beyondwords_error_message":"","beyondwords_disabled":"","beyondwords_delete_content":"","beyondwords_podcast_id":"","beyondwords_hash":"","publish_post_to_speechkit":"","speechkit_hash":"","speechkit_generate_audio":"","speechkit_project_id":"","speechkit_podcast_id":"","speechkit_error_message":"","speechkit_disabled":"","speechkit_access_key":"","speechkit_error":"","speechkit_info":"","speechkit_response":"","speechkit_retries":"","speechkit_status":"","speechkit_updated_at":"","_speechkit_link":"","_speechkit_text":""},"class_list":["post-1376","page","type-page","status-publish","hentry"],"yoast_head":"<!-- This site is optimized with the Yoast SEO plugin v27.6 - https:\/\/yoast.com\/product\/yoast-seo-wordpress\/ -->\n<title>Digitalisierung - Gr\u00fcne Stuttgart West<\/title>\n<meta name=\"description\" content=\"Der Stuttgarter Westen als eng besiedelter, hoch urbaner Raum eignet sich f\u00fcr viele zukunftsweisende Projekte als Testgebiet.\" \/>\n<meta name=\"robots\" content=\"index, follow, max-snippet:-1, max-image-preview:large, max-video-preview:-1\" \/>\n<link rel=\"canonical\" href=\"https:\/\/gruene-ov-stuttgart.de\/west\/themen\/digitalisierung\/\" \/>\n<meta property=\"og:locale\" content=\"de_DE\" \/>\n<meta property=\"og:type\" content=\"article\" \/>\n<meta property=\"og:title\" content=\"Digitalisierung - Gr\u00fcne Stuttgart West\" \/>\n<meta property=\"og:description\" content=\"Der Stuttgarter Westen als eng besiedelter, hoch urbaner Raum eignet sich f\u00fcr viele zukunftsweisende Projekte als Testgebiet.\" \/>\n<meta property=\"og:url\" content=\"https:\/\/gruene-ov-stuttgart.de\/west\/themen\/digitalisierung\/\" \/>\n<meta property=\"og:site_name\" content=\"Gr\u00fcne Stuttgart West\" \/>\n<meta property=\"article:modified_time\" content=\"2024-04-15T08:04:56+00:00\" \/>\n<meta name=\"twitter:card\" content=\"summary_large_image\" \/>\n<script type=\"application\/ld+json\" class=\"yoast-schema-graph\">{\"@context\":\"https:\\\/\\\/schema.org\",\"@graph\":[{\"@type\":\"WebPage\",\"@id\":\"https:\\\/\\\/gruene-ov-stuttgart.de\\\/west\\\/themen\\\/digitalisierung\\\/\",\"url\":\"https:\\\/\\\/gruene-ov-stuttgart.de\\\/west\\\/themen\\\/digitalisierung\\\/\",\"name\":\"Digitalisierung - Gr\u00fcne Stuttgart West\",\"isPartOf\":{\"@id\":\"https:\\\/\\\/gruene-ov-stuttgart.de\\\/west\\\/#website\"},\"datePublished\":\"2024-02-02T10:39:11+00:00\",\"dateModified\":\"2024-04-15T08:04:56+00:00\",\"description\":\"Der Stuttgarter Westen als eng besiedelter, hoch urbaner Raum eignet sich f\u00fcr viele zukunftsweisende Projekte als Testgebiet.\",\"breadcrumb\":{\"@id\":\"https:\\\/\\\/gruene-ov-stuttgart.de\\\/west\\\/themen\\\/digitalisierung\\\/#breadcrumb\"},\"inLanguage\":\"de\",\"potentialAction\":[{\"@type\":\"ReadAction\",\"target\":[\"https:\\\/\\\/gruene-ov-stuttgart.de\\\/west\\\/themen\\\/digitalisierung\\\/\"]}]},{\"@type\":\"BreadcrumbList\",\"@id\":\"https:\\\/\\\/gruene-ov-stuttgart.de\\\/west\\\/themen\\\/digitalisierung\\\/#breadcrumb\",\"itemListElement\":[{\"@type\":\"ListItem\",\"position\":1,\"name\":\"Startseite\",\"item\":\"https:\\\/\\\/gruene-ov-stuttgart.de\\\/west\\\/\"},{\"@type\":\"ListItem\",\"position\":2,\"name\":\"Themen\",\"item\":\"https:\\\/\\\/gruene-ov-stuttgart.de\\\/west\\\/themen\\\/\"},{\"@type\":\"ListItem\",\"position\":3,\"name\":\"Digitalisierung\"}]},{\"@type\":\"WebSite\",\"@id\":\"https:\\\/\\\/gruene-ov-stuttgart.de\\\/west\\\/#website\",\"url\":\"https:\\\/\\\/gruene-ov-stuttgart.de\\\/west\\\/\",\"name\":\"Gr\u00fcne Stuttgart West\",\"description\":\"B\u00fcndnis 90\\\/DIE GR\u00dcNEN im Stuttgarter Westen\",\"potentialAction\":[{\"@type\":\"SearchAction\",\"target\":{\"@type\":\"EntryPoint\",\"urlTemplate\":\"https:\\\/\\\/gruene-ov-stuttgart.de\\\/west\\\/?s={search_term_string}\"},\"query-input\":{\"@type\":\"PropertyValueSpecification\",\"valueRequired\":true,\"valueName\":\"search_term_string\"}}],\"inLanguage\":\"de\"}]}<\/script>\n<!-- \/ Yoast SEO plugin. -->","yoast_head_json":{"title":"Digitalisierung - Gr\u00fcne Stuttgart West","description":"Der Stuttgarter Westen als eng besiedelter, hoch urbaner Raum eignet sich f\u00fcr viele zukunftsweisende Projekte als Testgebiet.","robots":{"index":"index","follow":"follow","max-snippet":"max-snippet:-1","max-image-preview":"max-image-preview:large","max-video-preview":"max-video-preview:-1"},"canonical":"https:\/\/gruene-ov-stuttgart.de\/west\/themen\/digitalisierung\/","og_locale":"de_DE","og_type":"article","og_title":"Digitalisierung - Gr\u00fcne Stuttgart West","og_description":"Der Stuttgarter Westen als eng besiedelter, hoch urbaner Raum eignet sich f\u00fcr viele zukunftsweisende Projekte als Testgebiet.","og_url":"https:\/\/gruene-ov-stuttgart.de\/west\/themen\/digitalisierung\/","og_site_name":"Gr\u00fcne Stuttgart West","article_modified_time":"2024-04-15T08:04:56+00:00","twitter_card":"summary_large_image","schema":{"@context":"https:\/\/schema.org","@graph":[{"@type":"WebPage","@id":"https:\/\/gruene-ov-stuttgart.de\/west\/themen\/digitalisierung\/","url":"https:\/\/gruene-ov-stuttgart.de\/west\/themen\/digitalisierung\/","name":"Digitalisierung - Gr\u00fcne Stuttgart West","isPartOf":{"@id":"https:\/\/gruene-ov-stuttgart.de\/west\/#website"},"datePublished":"2024-02-02T10:39:11+00:00","dateModified":"2024-04-15T08:04:56+00:00","description":"Der Stuttgarter Westen als eng besiedelter, hoch urbaner Raum eignet sich f\u00fcr viele zukunftsweisende Projekte als Testgebiet.","breadcrumb":{"@id":"https:\/\/gruene-ov-stuttgart.de\/west\/themen\/digitalisierung\/#breadcrumb"},"inLanguage":"de","potentialAction":[{"@type":"ReadAction","target":["https:\/\/gruene-ov-stuttgart.de\/west\/themen\/digitalisierung\/"]}]},{"@type":"BreadcrumbList","@id":"https:\/\/gruene-ov-stuttgart.de\/west\/themen\/digitalisierung\/#breadcrumb","itemListElement":[{"@type":"ListItem","position":1,"name":"Startseite","item":"https:\/\/gruene-ov-stuttgart.de\/west\/"},{"@type":"ListItem","position":2,"name":"Themen","item":"https:\/\/gruene-ov-stuttgart.de\/west\/themen\/"},{"@type":"ListItem","position":3,"name":"Digitalisierung"}]},{"@type":"WebSite","@id":"https:\/\/gruene-ov-stuttgart.de\/west\/#website","url":"https:\/\/gruene-ov-stuttgart.de\/west\/","name":"Gr\u00fcne Stuttgart West","description":"B\u00fcndnis 90\/DIE GR\u00dcNEN im Stuttgarter Westen","potentialAction":[{"@type":"SearchAction","target":{"@type":"EntryPoint","urlTemplate":"https:\/\/gruene-ov-stuttgart.de\/west\/?s={search_term_string}"},"query-input":{"@type":"PropertyValueSpecification","valueRequired":true,"valueName":"search_term_string"}}],"inLanguage":"de"}]}},"_links":{"self":[{"href":"https:\/\/gruene-ov-stuttgart.de\/west\/wp-json\/wp\/v2\/pages\/1376","targetHints":{"allow":["GET"]}}],"collection":[{"href":"https:\/\/gruene-ov-stuttgart.de\/west\/wp-json\/wp\/v2\/pages"}],"about":[{"href":"https:\/\/gruene-ov-stuttgart.de\/west\/wp-json\/wp\/v2\/types\/page"}],"author":[{"embeddable":true,"href":"https:\/\/gruene-ov-stuttgart.de\/west\/wp-json\/wp\/v2\/users\/14"}],"replies":[{"embeddable":true,"href":"https:\/\/gruene-ov-stuttgart.de\/west\/wp-json\/wp\/v2\/comments?post=1376"}],"version-history":[{"count":2,"href":"https:\/\/gruene-ov-stuttgart.de\/west\/wp-json\/wp\/v2\/pages\/1376\/revisions"}],"predecessor-version":[{"id":1741,"href":"https:\/\/gruene-ov-stuttgart.de\/west\/wp-json\/wp\/v2\/pages\/1376\/revisions\/1741"}],"up":[{"embeddable":true,"href":"https:\/\/gruene-ov-stuttgart.de\/west\/wp-json\/wp\/v2\/pages\/1362"}],"wp:attachment":[{"href":"https:\/\/gruene-ov-stuttgart.de\/west\/wp-json\/wp\/v2\/media?parent=1376"}],"curies":[{"name":"wp","href":"https:\/\/api.w.org\/{rel}","templated":true}]}}