{"id":1607,"date":"2024-02-28T09:43:56","date_gmt":"2024-02-28T08:43:56","guid":{"rendered":"https:\/\/gruene-ov-stuttgart.de\/west\/?page_id=1607"},"modified":"2024-02-28T10:00:29","modified_gmt":"2024-02-28T09:00:29","slug":"home","status":"publish","type":"page","link":"https:\/\/gruene-ov-stuttgart.de\/west\/","title":{"rendered":""},"content":{"rendered":"<div class=\"has-background latest-posts wp-block-sunflower-latest-posts\">\n        <div class=\"wp-block-group__inner-container\">\n            \n                <div class=\"row\" data-masonry='{\"percentPosition\": true }'><div class=\"col-md-6\">\n<article id=\"post-2094\" class=\"bg-white mb-4 has-shadow post-2094 post type-post status-publish format-standard hentry category-bezirksbeirat category-ortsverband\">\n\t<div class=\"\">\n\t\t\t\t<div class=\"p-45\">\n\t\t\t<header class=\"entry-header mb-2\">\n\t\t\t\t\t\t\t\t<h2 class=\"card-title h4 mb-3\"><a href=\"https:\/\/gruene-ov-stuttgart.de\/west\/zukunft-sicher-gruen-neujahrsempfang-in-s-west\/\" rel=\"bookmark\">Zukunft? Sicher gr\u00fcn! &#8211; Neujahrsempfang in S-West<\/a><\/h2>\t\t\t\t\t<div class=\"entry-meta mb-3\">\n\t\t\t\t\t\t<span class=\"posted-on\"><time class=\"entry-date published\" datetime=\"2026-01-07T23:41:01+01:00\">7. Januar 2026<\/time><time class=\"updated\" datetime=\"2026-01-07T23:41:03+01:00\">7. Januar 2026<\/time><\/span>\t\t\t\t\t<\/div><!-- .entry-meta -->\n\t\t\t\t\t\t\t\t<\/header><!-- .entry-header -->\n\n\t\t\t<div class=\"entry-content\">\n\t\t\t\t<a href=\"https:\/\/gruene-ov-stuttgart.de\/west\/zukunft-sicher-gruen-neujahrsempfang-in-s-west\/\" rel=\"bookmark\">\n\t\t\t\t<p>Der Stuttgarter Westen ist ein Ort der Vielfalt und des Miteinanders. Ob in Vereinen, Initiativen oder in der Nachbarschaftshilfe \u2013 unser aller Engagement ist das R\u00fcckgrat unserer lebendigen Demokratie. Gerade [&hellip;]<\/p>\n\t\t\t\t<\/a>\n\t\t\t<\/div><!-- .entry-content -->\n\n\t\t\t<footer class=\"entry-footer\">\n\t\t\t\t\t\t\t<div class=\"d-flex mt-2 mb-2\">\n\t\t\t\t\t\t\t\t<div>\n\t\t<span class=\"cat-links small\"><a href=\"https:\/\/gruene-ov-stuttgart.de\/west\/category\/bezirksbeirat\/\" rel=\"category tag\">Bezirksbeirat<\/a>, <a href=\"https:\/\/gruene-ov-stuttgart.de\/west\/category\/ortsverband\/\" rel=\"category tag\">Ortsverband<\/a><\/span>\n\t\t\t\t<\/div>\n\t\t\t<\/div>\n\t\t\n\t\t\t\t<div class=\"d-flex flex-row-reverse\">\n\t\t\t\t\t<a href=\"https:\/\/gruene-ov-stuttgart.de\/west\/zukunft-sicher-gruen-neujahrsempfang-in-s-west\/\" rel=\"bookmark\" class=\"continue-reading\">\n\t\t\t\t\tweiterlesen\t\t\t\t<\/a>\n\t\t\t\t<\/div>\n\t\t\t<\/footer><!-- .entry-footer -->\n\t\t<\/div>\n\t<\/div>\n<\/article><!-- #post-2094 -->\n<\/div><div class=\"col-md-6\">\n<article id=\"post-2032\" class=\"bg-white mb-4 has-shadow post-2032 post type-post status-publish format-standard has-post-thumbnail hentry category-aktuelles category-bezirksbeirat category-positionen\">\n\t<div class=\"\">\n\t\t\t\t\t<div class=\"\">\n\t\t\t\t<a href=\"https:\/\/gruene-ov-stuttgart.de\/west\/wo-bleibt-die-fahrradstrasse\/\" aria-label=\"Post Thumbnail\" rel=\"bookmark\">\n\t\t\t\t\t\t\t\t<img loading=\"lazy\" decoding=\"async\" width=\"768\" height=\"646\" src=\"https:\/\/gruene-ov-stuttgart.de\/west\/wp-content\/uploads\/2025\/09\/Titelbild-768x646.png\" class=\"post-thumbnail wp-post-image\" alt=\"Wo bleibt die Fahrradstra\u00dfe?  [update]\" \/>\n\n\t\t\t\t\t\t\t<\/a>\n\t\t\t<\/div>\n\t\t\t\t\t<div class=\"p-45\">\n\t\t\t<header class=\"entry-header mb-2\">\n\t\t\t\t\t\t\t\t<h2 class=\"card-title h4 mb-3\"><a href=\"https:\/\/gruene-ov-stuttgart.de\/west\/wo-bleibt-die-fahrradstrasse\/\" rel=\"bookmark\">Wo bleibt die Fahrradstra\u00dfe?  [update]<\/a><\/h2>\t\t\t\t\t<div class=\"entry-meta mb-3\">\n\t\t\t\t\t\t<span class=\"posted-on\"><time class=\"entry-date published\" datetime=\"2025-09-03T00:38:33+02:00\">3. September 2025<\/time><time class=\"updated\" datetime=\"2025-12-21T21:15:03+01:00\">21. Dezember 2025<\/time><\/span>\t\t\t\t\t<\/div><!-- .entry-meta -->\n\t\t\t\t\t\t\t\t<\/header><!-- .entry-header -->\n\n\t\t\t<div class=\"entry-content\">\n\t\t\t\t<a href=\"https:\/\/gruene-ov-stuttgart.de\/west\/wo-bleibt-die-fahrradstrasse\/\" rel=\"bookmark\">\n\t\t\t\t<p>Versprochen seit Jahren Im Stuttgarter Westen wartet man immer noch auf die erste Fahrradstra\u00dfe im Bezirk \u2013 geplant ist diese auf der Forst-\/Senefelder-\/Breitscheidstra\u00dfe &#8211; die sogenannte Hauptradroute 4. Bereits seit [&hellip;]<\/p>\n\t\t\t\t<\/a>\n\t\t\t<\/div><!-- .entry-content -->\n\n\t\t\t<footer class=\"entry-footer\">\n\t\t\t\t\t\t\t<div class=\"d-flex mt-2 mb-2\">\n\t\t\t\t\t\t\t\t<div>\n\t\t<span class=\"cat-links small\"><a href=\"https:\/\/gruene-ov-stuttgart.de\/west\/category\/aktuelles\/\" rel=\"category tag\">Aktuelles<\/a>, <a href=\"https:\/\/gruene-ov-stuttgart.de\/west\/category\/bezirksbeirat\/\" rel=\"category tag\">Bezirksbeirat<\/a>, <a href=\"https:\/\/gruene-ov-stuttgart.de\/west\/category\/positionen\/\" rel=\"category tag\">Positionen<\/a><\/span>\n\t\t\t\t<\/div>\n\t\t\t<\/div>\n\t\t\n\t\t\t\t<div class=\"d-flex flex-row-reverse\">\n\t\t\t\t\t<a href=\"https:\/\/gruene-ov-stuttgart.de\/west\/wo-bleibt-die-fahrradstrasse\/\" rel=\"bookmark\" class=\"continue-reading\">\n\t\t\t\t\tweiterlesen\t\t\t\t<\/a>\n\t\t\t\t<\/div>\n\t\t\t<\/footer><!-- .entry-footer -->\n\t\t<\/div>\n\t<\/div>\n<\/article><!-- #post-2032 -->\n<\/div><div class=\"col-md-6\">\n<article id=\"post-2014\" class=\"bg-white mb-4 has-shadow post-2014 post type-post status-publish format-standard hentry category-aktuelles category-bezirksbeirat\">\n\t<div class=\"\">\n\t\t\t\t<div class=\"p-45\">\n\t\t\t<header class=\"entry-header mb-2\">\n\t\t\t\t\t\t\t\t<h2 class=\"card-title h4 mb-3\"><a href=\"https:\/\/gruene-ov-stuttgart.de\/west\/verkehrsberuhigung-in-der-gaussstrasse\/\" rel=\"bookmark\">Verkehrsberuhigung in der Gau\u00dfstra\u00dfe<\/a><\/h2>\t\t\t\t\t<div class=\"entry-meta mb-3\">\n\t\t\t\t\t\t<span class=\"posted-on\"><time class=\"entry-date published\" datetime=\"2025-03-01T12:40:09+01:00\">1. M\u00e4rz 2025<\/time><time class=\"updated\" datetime=\"2025-03-28T15:09:14+01:00\">28. M\u00e4rz 2025<\/time><\/span>\t\t\t\t\t<\/div><!-- .entry-meta -->\n\t\t\t\t\t\t\t\t<\/header><!-- .entry-header -->\n\n\t\t\t<div class=\"entry-content\">\n\t\t\t\t<a href=\"https:\/\/gruene-ov-stuttgart.de\/west\/verkehrsberuhigung-in-der-gaussstrasse\/\" rel=\"bookmark\">\n\t\t\t\t<p>Der Verkehr in der Gau\u00dfstra\u00dfe nimmt seit mehr als zehn Jahren stetig zu. Die schmale Anwohnerstra\u00dfe wird oft als vermeintliche Abk\u00fcrzung in die Stadt genutzt. Zahllose Blechsch\u00e4den, abgefahrene Seitenspiegel und [&hellip;]<\/p>\n\t\t\t\t<\/a>\n\t\t\t<\/div><!-- .entry-content -->\n\n\t\t\t<footer class=\"entry-footer\">\n\t\t\t\t\t\t\t<div class=\"d-flex mt-2 mb-2\">\n\t\t\t\t\t\t\t\t<div>\n\t\t<span class=\"cat-links small\"><a href=\"https:\/\/gruene-ov-stuttgart.de\/west\/category\/aktuelles\/\" rel=\"category tag\">Aktuelles<\/a>, <a href=\"https:\/\/gruene-ov-stuttgart.de\/west\/category\/bezirksbeirat\/\" rel=\"category tag\">Bezirksbeirat<\/a><\/span>\n\t\t\t\t<\/div>\n\t\t\t<\/div>\n\t\t\n\t\t\t\t<div class=\"d-flex flex-row-reverse\">\n\t\t\t\t\t<a href=\"https:\/\/gruene-ov-stuttgart.de\/west\/verkehrsberuhigung-in-der-gaussstrasse\/\" rel=\"bookmark\" class=\"continue-reading\">\n\t\t\t\t\tweiterlesen\t\t\t\t<\/a>\n\t\t\t\t<\/div>\n\t\t\t<\/footer><!-- .entry-footer -->\n\t\t<\/div>\n\t<\/div>\n<\/article><!-- #post-2014 -->\n<\/div><div class=\"col-md-6\">\n<article id=\"post-2004\" class=\"bg-white mb-4 has-shadow post-2004 post type-post status-publish format-standard has-post-thumbnail hentry category-aktuelles\">\n\t<div class=\"\">\n\t\t\t\t\t<div class=\"\">\n\t\t\t\t<a href=\"https:\/\/gruene-ov-stuttgart.de\/west\/simone-fischer-fuer-den-bundestag\/\" aria-label=\"Post Thumbnail\" rel=\"bookmark\">\n\t\t\t\t\t\t\t\t<img loading=\"lazy\" decoding=\"async\" width=\"768\" height=\"765\" src=\"https:\/\/gruene-ov-stuttgart.de\/west\/wp-content\/uploads\/2025\/01\/GR-NE-HQ-1-768x765.jpg\" class=\"post-thumbnail wp-post-image\" alt=\"Simone Fischer f\u00fcr den Bundestag\" \/>\n\n\t\t\t\t\t\t\t<\/a>\n\t\t\t<\/div>\n\t\t\t\t\t<div class=\"p-45\">\n\t\t\t<header class=\"entry-header mb-2\">\n\t\t\t\t\t\t\t\t<h2 class=\"card-title h4 mb-3\"><a href=\"https:\/\/gruene-ov-stuttgart.de\/west\/simone-fischer-fuer-den-bundestag\/\" rel=\"bookmark\">Simone Fischer f\u00fcr den Bundestag<\/a><\/h2>\t\t\t\t\t<div class=\"entry-meta mb-3\">\n\t\t\t\t\t\t<span class=\"posted-on\"><time class=\"entry-date published\" datetime=\"2025-01-19T22:43:09+01:00\">19. Januar 2025<\/time><time class=\"updated\" datetime=\"2025-01-19T22:43:12+01:00\">19. Januar 2025<\/time><\/span>\t\t\t\t\t<\/div><!-- .entry-meta -->\n\t\t\t\t\t\t\t\t<\/header><!-- .entry-header -->\n\n\t\t\t<div class=\"entry-content\">\n\t\t\t\t<a href=\"https:\/\/gruene-ov-stuttgart.de\/west\/simone-fischer-fuer-den-bundestag\/\" rel=\"bookmark\">\n\t\t\t\t<p>Mit Simone Fischer haben wir eine starke Kandidatin f\u00fcr unseren Wahlkreis Stuttgart I. Seit 2021 ist Simone Fischer die Beauftragte der Landesregierung Baden-W\u00fcrttemberg f\u00fcr die Belange von Menschen mit Behinderungen. [&hellip;]<\/p>\n\t\t\t\t<\/a>\n\t\t\t<\/div><!-- .entry-content -->\n\n\t\t\t<footer class=\"entry-footer\">\n\t\t\t\t\t\t\t<div class=\"d-flex mt-2 mb-2\">\n\t\t\t\t\t\t\t\t<div>\n\t\t<span class=\"cat-links small\"><a href=\"https:\/\/gruene-ov-stuttgart.de\/west\/category\/aktuelles\/\" rel=\"category tag\">Aktuelles<\/a><\/span>\n\t\t\t\t<\/div>\n\t\t\t<\/div>\n\t\t\n\t\t\t\t<div class=\"d-flex flex-row-reverse\">\n\t\t\t\t\t<a href=\"https:\/\/gruene-ov-stuttgart.de\/west\/simone-fischer-fuer-den-bundestag\/\" rel=\"bookmark\" class=\"continue-reading\">\n\t\t\t\t\tweiterlesen\t\t\t\t<\/a>\n\t\t\t\t<\/div>\n\t\t\t<\/footer><!-- .entry-footer -->\n\t\t<\/div>\n\t<\/div>\n<\/article><!-- #post-2004 -->\n<\/div><div class=\"col-md-6\">\n<article id=\"post-1971\" class=\"bg-white mb-4 has-shadow post-1971 post type-post status-publish format-standard hentry category-aktuelles category-bezirksbeirat\">\n\t<div class=\"\">\n\t\t\t\t<div class=\"p-45\">\n\t\t\t<header class=\"entry-header mb-2\">\n\t\t\t\t\t\t\t\t<h2 class=\"card-title h4 mb-3\"><a href=\"https:\/\/gruene-ov-stuttgart.de\/west\/erste-schulstrasse-in-stuttgart-gefordert\/\" rel=\"bookmark\">Erste Schulstra\u00dfe in Stuttgart gefordert<\/a><\/h2>\t\t\t\t\t<div class=\"entry-meta mb-3\">\n\t\t\t\t\t\t<span class=\"posted-on\"><time class=\"entry-date published\" datetime=\"2024-12-17T06:30:10+01:00\">17. Dezember 2024<\/time><time class=\"updated\" datetime=\"2025-03-28T14:59:53+01:00\">28. M\u00e4rz 2025<\/time><\/span>\t\t\t\t\t<\/div><!-- .entry-meta -->\n\t\t\t\t\t\t\t\t<\/header><!-- .entry-header -->\n\n\t\t\t<div class=\"entry-content\">\n\t\t\t\t<a href=\"https:\/\/gruene-ov-stuttgart.de\/west\/erste-schulstrasse-in-stuttgart-gefordert\/\" rel=\"bookmark\">\n\t\t\t\t<p>Die Gr\u00fcnen im Bezirksbeirat Stuttgart West haben heute einen Antrag eingereicht, der die Einrichtung der ersten Schulstra\u00dfe in Stuttgart fordert. Nachdem Initiativen wie Kidical Mass und die Elterninitiative Macht Platz [&hellip;]<\/p>\n\t\t\t\t<\/a>\n\t\t\t<\/div><!-- .entry-content -->\n\n\t\t\t<footer class=\"entry-footer\">\n\t\t\t\t\t\t\t<div class=\"d-flex mt-2 mb-2\">\n\t\t\t\t\t\t\t\t<div>\n\t\t<span class=\"cat-links small\"><a href=\"https:\/\/gruene-ov-stuttgart.de\/west\/category\/aktuelles\/\" rel=\"category tag\">Aktuelles<\/a>, <a href=\"https:\/\/gruene-ov-stuttgart.de\/west\/category\/bezirksbeirat\/\" rel=\"category tag\">Bezirksbeirat<\/a><\/span>\n\t\t\t\t<\/div>\n\t\t\t<\/div>\n\t\t\n\t\t\t\t<div class=\"d-flex flex-row-reverse\">\n\t\t\t\t\t<a href=\"https:\/\/gruene-ov-stuttgart.de\/west\/erste-schulstrasse-in-stuttgart-gefordert\/\" rel=\"bookmark\" class=\"continue-reading\">\n\t\t\t\t\tweiterlesen\t\t\t\t<\/a>\n\t\t\t\t<\/div>\n\t\t\t<\/footer><!-- .entry-footer -->\n\t\t<\/div>\n\t<\/div>\n<\/article><!-- #post-1971 -->\n<\/div><div class=\"col-md-6\">\n<article id=\"post-1938\" class=\"bg-white mb-4 has-shadow post-1938 post type-post status-publish format-standard has-post-thumbnail hentry category-aktuelles category-ortsverband\">\n\t<div class=\"\">\n\t\t\t\t\t<div class=\"\">\n\t\t\t\t<a href=\"https:\/\/gruene-ov-stuttgart.de\/west\/neues-sprecherinnen-team-fuer-stuttgart-west\/\" aria-label=\"Post Thumbnail\" rel=\"bookmark\">\n\t\t\t\t\t\t\t\t<img loading=\"lazy\" decoding=\"async\" width=\"768\" height=\"462\" src=\"https:\/\/gruene-ov-stuttgart.de\/west\/wp-content\/uploads\/2024\/10\/OV-West-Sprecherteam-768x462.jpeg\" class=\"post-thumbnail wp-post-image\" alt=\"Neues SprecherInnen-Team f\u00fcr Stuttgart West\" \/>\n\n\t\t\t\t\t\t\t<\/a>\n\t\t\t<\/div>\n\t\t\t\t\t<div class=\"p-45\">\n\t\t\t<header class=\"entry-header mb-2\">\n\t\t\t\t\t\t\t\t<h2 class=\"card-title h4 mb-3\"><a href=\"https:\/\/gruene-ov-stuttgart.de\/west\/neues-sprecherinnen-team-fuer-stuttgart-west\/\" rel=\"bookmark\">Neues SprecherInnen-Team f\u00fcr Stuttgart West<\/a><\/h2>\t\t\t\t\t<div class=\"entry-meta mb-3\">\n\t\t\t\t\t\t<span class=\"posted-on\"><time class=\"entry-date published\" datetime=\"2024-10-20T21:11:17+02:00\">20. Oktober 2024<\/time><time class=\"updated\" datetime=\"2024-10-20T21:12:26+02:00\">20. Oktober 2024<\/time><\/span>\t\t\t\t\t<\/div><!-- .entry-meta -->\n\t\t\t\t\t\t\t\t<\/header><!-- .entry-header -->\n\n\t\t\t<div class=\"entry-content\">\n\t\t\t\t<a href=\"https:\/\/gruene-ov-stuttgart.de\/west\/neues-sprecherinnen-team-fuer-stuttgart-west\/\" rel=\"bookmark\">\n\t\t\t\t<p>Noch vor der Sommerpause hat unser OV bei der Jahreshauptversammlung neben den neuen Bezirksbeir\u00e4tinnen auch neue Sprecherinnen gew\u00e4hlt. Mit Sarah W\u00f6lfle und Jonas Prinzing haben auch zwei altbekannte Gesichter wieder [&hellip;]<\/p>\n\t\t\t\t<\/a>\n\t\t\t<\/div><!-- .entry-content -->\n\n\t\t\t<footer class=\"entry-footer\">\n\t\t\t\t\t\t\t<div class=\"d-flex mt-2 mb-2\">\n\t\t\t\t\t\t\t\t<div>\n\t\t<span class=\"cat-links small\"><a href=\"https:\/\/gruene-ov-stuttgart.de\/west\/category\/aktuelles\/\" rel=\"category tag\">Aktuelles<\/a>, <a href=\"https:\/\/gruene-ov-stuttgart.de\/west\/category\/ortsverband\/\" rel=\"category tag\">Ortsverband<\/a><\/span>\n\t\t\t\t<\/div>\n\t\t\t<\/div>\n\t\t\n\t\t\t\t<div class=\"d-flex flex-row-reverse\">\n\t\t\t\t\t<a href=\"https:\/\/gruene-ov-stuttgart.de\/west\/neues-sprecherinnen-team-fuer-stuttgart-west\/\" rel=\"bookmark\" class=\"continue-reading\">\n\t\t\t\t\tweiterlesen\t\t\t\t<\/a>\n\t\t\t\t<\/div>\n\t\t\t<\/footer><!-- .entry-footer -->\n\t\t<\/div>\n\t<\/div>\n<\/article><!-- #post-1938 -->\n<\/div>\n    <a class=\"text-white no-link d-block bg-primary has-green-550-hover-background-color border-radius\" href=\"https:\/\/gruene-ov-stuttgart.de\/west?post_type=post\" rel=\"\">\n        <div class=\"p-45 row\">\n        <span class=\"continue-reading text-white text-center pt-0\">zum Blog-Archiv<\/span>\n        <\/div>\n    <\/a>\n<\/div><\/div><\/div>","protected":false},"excerpt":{"rendered":"","protected":false},"author":14,"featured_media":0,"parent":0,"menu_order":0,"comment_status":"closed","ping_status":"closed","template":"","meta":{"footnotes":"","beyondwords_generate_audio":"","beyondwords_integration_method":"","beyondwords_project_id":"","beyondwords_content_id":"","beyondwords_preview_token":"","beyondwords_player_content":"","beyondwords_player_style":"","beyondwords_language_code":"","beyondwords_language_id":"","beyondwords_title_voice_id":"","beyondwords_body_voice_id":"","beyondwords_summary_voice_id":"","beyondwords_error_message":"","beyondwords_disabled":"","beyondwords_delete_content":"","beyondwords_podcast_id":"","beyondwords_hash":"","publish_post_to_speechkit":"","speechkit_hash":"","speechkit_generate_audio":"","speechkit_project_id":"","speechkit_podcast_id":"","speechkit_error_message":"","speechkit_disabled":"","speechkit_access_key":"","speechkit_error":"","speechkit_info":"","speechkit_response":"","speechkit_retries":"","speechkit_status":"","speechkit_updated_at":"","_speechkit_link":"","_speechkit_text":""},"class_list":["post-1607","page","type-page","status-publish","hentry"],"yoast_head":"<!-- This site is optimized with the Yoast SEO plugin v27.5 - https:\/\/yoast.com\/product\/yoast-seo-wordpress\/ -->\n<title>- Gr\u00fcne Stuttgart West<\/title>\n<meta name=\"description\" content=\"Willkommen bei B\u00fcndnis 90\/Die Gr\u00fcnen in Stuttgart West!\" \/>\n<meta name=\"robots\" content=\"index, follow, max-snippet:-1, max-image-preview:large, max-video-preview:-1\" \/>\n<link rel=\"canonical\" href=\"https:\/\/gruene-ov-stuttgart.de\/west\/\" \/>\n<meta property=\"og:locale\" content=\"de_DE\" \/>\n<meta property=\"og:type\" content=\"article\" \/>\n<meta property=\"og:title\" content=\"- Gr\u00fcne Stuttgart West\" \/>\n<meta property=\"og:description\" content=\"Willkommen bei B\u00fcndnis 90\/Die Gr\u00fcnen in Stuttgart West!\" \/>\n<meta property=\"og:url\" content=\"https:\/\/gruene-ov-stuttgart.de\/west\/\" \/>\n<meta property=\"og:site_name\" content=\"Gr\u00fcne Stuttgart West\" \/>\n<meta property=\"article:modified_time\" content=\"2024-02-28T09:00:29+00:00\" \/>\n<meta name=\"twitter:card\" content=\"summary_large_image\" \/>\n<script type=\"application\/ld+json\" class=\"yoast-schema-graph\">{\"@context\":\"https:\\\/\\\/schema.org\",\"@graph\":[{\"@type\":\"WebPage\",\"@id\":\"https:\\\/\\\/gruene-ov-stuttgart.de\\\/west\\\/\",\"url\":\"https:\\\/\\\/gruene-ov-stuttgart.de\\\/west\\\/\",\"name\":\"- Gr\u00fcne Stuttgart West\",\"isPartOf\":{\"@id\":\"https:\\\/\\\/gruene-ov-stuttgart.de\\\/west\\\/#website\"},\"datePublished\":\"2024-02-28T08:43:56+00:00\",\"dateModified\":\"2024-02-28T09:00:29+00:00\",\"description\":\"Willkommen bei B\u00fcndnis 90\\\/Die Gr\u00fcnen in Stuttgart West!\",\"inLanguage\":\"de\",\"potentialAction\":[{\"@type\":\"ReadAction\",\"target\":[\"https:\\\/\\\/gruene-ov-stuttgart.de\\\/west\\\/\"]}]},{\"@type\":\"WebSite\",\"@id\":\"https:\\\/\\\/gruene-ov-stuttgart.de\\\/west\\\/#website\",\"url\":\"https:\\\/\\\/gruene-ov-stuttgart.de\\\/west\\\/\",\"name\":\"Gr\u00fcne Stuttgart West\",\"description\":\"B\u00fcndnis 90\\\/DIE GR\u00dcNEN im Stuttgarter Westen\",\"potentialAction\":[{\"@type\":\"SearchAction\",\"target\":{\"@type\":\"EntryPoint\",\"urlTemplate\":\"https:\\\/\\\/gruene-ov-stuttgart.de\\\/west\\\/?s={search_term_string}\"},\"query-input\":{\"@type\":\"PropertyValueSpecification\",\"valueRequired\":true,\"valueName\":\"search_term_string\"}}],\"inLanguage\":\"de\"}]}<\/script>\n<!-- \/ Yoast SEO plugin. -->","yoast_head_json":{"title":"- Gr\u00fcne Stuttgart West","description":"Willkommen bei B\u00fcndnis 90\/Die Gr\u00fcnen in Stuttgart West!","robots":{"index":"index","follow":"follow","max-snippet":"max-snippet:-1","max-image-preview":"max-image-preview:large","max-video-preview":"max-video-preview:-1"},"canonical":"https:\/\/gruene-ov-stuttgart.de\/west\/","og_locale":"de_DE","og_type":"article","og_title":"- Gr\u00fcne Stuttgart West","og_description":"Willkommen bei B\u00fcndnis 90\/Die Gr\u00fcnen in Stuttgart West!","og_url":"https:\/\/gruene-ov-stuttgart.de\/west\/","og_site_name":"Gr\u00fcne Stuttgart West","article_modified_time":"2024-02-28T09:00:29+00:00","twitter_card":"summary_large_image","schema":{"@context":"https:\/\/schema.org","@graph":[{"@type":"WebPage","@id":"https:\/\/gruene-ov-stuttgart.de\/west\/","url":"https:\/\/gruene-ov-stuttgart.de\/west\/","name":"- Gr\u00fcne Stuttgart West","isPartOf":{"@id":"https:\/\/gruene-ov-stuttgart.de\/west\/#website"},"datePublished":"2024-02-28T08:43:56+00:00","dateModified":"2024-02-28T09:00:29+00:00","description":"Willkommen bei B\u00fcndnis 90\/Die Gr\u00fcnen in Stuttgart West!","inLanguage":"de","potentialAction":[{"@type":"ReadAction","target":["https:\/\/gruene-ov-stuttgart.de\/west\/"]}]},{"@type":"WebSite","@id":"https:\/\/gruene-ov-stuttgart.de\/west\/#website","url":"https:\/\/gruene-ov-stuttgart.de\/west\/","name":"Gr\u00fcne Stuttgart West","description":"B\u00fcndnis 90\/DIE GR\u00dcNEN im Stuttgarter Westen","potentialAction":[{"@type":"SearchAction","target":{"@type":"EntryPoint","urlTemplate":"https:\/\/gruene-ov-stuttgart.de\/west\/?s={search_term_string}"},"query-input":{"@type":"PropertyValueSpecification","valueRequired":true,"valueName":"search_term_string"}}],"inLanguage":"de"}]}},"_links":{"self":[{"href":"https:\/\/gruene-ov-stuttgart.de\/west\/wp-json\/wp\/v2\/pages\/1607","targetHints":{"allow":["GET"]}}],"collection":[{"href":"https:\/\/gruene-ov-stuttgart.de\/west\/wp-json\/wp\/v2\/pages"}],"about":[{"href":"https:\/\/gruene-ov-stuttgart.de\/west\/wp-json\/wp\/v2\/types\/page"}],"author":[{"embeddable":true,"href":"https:\/\/gruene-ov-stuttgart.de\/west\/wp-json\/wp\/v2\/users\/14"}],"replies":[{"embeddable":true,"href":"https:\/\/gruene-ov-stuttgart.de\/west\/wp-json\/wp\/v2\/comments?post=1607"}],"version-history":[{"count":4,"href":"https:\/\/gruene-ov-stuttgart.de\/west\/wp-json\/wp\/v2\/pages\/1607\/revisions"}],"predecessor-version":[{"id":1970,"href":"https:\/\/gruene-ov-stuttgart.de\/west\/wp-json\/wp\/v2\/pages\/1607\/revisions\/1970"}],"wp:attachment":[{"href":"https:\/\/gruene-ov-stuttgart.de\/west\/wp-json\/wp\/v2\/media?parent=1607"}],"curies":[{"name":"wp","href":"https:\/\/api.w.org\/{rel}","templated":true}]}}