{"id":51,"date":"2017-01-28T16:25:46","date_gmt":"2017-01-28T15:25:46","guid":{"rendered":"http:\/\/gruene-ov-stuttgart.de\/west\/?page_id=51"},"modified":"2024-01-18T21:39:28","modified_gmt":"2024-01-18T20:39:28","slug":"westgruen","status":"publish","type":"page","link":"https:\/\/gruene-ov-stuttgart.de\/west\/westgruen\/","title":{"rendered":"Westgr\u00fcn"},"content":{"rendered":"\n<p>Das Westgr\u00fcn ist eine Publikation der Gr\u00fcnen Bezirksbeiratsfraktion in Stuttgart West. Hierin informieren wir \u00fcber aktuelle Themen im Bezirk.<\/p>\n\n\n\n<h2 class=\"wp-block-heading\">Ausgabe 2022<\/h2>\n\n\n\n<figure class=\"wp-block-image size-large\"><a href=\"https:\/\/gruene-ov-stuttgart.de\/west\/wp-content\/uploads\/2023\/01\/westgruen-2022.pdf\"><img loading=\"lazy\" decoding=\"async\" width=\"800\" height=\"527\" src=\"https:\/\/gruene-ov-stuttgart.de\/west\/wp-content\/uploads\/2023\/01\/westgruen_thumbnail-800x527.png\" alt=\"westgruen\" class=\"wp-image-833\" srcset=\"https:\/\/gruene-ov-stuttgart.de\/west\/wp-content\/uploads\/2023\/01\/westgruen_thumbnail-800x527.png 800w, https:\/\/gruene-ov-stuttgart.de\/west\/wp-content\/uploads\/2023\/01\/westgruen_thumbnail-400x264.png 400w, https:\/\/gruene-ov-stuttgart.de\/west\/wp-content\/uploads\/2023\/01\/westgruen_thumbnail-768x506.png 768w, https:\/\/gruene-ov-stuttgart.de\/west\/wp-content\/uploads\/2023\/01\/westgruen_thumbnail.png 1180w\" sizes=\"auto, (max-width: 800px) 100vw, 800px\" \/><\/a><\/figure>\n\n\n\n<p>In der <a href=\"https:\/\/gruene-ov-stuttgart.de\/west\/wp-content\/uploads\/2023\/01\/westgruen-2022.pdf\" target=\"_blank\" rel=\"noreferrer noopener\">aktuellen Ausgabe<\/a> liegen die Themenschwerpunkte auf den Bereichen Mobilit\u00e4t neu denken, Energetische Sanierung von Geb\u00e4uden und einer blau-gr\u00fcnen Infrastruktur. Weiterf\u00fchrende Informationen hierzu haben wir in <a href=\"https:\/\/gruene-ov-stuttgart.de\/west\/neues-westgruen-veroeffentlicht\/\">diesem Beitrag<\/a> f\u00fcr Sie zusammen gestellt. Bei Fragen und Anregungen <a href=\"https:\/\/gruene-ov-stuttgart.de\/west\/kontakt\/\" target=\"_blank\" rel=\"noreferrer noopener\">kontaktieren<\/a> Sie uns gerne.<\/p>\n\n\n\n<h2 class=\"wp-block-heading\">Archiv<\/h2>\n\n\n\n<p>Hier finden Sie unsere vorherigen Publikationen aus den Jahren 2008 bis 2012.<\/p>\n\n\n\n<p><a href=\"https:\/\/gruene-ov-stuttgart.de\/west\/wp-content\/uploads\/2018\/02\/Westgruen-2012.pdf\" target=\"_blank\" rel=\"noopener\">Westgr\u00fcn 2012<\/a><\/p>\n\n\n\n<p><a href=\"https:\/\/gruene-ov-stuttgart.de\/west\/wp-content\/uploads\/2018\/02\/westgruen_2010.pdf\" target=\"_blank\" rel=\"noopener\">Westgr\u00fcn 2010<\/a><\/p>\n\n\n\n<p><a href=\"https:\/\/gruene-ov-stuttgart.de\/west\/wp-content\/uploads\/2018\/02\/westgruen_2008.pdf\" target=\"_blank\" rel=\"noopener\">Westgr\u00fcn 2008<\/a><\/p>\n","protected":false},"excerpt":{"rendered":"<p>Das Westgr\u00fcn ist eine Publikation der Gr\u00fcnen Bezirksbeiratsfraktion in Stuttgart West. Hierin informieren wir \u00fcber aktuelle Themen im Bezirk. Ausgabe 2022 In der aktuellen Ausgabe liegen die Themenschwerpunkte auf den [&hellip;]<\/p>\n","protected":false},"author":7,"featured_media":0,"parent":0,"menu_order":0,"comment_status":"closed","ping_status":"closed","template":"","meta":{"footnotes":"","beyondwords_generate_audio":"","beyondwords_integration_method":"","beyondwords_project_id":"","beyondwords_content_id":"","beyondwords_preview_token":"","beyondwords_player_content":"","beyondwords_player_style":"","beyondwords_language_code":"","beyondwords_language_id":"","beyondwords_title_voice_id":"","beyondwords_body_voice_id":"","beyondwords_summary_voice_id":"","beyondwords_error_message":"","beyondwords_disabled":"","beyondwords_delete_content":"","beyondwords_podcast_id":"","beyondwords_hash":"","publish_post_to_speechkit":"","speechkit_hash":"","speechkit_generate_audio":"","speechkit_project_id":"","speechkit_podcast_id":"","speechkit_error_message":"","speechkit_disabled":"","speechkit_access_key":"","speechkit_error":"","speechkit_info":"","speechkit_response":"","speechkit_retries":"","speechkit_status":"","speechkit_updated_at":"","_speechkit_link":"","_speechkit_text":""},"class_list":["post-51","page","type-page","status-publish","hentry"],"yoast_head":"<!-- This site is optimized with the Yoast SEO plugin v27.5 - https:\/\/yoast.com\/product\/yoast-seo-wordpress\/ -->\n<title>Westgr\u00fcn - Gr\u00fcne Stuttgart West<\/title>\n<meta name=\"description\" content=\"Westgr\u00fcn ist eine Publikation der Gr\u00fcnen Bezirksbeiratsfraktion in Stuttgart West. Hier informieren wir \u00fcber aktuelle Themen im Bezirk.\" \/>\n<meta name=\"robots\" content=\"index, follow, max-snippet:-1, max-image-preview:large, max-video-preview:-1\" \/>\n<link rel=\"canonical\" href=\"https:\/\/gruene-ov-stuttgart.de\/west\/westgruen\/\" \/>\n<meta property=\"og:locale\" content=\"de_DE\" \/>\n<meta property=\"og:type\" content=\"article\" \/>\n<meta property=\"og:title\" content=\"Westgr\u00fcn - Gr\u00fcne Stuttgart West\" \/>\n<meta property=\"og:description\" content=\"Westgr\u00fcn ist eine Publikation der Gr\u00fcnen Bezirksbeiratsfraktion in Stuttgart West. Hier informieren wir \u00fcber aktuelle Themen im Bezirk.\" \/>\n<meta property=\"og:url\" content=\"https:\/\/gruene-ov-stuttgart.de\/west\/westgruen\/\" \/>\n<meta property=\"og:site_name\" content=\"Gr\u00fcne Stuttgart West\" \/>\n<meta property=\"article:modified_time\" content=\"2024-01-18T20:39:28+00:00\" \/>\n<meta property=\"og:image\" content=\"https:\/\/gruene-ov-stuttgart.de\/west\/wp-content\/uploads\/2023\/01\/westgruen_thumbnail-800x527.png\" \/>\n<meta name=\"twitter:card\" content=\"summary_large_image\" \/>\n<script type=\"application\/ld+json\" class=\"yoast-schema-graph\">{\"@context\":\"https:\\\/\\\/schema.org\",\"@graph\":[{\"@type\":\"WebPage\",\"@id\":\"https:\\\/\\\/gruene-ov-stuttgart.de\\\/west\\\/westgruen\\\/\",\"url\":\"https:\\\/\\\/gruene-ov-stuttgart.de\\\/west\\\/westgruen\\\/\",\"name\":\"Westgr\u00fcn - Gr\u00fcne Stuttgart West\",\"isPartOf\":{\"@id\":\"https:\\\/\\\/gruene-ov-stuttgart.de\\\/west\\\/#website\"},\"primaryImageOfPage\":{\"@id\":\"https:\\\/\\\/gruene-ov-stuttgart.de\\\/west\\\/westgruen\\\/#primaryimage\"},\"image\":{\"@id\":\"https:\\\/\\\/gruene-ov-stuttgart.de\\\/west\\\/westgruen\\\/#primaryimage\"},\"thumbnailUrl\":\"https:\\\/\\\/gruene-ov-stuttgart.de\\\/west\\\/wp-content\\\/uploads\\\/2023\\\/01\\\/westgruen_thumbnail-800x527.png\",\"datePublished\":\"2017-01-28T15:25:46+00:00\",\"dateModified\":\"2024-01-18T20:39:28+00:00\",\"description\":\"Westgr\u00fcn ist eine Publikation der Gr\u00fcnen Bezirksbeiratsfraktion in Stuttgart West. Hier informieren wir \u00fcber aktuelle Themen im Bezirk.\",\"breadcrumb\":{\"@id\":\"https:\\\/\\\/gruene-ov-stuttgart.de\\\/west\\\/westgruen\\\/#breadcrumb\"},\"inLanguage\":\"de\",\"potentialAction\":[{\"@type\":\"ReadAction\",\"target\":[\"https:\\\/\\\/gruene-ov-stuttgart.de\\\/west\\\/westgruen\\\/\"]}]},{\"@type\":\"ImageObject\",\"inLanguage\":\"de\",\"@id\":\"https:\\\/\\\/gruene-ov-stuttgart.de\\\/west\\\/westgruen\\\/#primaryimage\",\"url\":\"https:\\\/\\\/gruene-ov-stuttgart.de\\\/west\\\/wp-content\\\/uploads\\\/2023\\\/01\\\/westgruen_thumbnail.png\",\"contentUrl\":\"https:\\\/\\\/gruene-ov-stuttgart.de\\\/west\\\/wp-content\\\/uploads\\\/2023\\\/01\\\/westgruen_thumbnail.png\",\"width\":1180,\"height\":778,\"caption\":\"Mobilit\u00e4t neu denken, Energetische Sanierung, Blau-gr\u00fcne Infrastruktur\"},{\"@type\":\"BreadcrumbList\",\"@id\":\"https:\\\/\\\/gruene-ov-stuttgart.de\\\/west\\\/westgruen\\\/#breadcrumb\",\"itemListElement\":[{\"@type\":\"ListItem\",\"position\":1,\"name\":\"Startseite\",\"item\":\"https:\\\/\\\/gruene-ov-stuttgart.de\\\/west\\\/\"},{\"@type\":\"ListItem\",\"position\":2,\"name\":\"Westgr\u00fcn\"}]},{\"@type\":\"WebSite\",\"@id\":\"https:\\\/\\\/gruene-ov-stuttgart.de\\\/west\\\/#website\",\"url\":\"https:\\\/\\\/gruene-ov-stuttgart.de\\\/west\\\/\",\"name\":\"Gr\u00fcne Stuttgart West\",\"description\":\"B\u00fcndnis 90\\\/DIE GR\u00dcNEN im Stuttgarter Westen\",\"potentialAction\":[{\"@type\":\"SearchAction\",\"target\":{\"@type\":\"EntryPoint\",\"urlTemplate\":\"https:\\\/\\\/gruene-ov-stuttgart.de\\\/west\\\/?s={search_term_string}\"},\"query-input\":{\"@type\":\"PropertyValueSpecification\",\"valueRequired\":true,\"valueName\":\"search_term_string\"}}],\"inLanguage\":\"de\"}]}<\/script>\n<!-- \/ Yoast SEO plugin. -->","yoast_head_json":{"title":"Westgr\u00fcn - Gr\u00fcne Stuttgart West","description":"Westgr\u00fcn ist eine Publikation der Gr\u00fcnen Bezirksbeiratsfraktion in Stuttgart West. Hier informieren wir \u00fcber aktuelle Themen im Bezirk.","robots":{"index":"index","follow":"follow","max-snippet":"max-snippet:-1","max-image-preview":"max-image-preview:large","max-video-preview":"max-video-preview:-1"},"canonical":"https:\/\/gruene-ov-stuttgart.de\/west\/westgruen\/","og_locale":"de_DE","og_type":"article","og_title":"Westgr\u00fcn - Gr\u00fcne Stuttgart West","og_description":"Westgr\u00fcn ist eine Publikation der Gr\u00fcnen Bezirksbeiratsfraktion in Stuttgart West. Hier informieren wir \u00fcber aktuelle Themen im Bezirk.","og_url":"https:\/\/gruene-ov-stuttgart.de\/west\/westgruen\/","og_site_name":"Gr\u00fcne Stuttgart West","article_modified_time":"2024-01-18T20:39:28+00:00","og_image":[{"url":"https:\/\/gruene-ov-stuttgart.de\/west\/wp-content\/uploads\/2023\/01\/westgruen_thumbnail-800x527.png","type":"","width":"","height":""}],"twitter_card":"summary_large_image","schema":{"@context":"https:\/\/schema.org","@graph":[{"@type":"WebPage","@id":"https:\/\/gruene-ov-stuttgart.de\/west\/westgruen\/","url":"https:\/\/gruene-ov-stuttgart.de\/west\/westgruen\/","name":"Westgr\u00fcn - Gr\u00fcne Stuttgart West","isPartOf":{"@id":"https:\/\/gruene-ov-stuttgart.de\/west\/#website"},"primaryImageOfPage":{"@id":"https:\/\/gruene-ov-stuttgart.de\/west\/westgruen\/#primaryimage"},"image":{"@id":"https:\/\/gruene-ov-stuttgart.de\/west\/westgruen\/#primaryimage"},"thumbnailUrl":"https:\/\/gruene-ov-stuttgart.de\/west\/wp-content\/uploads\/2023\/01\/westgruen_thumbnail-800x527.png","datePublished":"2017-01-28T15:25:46+00:00","dateModified":"2024-01-18T20:39:28+00:00","description":"Westgr\u00fcn ist eine Publikation der Gr\u00fcnen Bezirksbeiratsfraktion in Stuttgart West. Hier informieren wir \u00fcber aktuelle Themen im Bezirk.","breadcrumb":{"@id":"https:\/\/gruene-ov-stuttgart.de\/west\/westgruen\/#breadcrumb"},"inLanguage":"de","potentialAction":[{"@type":"ReadAction","target":["https:\/\/gruene-ov-stuttgart.de\/west\/westgruen\/"]}]},{"@type":"ImageObject","inLanguage":"de","@id":"https:\/\/gruene-ov-stuttgart.de\/west\/westgruen\/#primaryimage","url":"https:\/\/gruene-ov-stuttgart.de\/west\/wp-content\/uploads\/2023\/01\/westgruen_thumbnail.png","contentUrl":"https:\/\/gruene-ov-stuttgart.de\/west\/wp-content\/uploads\/2023\/01\/westgruen_thumbnail.png","width":1180,"height":778,"caption":"Mobilit\u00e4t neu denken, Energetische Sanierung, Blau-gr\u00fcne Infrastruktur"},{"@type":"BreadcrumbList","@id":"https:\/\/gruene-ov-stuttgart.de\/west\/westgruen\/#breadcrumb","itemListElement":[{"@type":"ListItem","position":1,"name":"Startseite","item":"https:\/\/gruene-ov-stuttgart.de\/west\/"},{"@type":"ListItem","position":2,"name":"Westgr\u00fcn"}]},{"@type":"WebSite","@id":"https:\/\/gruene-ov-stuttgart.de\/west\/#website","url":"https:\/\/gruene-ov-stuttgart.de\/west\/","name":"Gr\u00fcne Stuttgart West","description":"B\u00fcndnis 90\/DIE GR\u00dcNEN im Stuttgarter Westen","potentialAction":[{"@type":"SearchAction","target":{"@type":"EntryPoint","urlTemplate":"https:\/\/gruene-ov-stuttgart.de\/west\/?s={search_term_string}"},"query-input":{"@type":"PropertyValueSpecification","valueRequired":true,"valueName":"search_term_string"}}],"inLanguage":"de"}]}},"_links":{"self":[{"href":"https:\/\/gruene-ov-stuttgart.de\/west\/wp-json\/wp\/v2\/pages\/51","targetHints":{"allow":["GET"]}}],"collection":[{"href":"https:\/\/gruene-ov-stuttgart.de\/west\/wp-json\/wp\/v2\/pages"}],"about":[{"href":"https:\/\/gruene-ov-stuttgart.de\/west\/wp-json\/wp\/v2\/types\/page"}],"author":[{"embeddable":true,"href":"https:\/\/gruene-ov-stuttgart.de\/west\/wp-json\/wp\/v2\/users\/7"}],"replies":[{"embeddable":true,"href":"https:\/\/gruene-ov-stuttgart.de\/west\/wp-json\/wp\/v2\/comments?post=51"}],"version-history":[{"count":13,"href":"https:\/\/gruene-ov-stuttgart.de\/west\/wp-json\/wp\/v2\/pages\/51\/revisions"}],"predecessor-version":[{"id":1254,"href":"https:\/\/gruene-ov-stuttgart.de\/west\/wp-json\/wp\/v2\/pages\/51\/revisions\/1254"}],"wp:attachment":[{"href":"https:\/\/gruene-ov-stuttgart.de\/west\/wp-json\/wp\/v2\/media?parent=51"}],"curies":[{"name":"wp","href":"https:\/\/api.w.org\/{rel}","templated":true}]}}